{"id":3910,"date":"2013-11-01T17:24:07","date_gmt":"2013-11-01T16:24:07","guid":{"rendered":"http:\/\/www.tempsdepause.ch\/services\/?page_id=3910"},"modified":"2019-10-04T11:19:21","modified_gmt":"2019-10-04T09:19:21","slug":"papiers-hahnemuhle","status":"publish","type":"page","link":"https:\/\/www.tempsdepause.ch\/services\/services\/atelier-tirage-art-et-developpement-numerique\/papiers-hahnemuhle\/","title":{"rendered":"Papiers Hahnem\u00fchle"},"content":{"rendered":"<h2>Pr\u00e9sentation des papiers Hahnem\u00fchle que j\u2019ai choisi d\u2019utiliser pour mes impressions Beaux-Arts.<\/h2>\n<p><img decoding=\"async\" class=\"alignleft size-full wp-image-4381\" src=\"https:\/\/www.tempsdepause.ch\/services\/wp-content\/uploads\/2013\/11\/hm-logo.png\" alt=\"hm-logo\" width=\"360\" height=\"136\" \/><\/p>\n<p style=\"text-align: justify;\">La plus ancienne papeterie de l&rsquo;Allemagne, fabricant renomm\u00e9 du papier d&rsquo;art, unit la tradition \u00e0 la modernit\u00e9. Depuis plus de 420 ans Hahnem\u00fchle produit du papier de haute qualit\u00e9, destin\u00e9 pour toutes techniques de peinture et d&rsquo;impression.<\/p>\n<p style=\"text-align: justify;\">La gamme de papiers pour l\u2019impression FineArt est constitu\u00e9e de v\u00e9ritables papiers Beaux-Arts, avec un choix de grammages et de textures, ainsi que de diff\u00e9rents Canvas. Les photographes et les artistes utilisent ces supports FineArt, surfac\u00e9s sp\u00e9cialement pour l\u2019impression jet d\u2019encre haut-de-gamme, pour l\u2019impression de photographies exclusives et d\u2019\u0153uvres digitales, mais \u00e9galement pour la reproduction d\u2019\u0153uvres d\u2019art et d\u2019images, conform\u00e9ment aux standards de qualit\u00e9 des galeries et mus\u00e9es.<\/p>\n<p style=\"text-align: justify;\">Le partenariat avec les plus grands fabricants d\u2019imprimantes jet d\u2019encre garantit l\u2019utilisation des produits Hahnem\u00fchme sur toutes les imprimantes. La vari\u00e9t\u00e9 des textures, le toucher exceptionnel des papiers coton fabriqu\u00e9s sur forme ronde et les propri\u00e9t\u00e9s de conservation dans le temps sont uniques. De nombreuses r\u00e9compenses (TIPA, BIPP, American Photo) confirment la qualit\u00e9 exceptionnelle des produits Hahnem\u00fchle.<\/p>\n<p style=\"text-align: justify;\">J\u2019ai s\u00e9lectionn\u00e9 quelques beaux papiers FineArt de Hahnem\u00fchle pour de superbes tirages. Afin d\u2019obtenir des couleurs exactes, je r\u00e9alise mes propres profiles ICC avec un spectrom\u00e8tre i1 Photo Pro 2 de X-Rite. Mon choix, n\u2019est pas exhaustif, je tire volontiers sur le papier de votre choix.<\/p>\n<p><img decoding=\"async\" class=\"alignright size-full wp-image-4567\" src=\"https:\/\/www.tempsdepause.ch\/services\/wp-content\/uploads\/2014\/12\/Echantillion.png\" alt=\"Echantillion\" width=\"200\" height=\"225\" \/><\/p>\n<h3>Echantillons<\/h3>\n<p style=\"text-align: justify;\">Commander le Media Sampler afin de vous faire une id\u00e9e pr\u00e9cise des papiers Hahnem\u00fchle. <a title=\"Media Simpler Hahnem\u00fchle\" href=\"https:\/\/www.tempsdepause.ch\/services\/produit\/hahnemuhle-media-sampler\">Un choix de 26 papiers et canevas de la collection Digital FineArt pour 5.- est disponible ici.<\/a><\/p>\n<div class=\"divider_line\"><\/div>\n<img decoding=\"async\" class=\"alignright size-full wp-image-3913\" src=\"https:\/\/www.tempsdepause.ch\/services\/wp-content\/uploads\/2013\/11\/hahnemuhle-baryta315_4.jpg\" alt=\"hahnemuhle-baryta315_4\" width=\"265\" height=\"265\" srcset=\"https:\/\/www.tempsdepause.ch\/services\/wp-content\/uploads\/2013\/11\/hahnemuhle-baryta315_4.jpg 265w, https:\/\/www.tempsdepause.ch\/services\/wp-content\/uploads\/2013\/11\/hahnemuhle-baryta315_4-150x150.jpg 150w, https:\/\/www.tempsdepause.ch\/services\/wp-content\/uploads\/2013\/11\/hahnemuhle-baryta315_4-91x91.jpg 91w\" sizes=\"(max-width: 265px) 100vw, 265px\" \/><\/p>\n<h3>Papier Hahnem\u00fchle Photo Rag Baryta<\/h3>\n<p>315 g\/m\u00b2 &#8211; 100% Coton &#8211; blanc &#8211; extra brillant &#8211; id\u00e9al pour les portraits<\/p>\n<p style=\"text-align: justify;\">\u00a0Photo Rag Baryta est la symbiose exclusive des qualit\u00e9s d\u2019un papier d\u2019art coton et de celles d\u2019une carte baryt\u00e9e classique. La surface tr\u00e8s fine au brillant baryt\u00e9 rend les portraits particuli\u00e8rement expressifs.<\/p>\n<p>Opacit\u00e9 :97%<br \/>\nBlancheur : 91%<\/p>\n<p><a title=\"HFA_Eps9900_PK_PRBaryta.icc\" href=\"http:\/\/www.tempsdepause.ch\/uploads\/Profiles_icc\/HFA_Eps9900_PK_PRBaryta.zip\"><img decoding=\"async\" class=\"alignnone size-full wp-image-3931\" src=\"https:\/\/www.tempsdepause.ch\/services\/wp-content\/uploads\/2013\/11\/bticc.png\" alt=\"Download profil ICC\" width=\"17\" height=\"20\" \/> Profil ICC <\/a><\/p>\n<div class=\"divider_line\"><\/div>\n<img decoding=\"async\" class=\"alignright size-full wp-image-3915\" src=\"https:\/\/www.tempsdepause.ch\/services\/wp-content\/uploads\/2013\/11\/hahnemuhle_barytafb_3.jpg\" alt=\"hahnemuhle_barytafb_3\" width=\"265\" height=\"265\" srcset=\"https:\/\/www.tempsdepause.ch\/services\/wp-content\/uploads\/2013\/11\/hahnemuhle_barytafb_3.jpg 265w, https:\/\/www.tempsdepause.ch\/services\/wp-content\/uploads\/2013\/11\/hahnemuhle_barytafb_3-150x150.jpg 150w, https:\/\/www.tempsdepause.ch\/services\/wp-content\/uploads\/2013\/11\/hahnemuhle_barytafb_3-91x91.jpg 91w\" sizes=\"(max-width: 265px) 100vw, 265px\" \/><\/p>\n<h3>Papier Hahnem\u00fchle FineArt Baryta<\/h3>\n<p>325 g\/m\u00b2 &#8211; 100% Aplha-Cellulose &#8211; extra blanc &#8211; extra brillant &#8211; L&rsquo;excellence pour l&rsquo;impression en noir &amp; blanc.<\/p>\n<p style=\"text-align: justify;\">\u00a0FineArt Baryta est un papier qui repousse encore plus loin les standards en termes d\u2019intensit\u00e9 de couleurs, de valeurs tonales et de d\u00e9finition et emporte l\u2019adh\u00e9sion en particulier pour les impressions en noir &amp; blanc avec un indice de densit\u00e9 extr\u00eamement \u00e9lev\u00e9 et les plus d\u00e9licates nuances de gris. L\u2019emploi de sulfate de baryum dans l\u2019enduction procure un brillant r\u00e9fl\u00e9chissant caract\u00e9ristique qui fait de ce papier une v\u00e9ritable alternative au papier baryt\u00e9 traditionnellement utilis\u00e9 pour les tirages argentiques.<\/p>\n<p>Opacit\u00e9 :98%<br \/>\nBlancheur : 103%<\/p>\n<p><a title=\"HFA_Eps9900_PK_FABaryta.icc\" href=\"http:\/\/www.tempsdepause.ch\/uploads\/Profiles_icc\/HFA_Eps9900_PK_FABaryta.icc.zip\"><img decoding=\"async\" class=\"alignnone size-full wp-image-3931\" src=\"https:\/\/www.tempsdepause.ch\/services\/wp-content\/uploads\/2013\/11\/bticc.png\" alt=\"Download profil ICC\" width=\"17\" height=\"20\" \/> Profil ICC <\/a><\/p>\n<div class=\"divider_line\"><\/div>\n<img decoding=\"async\" class=\"alignright size-full wp-image-3915\" src=\"https:\/\/www.tempsdepause.ch\/services\/wp-content\/uploads\/2013\/11\/hahnemuhle_barytafb_3.jpg\" alt=\"hahnemuhle_barytafb_3\" width=\"265\" height=\"265\" srcset=\"https:\/\/www.tempsdepause.ch\/services\/wp-content\/uploads\/2013\/11\/hahnemuhle_barytafb_3.jpg 265w, https:\/\/www.tempsdepause.ch\/services\/wp-content\/uploads\/2013\/11\/hahnemuhle_barytafb_3-150x150.jpg 150w, https:\/\/www.tempsdepause.ch\/services\/wp-content\/uploads\/2013\/11\/hahnemuhle_barytafb_3-91x91.jpg 91w\" sizes=\"(max-width: 265px) 100vw, 265px\" \/><\/p>\n<h3>* Papier Hahnem\u00fchle Glossy FineArt Baryta FB<\/h3>\n<p>350 g\/m\u00b2 &#8211; 100% Aplha-Cellulose &#8211; extra blanc &#8211; brillant<br \/>\nBaryta FB correspond point par point aux caract\u00e9ristiques du papier baryt\u00e9 traditionnel.<\/p>\n<p style=\"text-align: justify;\">\u00a0Par sa blancheur intense et par sa texture extr\u00eamement lisse et brillante, Baryta FB correspond point par point aux caract\u00e9ristiques du papier baryt\u00e9 traditionnel. Cette similitude est renforc\u00e9e par le grammage tr\u00e8s \u00e9lev\u00e9 de 350 g\/m\u00b2. A l\u2018instar d&rsquo;une v\u00e9ritable carte baryt\u00e9, Baryta FB offre les plus hauts standards en termes de qualit\u00e9 de tirage et de long\u00e9vit\u00e9.<\/p>\n<p>Blancheur : 104%<\/p>\n<p><a title=\"HFA_Eps9900_PK_BarytaFB.icc\" href=\"http:\/\/www.tempsdepause.ch\/uploads\/Profiles_icc\/HFA_Eps9900_PK_BarytaFB.icc.zip\"><img decoding=\"async\" class=\"alignnone size-full wp-image-3931\" src=\"https:\/\/www.tempsdepause.ch\/services\/wp-content\/uploads\/2013\/11\/bticc.png\" alt=\"Download profil ICC\" width=\"17\" height=\"20\" \/> Profil ICC <\/a><\/p>\n<div class=\"divider_line\"><\/div>\n<img decoding=\"async\" class=\"alignright size-full wp-image-3918\" src=\"https:\/\/www.tempsdepause.ch\/services\/wp-content\/uploads\/2013\/11\/hahnemulhe-daguerre_3.jpg\" alt=\"hahnemulhe-daguerre_3\" width=\"265\" height=\"265\" srcset=\"https:\/\/www.tempsdepause.ch\/services\/wp-content\/uploads\/2013\/11\/hahnemulhe-daguerre_3.jpg 265w, https:\/\/www.tempsdepause.ch\/services\/wp-content\/uploads\/2013\/11\/hahnemulhe-daguerre_3-150x150.jpg 150w, https:\/\/www.tempsdepause.ch\/services\/wp-content\/uploads\/2013\/11\/hahnemulhe-daguerre_3-91x91.jpg 91w\" sizes=\"(max-width: 265px) 100vw, 265px\" \/><\/p>\n<h3>Papier Hahnem\u00fchle Daguerre Canvas<\/h3>\n<p>400 g\/m\u00b2 &#8211; 100% poly-coton &#8211; extra blanc mat &#8211; un canvas tr\u00e8s blanc pour obtenir des couleurs vives.<\/p>\n<p style=\"text-align: justify;\">\u00a0Avec une structure de trame tr\u00e8s fine, Daguerre Canvas convient tout particuli\u00e8rement \u00e0 l\u2019impression des photographies d\u2019art. Son degr\u00e9 tr\u00e8s \u00e9lev\u00e9 de blancheur permet d\u2019obtenir des couleurs vives et franches et des images noir &amp; blanc tr\u00e8s contrast\u00e9es. Le grammage \u00e9lev\u00e9 permet un excellent comportement \u00e0 l\u2019\u00e9tirement, m\u00eame des grands formats.<\/p>\n<p>Blancheur : 101%<\/p>\n<p><a title=\"HFA_Eps9900_MK_DaguerreCanvas.icc\" href=\"http:\/\/www.tempsdepause.ch\/uploads\/Profiles_icc\/HFA_Eps9900_MK_DaguerreCanvas.icc.zip\"><img decoding=\"async\" class=\"alignnone size-full wp-image-3931\" src=\"https:\/\/www.tempsdepause.ch\/services\/wp-content\/uploads\/2013\/11\/bticc.png\" alt=\"Download profil ICC\" width=\"17\" height=\"20\" \/> Profil ICC <\/a><\/p>\n<div class=\"divider_line\"><\/div>\n<img decoding=\"async\" class=\"alignright size-full wp-image-3919\" src=\"https:\/\/www.tempsdepause.ch\/services\/wp-content\/uploads\/2013\/11\/hahnemuhle-ultrasmooth_4.jpg\" alt=\"hahnemuhle-ultrasmooth_4\" width=\"265\" height=\"265\" srcset=\"https:\/\/www.tempsdepause.ch\/services\/wp-content\/uploads\/2013\/11\/hahnemuhle-ultrasmooth_4.jpg 265w, https:\/\/www.tempsdepause.ch\/services\/wp-content\/uploads\/2013\/11\/hahnemuhle-ultrasmooth_4-150x150.jpg 150w, https:\/\/www.tempsdepause.ch\/services\/wp-content\/uploads\/2013\/11\/hahnemuhle-ultrasmooth_4-91x91.jpg 91w\" sizes=\"(max-width: 265px) 100vw, 265px\" \/><\/p>\n<h3>* Papier Hahnem\u00fchle Photo Rag Ultra Smooth<\/h3>\n<p>305 g\/m\u00b2 &#8211; 100% Coton &#8211; blanc &#8211; texture tr\u00e8s fine.<\/p>\n<p style=\"text-align: justify;\">\u00a0La surface tr\u00e8s lisse de Photo Rag Ultra Smooth int\u00e9resse particuli\u00e8rement les utilisateurs souhaitant associer la qualit\u00e9 d\u2019impression du Photo Rag \u00e0 une texture plus fine et une blancheur plus \u00e9clatante.<\/p>\n<p>Blancheur : 94%<\/p>\n<p><a title=\"HFA_Eps9900_MK_PRUltraSmooth.icc\" href=\"http:\/\/www.tempsdepause.ch\/uploads\/Profiles_icc\/HFA_Eps9900_MK_PRUltraSmooth.icc.zip\"><img decoding=\"async\" class=\"alignnone size-full wp-image-3931\" src=\"https:\/\/www.tempsdepause.ch\/services\/wp-content\/uploads\/2013\/11\/bticc.png\" alt=\"Download profil ICC\" width=\"17\" height=\"20\" \/> Profil ICC <\/a><\/p>\n<div class=\"divider_line\"><\/div>\n<img decoding=\"async\" class=\"alignright size-full wp-image-3922\" src=\"https:\/\/www.tempsdepause.ch\/services\/wp-content\/uploads\/2013\/11\/hahnemuhle-photorag_13.jpg\" alt=\"hahnemuhle-photorag_13\" width=\"265\" height=\"265\" srcset=\"https:\/\/www.tempsdepause.ch\/services\/wp-content\/uploads\/2013\/11\/hahnemuhle-photorag_13.jpg 265w, https:\/\/www.tempsdepause.ch\/services\/wp-content\/uploads\/2013\/11\/hahnemuhle-photorag_13-150x150.jpg 150w, https:\/\/www.tempsdepause.ch\/services\/wp-content\/uploads\/2013\/11\/hahnemuhle-photorag_13-91x91.jpg 91w\" sizes=\"(max-width: 265px) 100vw, 265px\" \/><\/p>\n<h3>Papier Hahnem\u00fchle Photo Rag<\/h3>\n<p>308 g\/m\u00b2 &#8211; 100% Coton &#8211; blanc &#8211; le papier pr\u00e9f\u00e9r\u00e9 des photographes pour la r\u00e9alisation de tirages d\u2019art.<\/p>\n<p style=\"text-align: justify;\">Photo Rag est le papier pr\u00e9f\u00e9r\u00e9 des photographes pour la r\u00e9alisation de tirages d\u2019art. Le toucher et la structure superficielle tr\u00e8s fine et souple du Photo Rag sont versatiles et conviennent ainsi remarquablement au tirage de photos noir &amp; blanc et couleurs, ainsi que pour la reproduction d\u2019\u0153uvres d\u2019art avec une grande profondeur d\u2019image.<\/p>\n<p>Blancheur : 92.5%<\/p>\n<p><a title=\"HFA_Eps9900_MK_PhotoRag.icc\" href=\"http:\/\/www.tempsdepause.ch\/uploads\/Profiles_icc\/HFA_Eps9900_MK_PhotoRag.icc.zip\"><img decoding=\"async\" class=\"alignnone size-full wp-image-3931\" src=\"https:\/\/www.tempsdepause.ch\/services\/wp-content\/uploads\/2013\/11\/bticc.png\" alt=\"Download profil ICC\" width=\"17\" height=\"20\" \/> Profil ICC <\/a><\/p>\n<div class=\"divider_line\"><\/div>\n<img decoding=\"async\" class=\"alignright size-full wp-image-3921\" src=\"https:\/\/www.tempsdepause.ch\/services\/wp-content\/uploads\/2013\/11\/hahnemuhle-ragsatin310_2.jpg\" alt=\"hahnemuhle-ragsatin310_2\" width=\"265\" height=\"265\" srcset=\"https:\/\/www.tempsdepause.ch\/services\/wp-content\/uploads\/2013\/11\/hahnemuhle-ragsatin310_2.jpg 265w, https:\/\/www.tempsdepause.ch\/services\/wp-content\/uploads\/2013\/11\/hahnemuhle-ragsatin310_2-150x150.jpg 150w, https:\/\/www.tempsdepause.ch\/services\/wp-content\/uploads\/2013\/11\/hahnemuhle-ragsatin310_2-91x91.jpg 91w\" sizes=\"(max-width: 265px) 100vw, 265px\" \/><\/p>\n<h3>Papier Hahnem\u00fchle Photo Rag Satin<\/h3>\n<p>310 g\/m\u00b2 &#8211; 100% Coton &#8211; mat soyeux &#8211; pour un \u00e9clat satin\u00e9.<\/p>\n<p style=\"text-align: justify;\">Photo Rag Satin conf\u00e8re aux \u0153uvres d\u2019art et aux photographies imprim\u00e9es un \u00e9clat satin\u00e9. Les effets r\u00e9fl\u00e9chissants et brillants sont particuli\u00e8rement mis en \u00e9vidence. Les zones non imprim\u00e9es restent mates.<\/p>\n<p>Opacit\u00e9 :99%<br \/>\nBlancheur : 92%<\/p>\n<p><a title=\"HFA_Eps9900_MK_PRSatin.icc\" href=\"http:\/\/www.tempsdepause.ch\/uploads\/Profiles_icc\/HFA_Eps9900_MK_PRSatin.icc.zip\"><img decoding=\"async\" class=\"alignnone size-full wp-image-3931\" src=\"https:\/\/www.tempsdepause.ch\/services\/wp-content\/uploads\/2013\/11\/bticc.png\" alt=\"Download profil ICC\" width=\"17\" height=\"20\" \/> Profil ICC <\/a><\/p>\n<div class=\"divider_line\"><\/div>\n<img decoding=\"async\" class=\"alignright size-full wp-image-3923\" src=\"https:\/\/www.tempsdepause.ch\/services\/wp-content\/uploads\/2013\/11\/hahnemuhle-photoragduo_2.jpg\" alt=\"hahnemuhle-photoragduo_2\" width=\"265\" height=\"265\" srcset=\"https:\/\/www.tempsdepause.ch\/services\/wp-content\/uploads\/2013\/11\/hahnemuhle-photoragduo_2.jpg 265w, https:\/\/www.tempsdepause.ch\/services\/wp-content\/uploads\/2013\/11\/hahnemuhle-photoragduo_2-150x150.jpg 150w, https:\/\/www.tempsdepause.ch\/services\/wp-content\/uploads\/2013\/11\/hahnemuhle-photoragduo_2-91x91.jpg 91w\" sizes=\"(max-width: 265px) 100vw, 265px\" \/><\/p>\n<h3>Papier Hahnem\u00fchle Photo Rag Duo<\/h3>\n<p>276 g\/m\u00b2 &#8211; 100% Coton &#8211; blanc traitement 2 faces A3+ (329&#215;482)<br \/>\nId\u00e9al pour les portfolios et les albums photos.<\/p>\n<p style=\"text-align: justify;\">Photo Rag Duo permet une impression recto\/verso sur la qualit\u00e9 Photo Rag, un papier particuli\u00e8rement appr\u00e9ci\u00e9 des photographes. Il est ainsi parfaitement adapt\u00e9 la r\u00e9alisation portfolios et d\u2018albums photos.<\/p>\n<p>Blancheur : 92.5%<\/p>\n<p><a title=\"HFA_Eps9900_MK_PRDuo.icc\" href=\"http:\/\/www.tempsdepause.ch\/uploads\/Profiles_icc\/HFA_Eps9900_MK_PRDuo.zip\"><img decoding=\"async\" class=\"alignnone size-full wp-image-3931\" src=\"https:\/\/www.tempsdepause.ch\/services\/wp-content\/uploads\/2013\/11\/bticc.png\" alt=\"Download profil ICC\" width=\"17\" height=\"20\" \/> Profil ICC <\/a><\/p>\n<p>&nbsp;<\/p>\n<h3>Coffret Premium Hahnem\u00fchle Photo Rag 308g A3+ 50 feuilles + gants + 5 certificats<\/h3>\n<p style=\"text-align: justify;\">Chaque coffret contient 50 feuilles A3+ (329&#215;483 mm) de l\u2019un des papiers, une paire de gants pour la manipulation ainsi que 5 certificats d\u2019authenticit\u00e9 avec leurs hologrammes num\u00e9rot\u00e9s. Ces \u00e9l\u00e9gants coffrets noir, qualit\u00e9 archive, peuvent servir de portfolio. Ils sont fabriqu\u00e9s en exclusivit\u00e9 pour Hahnem\u00fchle par Prat, Paris.<\/p>\n<div class=\"divider top\"><a href=\"#\">Haut<\/a><\/div>\n<p><img decoding=\"async\" class=\"alignright size-full wp-image-4383\" src=\"https:\/\/www.tempsdepause.ch\/services\/wp-content\/uploads\/2013\/11\/SprayHahnemuhle.png\" alt=\"SprayHahnemuhle\" width=\"94\" height=\"283\" \/><\/p>\n<h3>Hahnem\u00fchle Protective Spray<\/h3>\n<p style=\"text-align: justify;\">Le spray de protection Hahnem\u00fchle offre une protection excellente pour vos pr\u00e9cieuses images imprim\u00e9es \u00e0 l\u2019encre. Cet a\u00e9rosol sans odeur enduit les surfaces imprim\u00e9es et les prot\u00e8ge contre la salissure, les traces des doigts et l\u2019humidit\u00e9. Il renforce la r\u00e9sistance contre l\u2019action de l\u2019eau et prot\u00e8ge les images contre la d\u00e9coloration sous l\u2019effet des rayons ultraviolets.<\/p>\n<p>\u2028\u2028Le spray de protection s\u00e8che rapidement et ne jaunit pas. Comme il est compl\u00e8tement transparent, il n\u2019a pas d\u2019impact sur la couleur d\u2019origine du papier.<\/p>\n<p><a title=\"Spray de protection\" href=\"https:\/\/www.tempsdepause.ch\/services\/produit\/hahnemuhle-protective-spray\">Commander un spray de protection<\/a><br \/>\n<div class=\"divider top\"><a href=\"#\">Haut<\/a><\/div><img decoding=\"async\" class=\"aligncenter size-full wp-image-4573\" src=\"https:\/\/www.tempsdepause.ch\/services\/wp-content\/uploads\/2014\/12\/IMG_1826.png\" alt=\"IMG_1826\" width=\"450\" height=\"600\" \/><\/p>\n<h3>Hahnem\u00fchle FineArt InkJet Paper<\/h3>\n<p style=\"text-align: justify;\">Ce catalogue au format A5 pr\u00e9sente l&rsquo;ensemble de la collection des papiers Digital FineArt, imprim\u00e9 chacun, d&rsquo;une image adapt\u00e9e \u00e0 la texture du papier FineArt. Indispensable pour faire le bon choix avec ces magnifiques exemples. <a title=\"Catalogue\" href=\"https:\/\/www.tempsdepause.ch\/services\/produit\/catalogue-hahnemuhle-dexemple-imprime\">Vous pouvez le commander ici,<\/a> mais pourquoi pas venir le consulter chez moi en buvant un bon caf\u00e9 ?<\/p>\n<p style=\"text-align: justify;\"><div class=\"divider top\"><a href=\"#\">Haut<\/a><\/div>\n","protected":false},"excerpt":{"rendered":"<p>Pr\u00e9sentation des papiers Hahnem\u00fchle que j\u2019ai choisi d\u2019utiliser pour mes impressions Beaux-Arts. La plus ancienne papeterie de l&rsquo;Allemagne, fabricant renomm\u00e9 du papier d&rsquo;art, unit la tradition \u00e0 la modernit\u00e9. Depuis plus de 420 ans Hahnem\u00fchle produit du papier de haute qualit\u00e9, destin\u00e9 pour toutes techniques de peinture et d&rsquo;impression. La gamme de papiers pour l\u2019impression &#8230;<\/p>\n","protected":false},"author":1,"featured_media":0,"parent":3891,"menu_order":0,"comment_status":"open","ping_status":"open","template":"","meta":{"footnotes":""},"class_list":["post-3910","page","type-page","status-publish","hentry"],"aioseo_notices":[],"_links":{"self":[{"href":"https:\/\/www.tempsdepause.ch\/services\/wp-json\/wp\/v2\/pages\/3910","targetHints":{"allow":["GET"]}}],"collection":[{"href":"https:\/\/www.tempsdepause.ch\/services\/wp-json\/wp\/v2\/pages"}],"about":[{"href":"https:\/\/www.tempsdepause.ch\/services\/wp-json\/wp\/v2\/types\/page"}],"author":[{"embeddable":true,"href":"https:\/\/www.tempsdepause.ch\/services\/wp-json\/wp\/v2\/users\/1"}],"replies":[{"embeddable":true,"href":"https:\/\/www.tempsdepause.ch\/services\/wp-json\/wp\/v2\/comments?post=3910"}],"version-history":[{"count":1,"href":"https:\/\/www.tempsdepause.ch\/services\/wp-json\/wp\/v2\/pages\/3910\/revisions"}],"predecessor-version":[{"id":6675,"href":"https:\/\/www.tempsdepause.ch\/services\/wp-json\/wp\/v2\/pages\/3910\/revisions\/6675"}],"up":[{"embeddable":true,"href":"https:\/\/www.tempsdepause.ch\/services\/wp-json\/wp\/v2\/pages\/3891"}],"wp:attachment":[{"href":"https:\/\/www.tempsdepause.ch\/services\/wp-json\/wp\/v2\/media?parent=3910"}],"curies":[{"name":"wp","href":"https:\/\/api.w.org\/{rel}","templated":true}]}}