{"id":3872,"date":"2013-10-12T18:25:35","date_gmt":"2013-10-12T16:25:35","guid":{"rendered":"http:\/\/www.tempsdepause.ch\/services\/?page_id=3872"},"modified":"2013-10-14T10:13:31","modified_gmt":"2013-10-14T08:13:31","slug":"affut-flottant-genial","status":"publish","type":"page","link":"https:\/\/www.tempsdepause.ch\/services\/services\/stages-formations\/techniquement-parlant\/affut-flottant-genial\/","title":{"rendered":"Aff\u00fbt flottant g\u00e9nial"},"content":{"rendered":"<p><img decoding=\"async\" class=\"alignnone size-full wp-image-3731\" alt=\"logo_techniquement\" src=\"https:\/\/www.tempsdepause.ch\/services\/wp-content\/uploads\/2013\/10\/logo_techniquement.png\" width=\"860\" height=\"130\" srcset=\"https:\/\/www.tempsdepause.ch\/services\/wp-content\/uploads\/2013\/10\/logo_techniquement.png 860w, https:\/\/www.tempsdepause.ch\/services\/wp-content\/uploads\/2013\/10\/logo_techniquement-600x90.png 600w\" sizes=\"(max-width: 860px) 100vw, 860px\" \/><\/p>\n<h1 style=\"text-align: center;\">Un aff\u00fbt flottant original<\/h1>\n<p style=\"text-align: justify;\"><div class=\"dropcap4 gray\"><p class=\"dropcap4_inner\">I<\/p><\/div>maginez un aff\u00fbt flottant l\u00e9ger que l\u2019on porte au dos comme un sac de randonn\u00e9e. Imaginez que cet aff\u00fbt rentre dans un petit sac de sport pour prendre l\u2019avion&#8230; Bien, c\u2019\u00e9tait mon cahier des charges. Partant de l\u00e0, la solution devait \u00eatre r\u00e9alisable sans outillage sp\u00e9cifique, car un seul aff\u00fbt flottant serait produit. Donc la premi\u00e8re id\u00e9e de faire un mini zodiac n\u2019est h\u00e9las pas r\u00e9aliste. Il fallait trouver une solution plus facile \u00e0 r\u00e9aliser. Donc, pas de planche lourde et volumineuse, la solution doit \u00eatre pliable.<\/p>\n<p style=\"text-align: justify;\">Une solution me parut \u00e9vidente, je vais ouvrir mon tr\u00e9pied et l\u2019installer sur des bou\u00e9es de battage pour bateau. Rien de plus simple, je r\u00e9unis trois bou\u00e9es en triangle r\u00e9unies dans les angles par des coudes inox pr\u00e9vus pour les installations d\u2019eau sanitaire. Sur ces coudes, le tr\u00e9pied est simplement attach\u00e9. Et pour combler l\u2019espace entre les bou\u00e9es, j\u2019ai cousu une toile qui permet ainsi de disposer d\u2019un panier sous le tr\u00e9pied. Voil\u00e0, la partie flottante fut r\u00e9alis\u00e9e facilement. Maintenant au tour de l\u2019aff\u00fbt qui doit \u00e9galement \u00eatre pliable et facile \u00e0 installer en une minute. <\/p>\n<p><img decoding=\"async\" src=\"https:\/\/www.tempsdepause.ch\/services\/wp-content\/uploads\/2013\/10\/affut.png\" alt=\"affut\" width=\"900\" height=\"700\" class=\"aligncenter size-full wp-image-3874\" srcset=\"https:\/\/www.tempsdepause.ch\/services\/wp-content\/uploads\/2013\/10\/affut.png 900w, https:\/\/www.tempsdepause.ch\/services\/wp-content\/uploads\/2013\/10\/affut-600x466.png 600w\" sizes=\"(max-width: 900px) 100vw, 900px\" \/><\/p>\n<p style=\"text-align: justify;\">Une petite appr\u00e9hension lors de la mise \u00e0 l\u2019eau avec tout de m\u00eame 20\u2019000 frs de mat\u00e9riel n\u2019aimant pas l\u2019eau! Il faudrait que je me d\u00e9cide \u00e0 faire une assurance&#8230; Mais, aucun probl\u00e8me l\u2019aff\u00fbt est parfait, je peux m\u00eame m\u2019appuyer dessus pour me d\u00e9senvaser lorsque mes bottes s\u2019enfoncent profond\u00e9ment. Chaque bou\u00e9e \u00e0 un volume de 55 litres soit une portance de 50 kg si n\u00e9cessaire. Aucun risque de retournement, constat\u00e9 lors des tests.<\/p>\n<p><img decoding=\"async\" src=\"https:\/\/www.tempsdepause.ch\/services\/wp-content\/uploads\/2013\/10\/JeanDa2013061302512.jpg\" alt=\"Gr\u008fbe hupp\u008e\" width=\"760\" height=\"505\" class=\"frameImg aligncenter size-full wp-image-3876\" srcset=\"https:\/\/www.tempsdepause.ch\/services\/wp-content\/uploads\/2013\/10\/JeanDa2013061302512.jpg 760w, https:\/\/www.tempsdepause.ch\/services\/wp-content\/uploads\/2013\/10\/JeanDa2013061302512-600x398.jpg 600w\" sizes=\"(max-width: 760px) 100vw, 760px\" \/><\/p>\n<div class=\"divider_line\"><\/div>\n<h2>D\u00e9monstration<\/h2>\n<p style=\"text-align: justify;\">Participez \u00e0 un de mes ateliers \u00ab <strong><a href=\"https:\/\/www.tempsdepause.ch\/services\/services\/stages-formations\/ateliers\/atelier-affut-flottant\" title=\"Atelier aff\u00fbt flottant\" target=\"_blank\">Aff\u00fbt flottant<\/a> <\/strong>\u00bb<\/p>\n<div class=\"divider top\"><a href=\"#\">Haut<\/a><\/div>\n","protected":false},"excerpt":{"rendered":"<p>Un aff\u00fbt flottant original maginez un aff\u00fbt flottant l\u00e9ger que l\u2019on porte au dos comme un sac de randonn\u00e9e. Imaginez que cet aff\u00fbt rentre dans un petit sac de sport pour prendre l\u2019avion&#8230; Bien, c\u2019\u00e9tait mon cahier des charges. Partant de l\u00e0, la solution devait \u00eatre r\u00e9alisable sans outillage sp\u00e9cifique, car un seul aff\u00fbt flottant &#8230;<\/p>\n","protected":false},"author":1,"featured_media":0,"parent":3773,"menu_order":0,"comment_status":"open","ping_status":"open","template":"","meta":{"footnotes":""},"class_list":["post-3872","page","type-page","status-publish","hentry"],"aioseo_notices":[],"_links":{"self":[{"href":"https:\/\/www.tempsdepause.ch\/services\/wp-json\/wp\/v2\/pages\/3872","targetHints":{"allow":["GET"]}}],"collection":[{"href":"https:\/\/www.tempsdepause.ch\/services\/wp-json\/wp\/v2\/pages"}],"about":[{"href":"https:\/\/www.tempsdepause.ch\/services\/wp-json\/wp\/v2\/types\/page"}],"author":[{"embeddable":true,"href":"https:\/\/www.tempsdepause.ch\/services\/wp-json\/wp\/v2\/users\/1"}],"replies":[{"embeddable":true,"href":"https:\/\/www.tempsdepause.ch\/services\/wp-json\/wp\/v2\/comments?post=3872"}],"version-history":[{"count":0,"href":"https:\/\/www.tempsdepause.ch\/services\/wp-json\/wp\/v2\/pages\/3872\/revisions"}],"up":[{"embeddable":true,"href":"https:\/\/www.tempsdepause.ch\/services\/wp-json\/wp\/v2\/pages\/3773"}],"wp:attachment":[{"href":"https:\/\/www.tempsdepause.ch\/services\/wp-json\/wp\/v2\/media?parent=3872"}],"curies":[{"name":"wp","href":"https:\/\/api.w.org\/{rel}","templated":true}]}}