{"id":3769,"date":"2013-10-01T16:39:35","date_gmt":"2013-10-01T14:39:35","guid":{"rendered":"http:\/\/www.tempsdepause.ch\/services\/?page_id=3769"},"modified":"2013-10-13T21:30:51","modified_gmt":"2013-10-13T19:30:51","slug":"hyper-focus","status":"publish","type":"page","link":"https:\/\/www.tempsdepause.ch\/services\/services\/stages-formations\/techniquement-parlant\/hyper-focus\/","title":{"rendered":"Le proc\u00e9d\u00e9 Hyper focus avec Helicon Focus et StackShot de Cognisys"},"content":{"rendered":"<p><img decoding=\"async\" class=\"alignnone size-full wp-image-3731\" alt=\"logo_techniquement\" src=\"https:\/\/www.tempsdepause.ch\/services\/wp-content\/uploads\/2013\/10\/logo_techniquement.png\" width=\"860\" height=\"130\" srcset=\"https:\/\/www.tempsdepause.ch\/services\/wp-content\/uploads\/2013\/10\/logo_techniquement.png 860w, https:\/\/www.tempsdepause.ch\/services\/wp-content\/uploads\/2013\/10\/logo_techniquement-600x90.png 600w\" sizes=\"(max-width: 860px) 100vw, 860px\" \/><\/p>\n<h1 style=\"text-align: center;\">Le proc\u00e9d\u00e9 Hyper focus<\/h1>\n<p style=\"text-align: justify;\"><div class=\"dropcap4 gray\"><p class=\"dropcap4_inner\">Q<\/p><\/div>uelles sont les techniques permettant d\u2019obtenir une tr\u00e8s grande profondeur de champ ?<br \/>\nPremi\u00e8rement, le photographe utilise l\u2019hyperfocale. Les ma\u00eetres de cette technique sont les reporters et grands photographes que savaient r\u00e9gler l\u2019objectif sur une zone interm\u00e9diaire entre le plus pr\u00e8s possible et l\u2019infini. Avant l\u2019autofocus et les zooms actuels, les focales disposaient de rep\u00e8res selon le diaphragme choisi de part et d\u2019autre de l\u2019indication de distance. Ainsi un 24 mm permet une profondeur de champ de 90 cm \u00e0 l\u2019infini \u00e0 f\/11. Cette solution est exploitable avec les optiques grands-angles \u00e0 standard. Mais ce compromis est impossible avec un t\u00e9l\u00e9objectif, le photographe animalier ferme un peu le diaphragme pour gagner quelques centim\u00e8tres si la faible lumi\u00e8re le permet. Mais cela est un autre sujet, avec la prise de vue rapproch\u00e9e la profondeur de champ (PdC ou DoF) est millim\u00e9trique ! Seul un diaphragme ferm\u00e9 \u00e0 des valeurs de f\/16, f\/32 voir de f\/64 permet de gagner une petit rien de nettet\u00e9 sur l\u2019oeil d\u2019une mouche.<\/p>\n<h4>Vive la r\u00e9volution num\u00e9rique<\/h4>\n<p style=\"text-align: justify;\">La r\u00e9volution, une de plus, vient du traitement num\u00e9rique qui permet d\u2019assembler facilement plusieurs images ensemble pour gagner en \u00e9tendue d\u2019exposition avec le HDR ou en vision \u00e9largie avec l\u2019assemblage de panorama  et  en profondeur de champs avec l\u2019Hyper focus. <\/p>\n<h4>Hyper focus manuel <\/h4>\n<p style=\"text-align: justify;\">En apparence simple \u00e0 r\u00e9aliser le Bracketing de la mise au point (focus bracketing) manuel demande une bonne dext\u00e9rit\u00e9. Vous r\u00e9glez la cam\u00e9ra sur rafale. Vous v\u00e9rifiez le d\u00e9placement n\u00e9cessaire de la mise au point entre le bout du nez et le bout de la queue. C\u2019est bon ? OK, action, le d\u00e9clencheur au plancher, vous tourner la bague de mise au point. Stop, il y en a assez ! Si votre appareil est rest\u00e9 stable sur un tr\u00e9pied ou autre statif, cela devrait \u00eatre utilisable pour le montage de la pile d\u2019images. Mais cette solution rapide \u00e0 r\u00e9aliser et tr\u00e8s longue au montage, car le changement d\u2019angle va poser de gros probl\u00e8mes au logiciel. Le ma\u00eetre de \u00abHyper nature\u00bb, Philippe Martin, passe 15 \u00e0 20 heures pour rattraper toutes les incoh\u00e9rences de cette m\u00e9thode. <\/p>\n<h4>Logiciels Hyper focus <\/h4>\n<p style=\"text-align: justify;\">L\u2019Hyper focus, qui nous int\u00e9resse ici, superpose un nombre d\u2019images en retenant pour chacune que la partie ou la PdC est parfaite. Deux logiciels sont pass\u00e9s ma\u00eetres en la mati\u00e8re, <a href=\"http:\/\/zerenesystems.com\/stacker\/\" title=\"Zerene Systeme\" target=\"_blank\">Zerene Stacker<\/a> et <a href=\"http:\/\/www.heliconsoft.com\" title=\"Helicon Soft\" target=\"_blank\">Helicon Focus.<\/a> Les deux fonctionnent Mac et Windows. Ne me demandez pas pourquoi j\u2019ai choisi l&rsquo;\u00e9diteur Helicon Soft, comme les deux logiciels sont en essai libre, faites-vous une id\u00e9e par vous m\u00eame. <\/p>\n<h4>Hyper focus avec l\u2019autofocus<\/h4>\n<p style=\"text-align: justify;\">\u00c0 c\u00f4t\u00e9 du logiciel d\u2019empilage, l\u2019\u00e9diteur propose un soft qui pilote la cam\u00e9ra de fa\u00e7on tr\u00e8s simple. En Live Vew, avec Helicon Remote je d\u00e9finis le point d\u2019entr\u00e9e puis le point de fin et le logiciel pilote l\u2019autofocus par petit pas en prenant une photo \u00e0 chaque fois. Pour cela Helicon Remote utilise le bracketing de mise au point (EDoF). L&rsquo;inconv\u00e9nient de changer la mise au point \u00e0 chaque image entraine \u00e0 chaque fois une variation d\u2019angle de prise de vue. \u00c0 l\u2019assemblage de la pile, cela va produire sur l\u2019image finale, des aur\u00e9oles et flous disgracieux autour du sujet.&nbsp; Cette solution bien qu\u2019imparfaite est la plus \u00e9conomique, car un rail motoris\u00e9 n\u2019est pas requis <\/p>\n<h4>Le rail de la macro<\/h4>\n<p style=\"text-align: justify;\">La deuxi\u00e8me m\u00e9thode est de faire d\u00e9placer sur un rail motoriser l\u2019ensemble cam\u00e9ra\/objectif. Ainsi on ne g\u00e9n\u00e8re d\u2019incoh\u00e9rence, chaque image \u00e9tant prise sous le m\u00eame angle, l\u2019assemblage de la pile d\u2019images est facilit\u00e9.<\/p>\n<p style=\"text-align: justify;\">Le StackShot \u00e9tant pilot\u00e9 par ordinateur, avec Helicon Remote, avec un c\u00e2ble USB. Dans ce cas, l\u2019autofocus est d\u00e9sactiv\u00e9, c\u2019est la cam\u00e9ra que se d\u00e9place par petit saut de quelques milli\u00e8mes de mm \u00e0 plus, selon le grossissement du sujet. Pas de limite de PdC si ce n\u2019ai la longueur du rail de 10 ou 20 cm. <\/p>\n<p><img decoding=\"async\" src=\"https:\/\/www.tempsdepause.ch\/services\/wp-content\/uploads\/2013\/10\/HeliconRuming.png\" alt=\"HeliconRuming\" width=\"814\" height=\"491\" class=\"aligncenter size-full wp-image-3859\" srcset=\"https:\/\/www.tempsdepause.ch\/services\/wp-content\/uploads\/2013\/10\/HeliconRuming.png 814w, https:\/\/www.tempsdepause.ch\/services\/wp-content\/uploads\/2013\/10\/HeliconRuming-600x361.png 600w\" sizes=\"(max-width: 814px) 100vw, 814px\" \/><\/p>\n<p style=\"text-align: justify;\">Cette fa\u00e7on de travailler est id\u00e9ale en studio. Mais dans le terrain, l\u2019ordinateur n\u2019est pas l\u2019objet que j\u2019emporte avec plaisir. La mise en place est trop longue et la luminosit\u00e9 emp\u00eache de travailler dans de bonne condition \u00e0 l\u2019\u00e9cran. La solution est de piloter le rail directement avec le bo\u00eetier de commande du StackShot.<\/p>\n<div class=\"divider_line\"><\/div>\n<h2 style=\"text-align: center;\">Focus Stacking &#8211; Automated Macro Photography<\/h2>\n<p style=\"text-align: justify;\"><div class=\"dropcap4 gray\"><p class=\"dropcap4_inner\">A<\/p><\/div>vec la photographie macro, les images ont une faible profondeur de champ. C&rsquo;est l\u00e0 que <strong><a href=\"http:\/\/www.cognisys-inc.com\/stackshot\/stackshot.php\" title=\"Cognisys\" target=\"_blank\">StackShot de Cognisys,inc<\/a><\/strong> et les logiciels d\u2019empilage comme <strong>Helicon Focus<\/strong> brillent par leurs performances. <br \/>\n<strong>StackShot<\/strong> permet un contr\u00f4le pr\u00e9cis de la position de la cam\u00e9ra utilis\u00e9e pour la photographie macro. Il automatise le processus de prise de plusieurs photos par \u00e9tapes progressives. Les images suivantes sont ensuite trait\u00e9es par le logiciel d\u2019empilage Helicon focus pour fusionner les images de faibles PDC en une seule image nette et tr\u00e8s d\u00e9taill\u00e9e. Alors que ce m\u00eame processus peut \u00eatre r\u00e9alis\u00e9 manuellement, obtenir des mesures pr\u00e9cises est difficile, chronophage et frustrant. Diminuer le temps consacr\u00e9 \u00e0 prendre les images vous permet \u00e9galement de mettre l&rsquo;accent pr\u00e9cis sur des sujets qui ne voudrait pas coop\u00e9rer ou rester assez longtemps immobile. En combinant une simple interface utilisateur avec une flexibilit\u00e9 extr\u00eame programmable, <strong>StackShot<\/strong> est une n\u00e9cessit\u00e9 pour tout photographe de macro m\u00e9ticuleux.\n <\/p>\n<p style=\"text-align: justify;\">\n<p><img decoding=\"async\" src=\"https:\/\/www.tempsdepause.ch\/services\/wp-content\/uploads\/2013\/10\/rail.png\" alt=\"rail\" width=\"800\" height=\"600\" class=\"aligncenter size-full wp-image-3848\" srcset=\"https:\/\/www.tempsdepause.ch\/services\/wp-content\/uploads\/2013\/10\/rail.png 800w, https:\/\/www.tempsdepause.ch\/services\/wp-content\/uploads\/2013\/10\/rail-600x450.png 600w\" sizes=\"(max-width: 800px) 100vw, 800px\" \/><br \/>\n<div class=\"divider_line\"><\/div>\n<h2>Exemple pratique<\/h2>\n<div class=\"one_third\"><img decoding=\"async\" src=\"https:\/\/www.tempsdepause.ch\/services\/wp-content\/uploads\/2013\/10\/1.png\" alt=\"1\" width=\"300\" height=\"91\" class=\"alignleft size-full wp-image-3836\" \/><\/div><div class=\"two_third last\"><p style=\"text-align: justify;\">Commencez par choisir le mode en positionnant le <strong>><\/strong> en face de la ligne <strong>Auto-Step<\/strong> avec <strong>SELECT<\/strong>  <\/p>\n<p><\/div><div class=\"clearboth\"><\/div>\n<div class=\"one_third\"><img decoding=\"async\" src=\"https:\/\/www.tempsdepause.ch\/services\/wp-content\/uploads\/2013\/10\/2.png\" alt=\"2\" width=\"300\" height=\"93\" class=\"alignleft size-full wp-image-3837\" \/><\/div><div class=\"two_third last\"><p style=\"text-align: justify;\">Puis avec <strong>SELECT<\/strong> passez \u00e0 la ligne suivant pour d\u00e9finir le nombre d\u2019\u00e9tapes avec les boutons <strong>UP\/DOWN<\/strong> <\/p>\n<p><\/div><div class=\"clearboth\"><\/div>\n<div class=\"one_third\"><img decoding=\"async\" src=\"https:\/\/www.tempsdepause.ch\/services\/wp-content\/uploads\/2013\/10\/3.png\" alt=\"3\" width=\"300\" height=\"107\" class=\"alignleft size-full wp-image-3838\" \/><\/div><div class=\"two_third last\"><p style=\"text-align: justify;\">Passez \u00e0 la ligne suivante avec <strong>SELECT<\/strong>, le <strong>><\/strong> sur la ligne <strong>Select Start Pos<\/strong> puis appuyez sur le bouton <strong>BACK<\/strong> jusqu\u2019\u00e0 ce que la position de d\u00e9but soit OK.<br \/>\nAppuyez sur DOWN pour que la ligne Select End Pos s\u2019affiche et appuyez sur le bouton FWD pour d\u00e9finir la position finale.<br \/>\nAppuyez de nouveau sur DOWN, maintenant, la ligne proposant de lancer la s\u00e9quence s\u2019affiche\n <\/p>\n<p><\/div><div class=\"clearboth\"><\/div>\n<div class=\"one_third\"><img decoding=\"async\" src=\"https:\/\/www.tempsdepause.ch\/services\/wp-content\/uploads\/2013\/10\/4.png\" alt=\"4\" width=\"300\" height=\"94\" class=\"alignleft size-full wp-image-3839\" \/><\/div><div class=\"two_third last\"><p style=\"text-align: justify;\">Appuyez sur <strong>UP<\/strong> ou <strong>DOWN<\/strong> pour d\u00e9marrer la s\u00e9quence ou sur<strong> SELECT<\/strong> si vous voulez modifier les r\u00e9glages<br \/>\nPendant la s\u00e9quence l\u2019affichage indique les \u00e9tapes.\n  <\/p>\n<p><\/div><div class=\"clearboth\"><\/div>\n<div class=\"one_third\"><img decoding=\"async\" src=\"https:\/\/www.tempsdepause.ch\/services\/wp-content\/uploads\/2013\/10\/5.png\" alt=\"5\" width=\"300\" height=\"108\" class=\"alignleft size-full wp-image-3840\" \/><\/div><div class=\"two_third last\"><p style=\"text-align: justify;\">La s\u00e9quence termin\u00e9e vous pouvez soit recommencer, soit modifier les r\u00e9glages avant.&nbsp; <\/p>\n<p><\/div><div class=\"clearboth\"><\/div>\n<p style=\"text-align: justify;\">\n<div class=\"divider_line\"><\/div>\n<h2>R\u00e9sultat<\/h2>\n<p><img decoding=\"async\" src=\"https:\/\/www.tempsdepause.ch\/services\/wp-content\/uploads\/2013\/10\/lampehuile.png\" alt=\"lampehuile\" width=\"900\" height=\"820\" class=\"aligncenter size-full wp-image-3832\" srcset=\"https:\/\/www.tempsdepause.ch\/services\/wp-content\/uploads\/2013\/10\/lampehuile.png 900w, https:\/\/www.tempsdepause.ch\/services\/wp-content\/uploads\/2013\/10\/lampehuile-600x546.png 600w\" sizes=\"(max-width: 900px) 100vw, 900px\" \/><\/p>\n<p style=\"text-align: justify;\">R\u00e9sultat de l\u2019exemple pratique pr\u00e9c\u00e9dent avec 14 \u00e9tapes pour un d\u00e9placement de 11 cm avec un Nikon macro de 105 mm \u00e0 f4 mise au point manuel et distance sujet appareil de 60 cm. l&rsquo;\u00e9clairage avec une rampe LED est l\u2019origine de l\u2019ombre multiple.<\/p>\n<div class=\"divider_line\"><\/div>\n<h2>Fourmi<\/h2>\n<p><img decoding=\"async\" src=\"https:\/\/www.tempsdepause.ch\/services\/wp-content\/uploads\/2013\/10\/fourmi.png\" alt=\"fourmi\" width=\"655\" height=\"468\" class=\"frameImg aligncenter size-full wp-image-3846\" srcset=\"https:\/\/www.tempsdepause.ch\/services\/wp-content\/uploads\/2013\/10\/fourmi.png 655w, https:\/\/www.tempsdepause.ch\/services\/wp-content\/uploads\/2013\/10\/fourmi-600x428.png 600w\" sizes=\"(max-width: 655px) 100vw, 655px\" \/><\/p>\n<p style=\"text-align: justify;\">Exemple avec la r\u00e9alisation de 38 images pour cette t\u00eate de fourmi. Prises de vue avec un objectif Canon MP-E 65 pour un grossissement  de 3 fois avec une ouverture f\/8  et un flash MT-24 en mode manuel 1\/32 \u00e8me de puissance<br \/>\nStackShot mode: Autodistance, Step de 0.15mm<br \/>\nLes 38 images sont assembl\u00e9es avec le logiciel Helicon Focus\n<\/p>\n<div class=\"divider_line\"><\/div>\n<h2>informations<\/h2>\n<p><a href=\"http:\/\/www.amazon.fr\/Hyper-nature-r\u00e9volution-limage-naturaliste\/dp\/2914817754\" title=\"HyperNature chez Amazon\" target=\"_blank\"><img decoding=\"async\" src=\"https:\/\/www.tempsdepause.ch\/services\/wp-content\/uploads\/2013\/10\/hypernature-150x150.jpg\" alt=\"hypernature\" width=\"150\" height=\"150\" class=\"alignright size-thumbnail wp-image-3862\" srcset=\"https:\/\/www.tempsdepause.ch\/services\/wp-content\/uploads\/2013\/10\/hypernature-150x150.jpg 150w, https:\/\/www.tempsdepause.ch\/services\/wp-content\/uploads\/2013\/10\/hypernature-91x91.jpg 91w, https:\/\/www.tempsdepause.ch\/services\/wp-content\/uploads\/2013\/10\/hypernature-294x294.jpg 294w\" sizes=\"(max-width: 150px) 100vw, 150px\" \/><\/a><\/p>\n<p style=\"text-align: justify;\">Site de Cognisys,inc : <a href=\"http:\/\/www.cognisys-inc.com\" title=\"www.cognisys-inc.com\">www.Cognisys-inc.com<\/a><\/p>\n<p style=\"text-align: justify;\">Site de Helicon focus : <a href=\"http:\/\/www.heliconsoft.com\" title=\"www.heliconsoft.com\">www.heliconsoft.com<\/a><\/p>\n<p style=\"text-align: justify;\">Livre: <a href=\"http:\/\/www.amazon.fr\/Hyper-nature-r\u00e9volution-limage-naturaliste\/dp\/2914817754\" title=\"HyperNature chez Amazon\" target=\"_blank\">Hyper nature, Une r\u00e9volution de l&rsquo;image naturaliste.<\/a><\/p>\n<div class=\"divider_line\"><\/div>\n<h2>D\u00e9monstration<\/h2>\n<p style=\"text-align: justify;\">Participez \u00e0 un de mes ateliers \u00ab <strong><a href=\"https:\/\/www.tempsdepause.ch\/services\/services\/stages-formations\/ateliers\/atelier-macro\" title=\"Atelier macro\" target=\"_blank\">photographie macro<\/a> <\/strong>\u00bb et apprenez \u00e0 utiliser les diff\u00e9rents moyens \u00e0 disposition pour r\u00e9aliser ce type d\u2019image.<\/p>\n<p style=\"text-align: justify;\"><a href=\"http:\/\/www.tempsdepause.ch\/uploads\/Tutoriels\/StackShotManuel_1_5_Fr.pdf\" title=\"Mode d'emploi StackShop\" target=\"_blank\">Mode d&#8217;emploi en fran\u00e7ais du StackShot ici ><\/a><\/p>\n<div class=\"divider top\"><a href=\"#\">Haut<\/a><\/div>\n","protected":false},"excerpt":{"rendered":"<p>Le proc\u00e9d\u00e9 Hyper focus uelles sont les techniques permettant d\u2019obtenir une tr\u00e8s grande profondeur de champ ? Premi\u00e8rement, le photographe utilise l\u2019hyperfocale. Les ma\u00eetres de cette technique sont les reporters et grands photographes que savaient r\u00e9gler l\u2019objectif sur une zone interm\u00e9diaire entre le plus pr\u00e8s possible et l\u2019infini. Avant l\u2019autofocus et les zooms actuels, les &#8230;<\/p>\n","protected":false},"author":1,"featured_media":0,"parent":3773,"menu_order":0,"comment_status":"open","ping_status":"closed","template":"","meta":{"footnotes":""},"class_list":["post-3769","page","type-page","status-publish","hentry"],"aioseo_notices":[],"_links":{"self":[{"href":"https:\/\/www.tempsdepause.ch\/services\/wp-json\/wp\/v2\/pages\/3769","targetHints":{"allow":["GET"]}}],"collection":[{"href":"https:\/\/www.tempsdepause.ch\/services\/wp-json\/wp\/v2\/pages"}],"about":[{"href":"https:\/\/www.tempsdepause.ch\/services\/wp-json\/wp\/v2\/types\/page"}],"author":[{"embeddable":true,"href":"https:\/\/www.tempsdepause.ch\/services\/wp-json\/wp\/v2\/users\/1"}],"replies":[{"embeddable":true,"href":"https:\/\/www.tempsdepause.ch\/services\/wp-json\/wp\/v2\/comments?post=3769"}],"version-history":[{"count":0,"href":"https:\/\/www.tempsdepause.ch\/services\/wp-json\/wp\/v2\/pages\/3769\/revisions"}],"up":[{"embeddable":true,"href":"https:\/\/www.tempsdepause.ch\/services\/wp-json\/wp\/v2\/pages\/3773"}],"wp:attachment":[{"href":"https:\/\/www.tempsdepause.ch\/services\/wp-json\/wp\/v2\/media?parent=3769"}],"curies":[{"name":"wp","href":"https:\/\/api.w.org\/{rel}","templated":true}]}}