{"id":3729,"date":"2013-10-01T11:18:26","date_gmt":"2013-10-01T09:18:26","guid":{"rendered":"http:\/\/www.tempsdepause.ch\/services\/?page_id=3729"},"modified":"2013-10-14T10:12:27","modified_gmt":"2013-10-14T08:12:27","slug":"cm_support-rrs","status":"publish","type":"page","link":"https:\/\/www.tempsdepause.ch\/services\/services\/stages-formations\/techniquement-parlant\/cm_support-rrs\/","title":{"rendered":"Support RRS"},"content":{"rendered":"<p><img decoding=\"async\" class=\"alignnone size-full wp-image-3731\" alt=\"logo_techniquement\" src=\"https:\/\/www.tempsdepause.ch\/services\/wp-content\/uploads\/2013\/10\/logo_techniquement.png\" width=\"860\" height=\"130\" srcset=\"https:\/\/www.tempsdepause.ch\/services\/wp-content\/uploads\/2013\/10\/logo_techniquement.png 860w, https:\/\/www.tempsdepause.ch\/services\/wp-content\/uploads\/2013\/10\/logo_techniquement-600x90.png 600w\" sizes=\"(max-width: 860px) 100vw, 860px\" \/><\/p>\n<h1 style=\"text-align: center;\">Really Right Stuff<\/h1>\n<p style=\"text-align: justify;\"><div class=\"dropcap4 gray\"><p class=\"dropcap4_inner\">C<\/p><\/div> hez les photographes animaliers la t\u00eate pendulaire de Wimberley s\u2019est impos\u00e9e pour supporter avec fluidit\u00e9 les lourds t\u00e9l\u00e9objectifs. Une autre marque am\u00e9ricaine, Really Right Stuff, s\u2019est fait une place incontournable pour son ing\u00e9niosit\u00e9 et sa qualit\u00e9 de fabrication. A l\u2019\u00e9coute directe de ses clients photographes du monde entier, l\u2019entreprise californienne propose les meilleurs tr\u00e9pieds et rotules du monde et un syst\u00e8me d\u2019attache rapide g\u00e9nial.<\/p>\n<p style=\"text-align: justify;\"> Bien s\u00fbr l\u2019excellence a un prix \u00e0 laquel il faut ajouter les frais UPS et les droits de douane. Pas d\u2019interm\u00e9diaire, l\u2019entreprise de Joe &#038; Joan Johnson conseille ses clients et exp\u00e9die directement nos commandes. Ensuite c\u2019est un plaisir de suivre sur internet ses achats transiter par les hubs UPS et d\u00e9j\u00e0 2-3 jours apr\u00e8s, le camion brun est devant notre porte.&nbsp; C\u2019est le moment de d\u00e9couvrir Really Right Stuff your camera support experts. <\/p>\n<div class=\"divider_line\"><\/div>\n<h2>Plaque en L pour cam\u00e9ra<\/h2>\n<p style=\"text-align: justify;\"> Pour commencer on va \u00e9quiper nos bo\u00eetiers d\u2019une plaque en L voici en image celle pour le Nikon. Comme vous le voyez la fixation sur la rotule du bo\u00eetier ce fait soit en mode portrait ou paysage. Bien s\u00fbr les connexions restent accessibles. <\/p>\n<div class=\"one_half\"><img decoding=\"async\" src=\"https:\/\/www.tempsdepause.ch\/services\/wp-content\/uploads\/2013\/10\/BD4L.png\" alt=\"BD4L\" width=\"320\" height=\"320\" class=\"alignnone size-full wp-image-3736\" srcset=\"https:\/\/www.tempsdepause.ch\/services\/wp-content\/uploads\/2013\/10\/BD4L.png 320w, https:\/\/www.tempsdepause.ch\/services\/wp-content\/uploads\/2013\/10\/BD4L-150x150.png 150w, https:\/\/www.tempsdepause.ch\/services\/wp-content\/uploads\/2013\/10\/BD4L-91x91.png 91w, https:\/\/www.tempsdepause.ch\/services\/wp-content\/uploads\/2013\/10\/BD4L-294x294.png 294w\" sizes=\"(max-width: 320px) 100vw, 320px\" \/><\/div><div class=\"one_half last\"><img decoding=\"async\" src=\"https:\/\/www.tempsdepause.ch\/services\/wp-content\/uploads\/2013\/10\/BD4L-side-rear.png\" alt=\"BD4L-side-rear\" width=\"320\" height=\"320\" class=\"alignnone size-full wp-image-3737\" srcset=\"https:\/\/www.tempsdepause.ch\/services\/wp-content\/uploads\/2013\/10\/BD4L-side-rear.png 320w, https:\/\/www.tempsdepause.ch\/services\/wp-content\/uploads\/2013\/10\/BD4L-side-rear-150x150.png 150w, https:\/\/www.tempsdepause.ch\/services\/wp-content\/uploads\/2013\/10\/BD4L-side-rear-91x91.png 91w, https:\/\/www.tempsdepause.ch\/services\/wp-content\/uploads\/2013\/10\/BD4L-side-rear-294x294.png 294w\" sizes=\"(max-width: 320px) 100vw, 320px\" \/><\/div><div class=\"clearboth\"><\/div>\n<h4>RRS BD4-L<\/h4>\n<p style=\"text-align: justify;\">L-plate pour Nikon D4 permet un acc\u00e8s facile \u00e0 tous les ports sur le c\u00f4t\u00e9 de la cam\u00e9ra, ainsi que le tiroir de la batterie. Plate permet l&rsquo;utilisation de Nikon transmetteur sans fil WT-5A<\/p>\n<p style=\"text-align: justify;\"> Tout l\u2019avantage du syst\u00e8me RRS repose sur ses attaches rapides. Mais avant d\u2019en parler on va encore changer la poign\u00e9e du t\u00e9l\u00e9objectif par une plus pratique disposant \u00e9videmment de la gorge en queue d\u2019aronde \u00e0 la norme ArcaSwiss. <\/p>\n<div class=\"divider_line\"><\/div>\n<h2>Poign\u00e9e d&rsquo;objectif RRS <\/h2>\n<p style=\"text-align: justify;\"> On constate que la poign\u00e9e con\u00e7ue par RRS est plus longue que celle d\u2019origine pour le 300mm Nikon. Ainsi elle tient bien mieux dans la main. Mais surtout notre objectif  est d\u00e9sormais rapidement  rattachable \u00e0 la Wimperley ou sur une rotule type ArcaSwiss.&nbsp; <\/p>\n<div class=\"one_half\"><img decoding=\"async\" src=\"https:\/\/www.tempsdepause.ch\/services\/wp-content\/uploads\/2013\/10\/LCF14.png\" alt=\"LCF14\" width=\"400\" height=\"193\" class=\"alignnone size-full wp-image-3741\" \/><\/div><div class=\"one_half last\"><img decoding=\"async\" src=\"https:\/\/www.tempsdepause.ch\/services\/wp-content\/uploads\/2013\/10\/LCF13.png\" alt=\"LCF13\" width=\"450\" height=\"220\" class=\"alignnone size-full wp-image-3740\" \/><\/div><div class=\"clearboth\"><\/div>\n<h4>RRS LCF13 et LCF13 pour objectif Nikon<\/h4>\n<p style=\"text-align: justify;\"> Modifier la poign\u00e9e de l\u2019objectif pr\u00e9sente tellement d\u2019avantage, fixation rapide signifie beaucoup moins de risque de chute lors de l\u2019assemblage et une tr\u00e8s grande rapidit\u00e9. Une tenue en main plus confortable par rapport \u00e0 la poign\u00e9e Nikon trop courte sur le 300mm 2.6 et pour les 400 \u00e0 600mm un centre de gravit\u00e9 bien plus logique sur une rotule et sur la Wimberley. <\/p>\n<p><!--Attache rapide--><br \/>\n<div class=\"divider_line\"><\/div>\n<h2>Attache rapide RRS <\/h2>\n<p><img decoding=\"async\" src=\"https:\/\/www.tempsdepause.ch\/services\/wp-content\/uploads\/2013\/10\/B2ASII.png\" alt=\"B2ASII\" width=\"400\" height=\"277\" class=\"alignleft size-full wp-image-3746\" \/><\/p>\n<p style=\"text-align: justify;\"> J\u2019y arrive enfin, le syst\u00e8me d\u2019attache rapide qui me facilite tant la vie. <\/p>\n<p>Juste un levier pour \u00e9carter les pinces et les refermer et nos appareils sont solidement maintenus,  rien de plus simple et de plus pratique\u00a0!<\/p>\n<p style=\"text-align: justify;\"> Par les grands froids de cet hiver, j\u2019avais trois couches de gants. Jamais je n\u2019aurais pu m\u2019assurer de la fixation de mon 600mm avec un autre syst\u00e8me. Le levier grand ouvert permet de d\u00e9poser l\u2019appareil, puis on le rel\u00e2che en position centrale pour \u00e9quilibrer l\u2019assemblage, des but\u00e9es emp\u00eachent l\u2019appareil de chuter. Et une fois le levier abaiss\u00e9 les puissants ressorts de l\u2019attache rapide maintiennent fermement les 8kg que je viens de d\u00e9poser  sur ma t\u00eate pendulaire.<\/p>\n<p style=\"text-align: justify;\"> Je photographie avec de lourds t\u00e9l\u00e9objectifs, mais aussi au grand angle les paysages ou en macro avec rail et flashs. Pour cela je dispose de la merveilleuse Wimberley et de deux rotules RRS. Je dois fixer ses trois t\u00eates sur deux tr\u00e9pieds ou directement sur des  supports comme mon aff\u00fbt flottant. L\u00e0 encore RRS \u00e0 la solution \u00e0 mes probl\u00e8mes en permettant d\u2019utiliser leurs attaches rapides pour fixer au support les rotules et la Wimberley.<\/p>\n<p style=\"text-align: justify;\"> Mes tr\u00e9pieds sont \u00e9quip\u00e9s d\u2019une base qui permet la mise \u00e0 niveau d\u2019une main. C\u2019est d\u2019un pratique je vous dis pas\u00a0! Plus besoin de rallonger une ou deux jambes du tripod, non, juste desserrer la base de nivellement de la main gauche et de la droite redresser la wimberley pour placer la bulle au centre du petit niveau. C\u2019est vite fait, pratique, g\u00e9nial\u2026 Pour moi c\u2019est le pied ce syst\u00e8me RRS tellement c\u2019est bien con\u00e7u. <\/p>\n<p><!--Attache tr\u00e9spied--><br \/>\n<div class=\"divider_line\"><\/div>\n<h2>Attache rapide RRS pour tr\u00e9pied <\/h2>\n<p style=\"text-align: justify;\"> Comme vous voyez, la base des tr\u00e9pieds peut aussi \u00eatre \u00e9quip\u00e9e d\u2019une attache rapide. Ce qui permet de changer en un clin d\u2019\u0153il de t\u00eate.&nbsp; Super pratique pour passer de la rotule \u00e0 la pendulaire et \u00e9galement pour le transport.<\/p>\n<div class=\"one_third\"><img decoding=\"async\" src=\"https:\/\/www.tempsdepause.ch\/services\/wp-content\/uploads\/2013\/10\/TA3LCHK.png\" alt=\"TA3LCHK\" width=\"300\" height=\"481\" class=\"alignleft size-full wp-image-3754\" \/><\/div><div class=\"two_third last\"><div class=\"one_half\"><img decoding=\"async\" src=\"https:\/\/www.tempsdepause.ch\/services\/wp-content\/uploads\/2013\/10\/TA2LC.png\" alt=\"TA2LC\" width=\"280\" height=\"280\" class=\"alignnone size-full wp-image-3748\" srcset=\"https:\/\/www.tempsdepause.ch\/services\/wp-content\/uploads\/2013\/10\/TA2LC.png 300w, https:\/\/www.tempsdepause.ch\/services\/wp-content\/uploads\/2013\/10\/TA2LC-150x150.png 150w, https:\/\/www.tempsdepause.ch\/services\/wp-content\/uploads\/2013\/10\/TA2LC-91x91.png 91w, https:\/\/www.tempsdepause.ch\/services\/wp-content\/uploads\/2013\/10\/TA2LC-294x294.png 294w\" sizes=\"(max-width: 280px) 100vw, 280px\" \/><\/div><div class=\"one_half last\"><img decoding=\"async\" src=\"https:\/\/www.tempsdepause.ch\/services\/wp-content\/uploads\/2013\/10\/THDVTL.png\" alt=\"THDVTL\" width=\"280\" height=\"280\" class=\"alignleft size-full wp-image-3750\" srcset=\"https:\/\/www.tempsdepause.ch\/services\/wp-content\/uploads\/2013\/10\/THDVTL.png 300w, https:\/\/www.tempsdepause.ch\/services\/wp-content\/uploads\/2013\/10\/THDVTL-150x150.png 150w, https:\/\/www.tempsdepause.ch\/services\/wp-content\/uploads\/2013\/10\/THDVTL-91x91.png 91w, https:\/\/www.tempsdepause.ch\/services\/wp-content\/uploads\/2013\/10\/THDVTL-294x294.png 294w\" sizes=\"(max-width: 280px) 100vw, 280px\" \/><\/div><div class=\"clearboth\"><\/div>\n<p style=\"text-align: justify;\"> Deux syst\u00e8mes de nivellement du tr\u00e9pied avec attache rapide sont propos\u00e9s par RRS. Un mod\u00e8le  de base pour les tr\u00e9pieds Versa Really Right Stuff S\u00e9rie 3 et S\u00e9rie 3 Gitzo t Systematic. Ainsi qu\u2019un mod\u00e8le pour les Versa Series 2. A droite la plaque ronde TH-DVTL-40 en queue d&rsquo;aronde \u00e0 visser sous la rotule BH-40 et la t\u00eate pendulaire wimberley <\/p>\n<p><\/div><div class=\"clearboth\"><\/div>\n<div class=\"divider_line\"><\/div>\n<h2>Point nodal <\/h2>\n<p><img decoding=\"async\" src=\"https:\/\/www.tempsdepause.ch\/services\/wp-content\/uploads\/2013\/10\/PEP-LR.png\" alt=\"PEP-LR\" width=\"500\" height=\"245\" class=\"alignleft size-full wp-image-3762\" \/><\/p>\n<p style=\"text-align: justify;\"> Pour les paysages panoramiques, j\u2019utilise un rail MPR-CL II Nodal pour reculer l\u2019appareil jusqu\u2019au point nodal de l\u2019optique.&nbsp; Ce rail me sert aussi pour la mise au point en macro.<\/p>\n<div class=\"divider_line\"><\/div>\n<h2>Really Right Stuff  <\/h2>\n<p><img decoding=\"async\" src=\"https:\/\/www.tempsdepause.ch\/services\/wp-content\/uploads\/2013\/10\/rrs-headquarters.jpg\" alt=\"rrs-headquarters\" width=\"690\" height=\"256\" class=\"frameImg aligncenter size-full wp-image-3765\" srcset=\"https:\/\/www.tempsdepause.ch\/services\/wp-content\/uploads\/2013\/10\/rrs-headquarters.jpg 690w, https:\/\/www.tempsdepause.ch\/services\/wp-content\/uploads\/2013\/10\/rrs-headquarters-600x222.jpg 600w\" sizes=\"(max-width: 690px) 100vw, 690px\" \/><\/p>\n<p style=\"text-align: justify;\"> RRS est fait pour une utilisation professionnelle, ici seul la qualit\u00e9, la rapidit\u00e9 d\u2019utilisation et le poids compte. Le prix laissera r\u00eaveur, mais un bon support peut \u00e9viter bien des accidents. La petite entreprise de Joe &#038; Joan Johnson ne connait pas la crise, en 2012 ils ont d\u00e9m\u00e9nag\u00e9 pour s\u2019agrandir et r\u00e9pondre \u00e0 la demande croissante. RRS exp\u00e9die de  San Luis Obispo, en Californie, les commandes directement aux photographes dans plus de 120 pays<\/p>\n<p><img decoding=\"async\" src=\"https:\/\/www.tempsdepause.ch\/services\/wp-content\/uploads\/2013\/10\/Joe_Joan.jpg\" alt=\"Joe_Joan\" width=\"250\" height=\"235\" class=\"frameImg alignleft size-full wp-image-3764\" \/><\/p>\n<p style=\"text-align: justify;\"> <em>\u00ab\u00a0La d\u00e9votion \u00e0 la qualit\u00e9 et \u00e0 l&rsquo;innovation n&rsquo;a jamais chang\u00e9. Nous nous tenons fermement derri\u00e8re notre mission de concevoir, de construire, acqu\u00e9rir et livrer des syst\u00e8mes de support de cam\u00e9ra de qualit\u00e9 sup\u00e9rieure. Nous sommes fiers de notre entreprise, et nous sommes ravis de partager ce catalogue 20e anniversaire avec vous, notre client. Merci pour votre soutien fid\u00e8le.\u00a0\u00bb Joe &#038; Joan<\/em><\/p>\n<p><a href=\"http:\/\/reallyrightstuff.com\" title=\"reallyrightstuff.com\">www.reallyrightstuff.com<\/a><\/p>\n","protected":false},"excerpt":{"rendered":"<p>Really Right Stuff hez les photographes animaliers la t\u00eate pendulaire de Wimberley s\u2019est impos\u00e9e pour supporter avec fluidit\u00e9 les lourds t\u00e9l\u00e9objectifs. Une autre marque am\u00e9ricaine, Really Right Stuff, s\u2019est fait une place incontournable pour son ing\u00e9niosit\u00e9 et sa qualit\u00e9 de fabrication. A l\u2019\u00e9coute directe de ses clients photographes du monde entier, l\u2019entreprise californienne propose les &#8230;<\/p>\n","protected":false},"author":1,"featured_media":0,"parent":3773,"menu_order":0,"comment_status":"open","ping_status":"closed","template":"template_fullwidth.php","meta":{"footnotes":""},"class_list":["post-3729","page","type-page","status-publish","hentry"],"aioseo_notices":[],"_links":{"self":[{"href":"https:\/\/www.tempsdepause.ch\/services\/wp-json\/wp\/v2\/pages\/3729","targetHints":{"allow":["GET"]}}],"collection":[{"href":"https:\/\/www.tempsdepause.ch\/services\/wp-json\/wp\/v2\/pages"}],"about":[{"href":"https:\/\/www.tempsdepause.ch\/services\/wp-json\/wp\/v2\/types\/page"}],"author":[{"embeddable":true,"href":"https:\/\/www.tempsdepause.ch\/services\/wp-json\/wp\/v2\/users\/1"}],"replies":[{"embeddable":true,"href":"https:\/\/www.tempsdepause.ch\/services\/wp-json\/wp\/v2\/comments?post=3729"}],"version-history":[{"count":0,"href":"https:\/\/www.tempsdepause.ch\/services\/wp-json\/wp\/v2\/pages\/3729\/revisions"}],"up":[{"embeddable":true,"href":"https:\/\/www.tempsdepause.ch\/services\/wp-json\/wp\/v2\/pages\/3773"}],"wp:attachment":[{"href":"https:\/\/www.tempsdepause.ch\/services\/wp-json\/wp\/v2\/media?parent=3729"}],"curies":[{"name":"wp","href":"https:\/\/api.w.org\/{rel}","templated":true}]}}