{"id":37,"date":"2013-06-17T10:29:49","date_gmt":"2013-06-17T08:04:40","guid":{"rendered":"http:\/\/www.tempsdepause.ch\/services\/?page_id=37"},"modified":"2022-01-11T15:07:57","modified_gmt":"2022-01-11T14:07:57","slug":"biographie","status":"publish","type":"page","link":"https:\/\/www.tempsdepause.ch\/services\/a-propos\/biographie\/","title":{"rendered":"Biographie"},"content":{"rendered":"<h1>A propos de moi<\/h1>\n<p>&nbsp;<\/p>\n<p style=\"text-align: justify;\"><div class=\"dropcap3\"><p class=\"dropcap3_inner\">L<\/p><\/div>a photographie de la nature a pris une place pr\u00e9pond\u00e9rante dans ma vie ces dix derni\u00e8res ann\u00e9es. La gestion d&rsquo;\u00e9nergie, l&rsquo;ing\u00e9nierie informatique m&rsquo;ont laiss\u00e9 et lass\u00e9 pour me consacrer presque enti\u00e8rement au m\u00e9tier que j&rsquo;aime. Photographe environnementaliste par conviction, paysagiste et animalier par passion, je prends mon temps de choyer mes images.\u00a0Je pense qu\u2019une belle photographie peut sensibiliser \u00e0 la protection de la nature, c\u2019est le but de mon travail de photographe.<\/p>\n<h2>Tant de pauses &#8211; Temps de pause &#8211; Temps de pose<\/h2>\n<p>Bizarrerie de la langue fran\u00e7aise, sous la m\u00eame prononciation, trois significations qui s&rsquo;applique \u00e0 ma vie. Il suffit d&rsquo;un incident, d&rsquo;un accident pour r\u00e9orienter son chemin. Je n&rsquo;avais pas pu choisir le m\u00e9tier qui me plaisait. Ma m\u00e8re me voyant dans les postes et moi dans l&rsquo;image. Je fis donc, comme mon oncle, \u00e9lectricien. Oui, mais voil\u00e0, un jour je d\u00fb choisir \u00e0 nouveau et apr\u00e8s un temps de pause, je d\u00e9cidais de faire enfin ce qui me plait, \u00a0je pris le petit sentier dans la nature.<\/p>\n<blockquote>\n<p style=\"text-align: justify;\">J&rsquo;habite au pied du Jura en Suisse. Longtemps, ma sauvagerie\u00a0forc\u00e9e en bordure de for\u00eat et au milieu des p\u00e2turages bordant les gorges de l&rsquo;Orbe, j\u2019ai \u00e9t\u00e9 heureux. Les nuits berc\u00e9es par la m\u00e9lodie des cloches des vaches, les glapissements du renard, le hululement d\u2019une chouette et le chant de la rivi\u00e8re sauvage. Mes longues veilles \u00e0 la centrale \u00e9lectrique, toute proche, m\u2019ont fait appr\u00e9cier la nuit et ses noctambules. Puis l\u2019aube annonc\u00e9e par le chant du merle accompagnait l\u2019aurore naissante d\u2019un nouveau jour.<\/p>\n<p style=\"text-align: justify;\">Puis la rivi\u00e8re, source d\u2019\u00e9nergie, ne m\u2019offrit plus\u00a0 mon salaire d\u2019\u00e9lectricien. Alors, on est partis pour le bord du lac de Neuch\u00e2tel, \u00e0 quelques minutes de la Grande Cari\u00e7aie, le plus grand marais de Suisse. De ma fen\u00eatre, je vois un h\u00e9ron cendr\u00e9 qui m&rsquo;attend, perch\u00e9 sur les tuiles d\u2019en face. Mais le clavier de l\u2019informatique me retient prisonnier, h\u00e9las, la photo ne me fait pas vivre. Pourtant je vis que pour elle. Pourtant, ma vie est dans la nature.\u00a0 Je dois vraiment y retourner. Le bonheur est dans le pr\u00e9.<\/p>\n<\/blockquote>\n<p style=\"text-align: justify;\">Mes moments favoris sont l&rsquo;aube, quand la lumi\u00e8re est magique. Et le paysage paisible. Mais je dois me faire violence, car je suis de nature Couche-Tard. Qu&rsquo;importe, c&rsquo;est un vrai d\u00e9lice de rentrer dans l&rsquo;eau avec mon aff\u00fbt flottant avant que le soleil encore rouge pointe ses rayons sur l&rsquo;eau calme.<\/p>\n<p style=\"text-align: justify;\">Ma qu\u00eate pour devenir un meilleur photographe ne cessera jamais. Ce n&rsquo;est que le d\u00e9but d&rsquo;une longue recherche de moments magiques o\u00f9 la lumi\u00e8re embrasse la nature dans toute sa splendeur.<\/p>\n<h2 style=\"text-align: justify;\">Artisan photographe<\/h2>\n<p style=\"text-align: justify;\">J&rsquo;ai ma petite entreprise, mon atelier propose des tirages de qualit\u00e9 FinArt en grand format. Ceux-ci sont lamin\u00e9s sur support Dibond et encadr\u00e9s par mes soins. Ma\u00a0maitrise du num\u00e9rique et de l&rsquo;informatique me facilite grandement mon travail.<\/p>\n<h2>Equipement<\/h2>\n<div class=\"one_third\"><p><em id=\"__mceDel\">&#8211; Nikon D4s<\/em><\/p>\n<p><em id=\"__mceDel\">&#8211; Nikon D850<\/em><\/p>\n<p>&#8211; Nikkor 14-24 F2.8<\/p>\n<p>&#8211; Nikkor 24-70 F2.8<\/p>\n<p>&#8211; Nikkor 70-200 F2.8<\/p>\n<p>&#8211; Nikkor 24 F2.8 PC<\/p>\n<p>&#8211; Nikkor 24 F1.4<\/p>\n<p>&#8211; Nikkor 50 F1.4<\/p>\n<p>&#8211; Nikkor 60 F2.8 Micro<\/p>\n<p>&#8211; Nikkor 85 F1.4<\/p>\n<p>&#8211; Nikkor 105 F2.8 Micro<\/p>\n<p>&#8211; Nikkor 300 F2.8<\/p>\n<p><em id=\"__mceDel\"><em id=\"__mceDel\"><em id=\"__mceDel\">&#8211; Nikkor 600 F4<\/em><\/em><\/em><\/p>\n<p>&#8211; Lee Filters<\/p>\n<p>&#8211; Trepieds &amp; Rotules<\/p>\n<p>Really Right Stuff<\/p>\n<p>&#8211; T\u00eate Wimberley<\/p>\n<p>&#8211; Sacs Tamrac et F-Stop<\/p>\n<p>&nbsp;<\/p><\/div>\n<div class=\"two_third last\"><p><img decoding=\"async\" class=\"alignnone size-full wp-image-43\" src=\"https:\/\/www.tempsdepause.ch\/services\/wp-content\/uploads\/2013\/06\/JeanDa2011053003171.jpg\" alt=\"JeanDa2011053003171\" width=\"760\" height=\"506\" srcset=\"https:\/\/www.tempsdepause.ch\/services\/wp-content\/uploads\/2013\/06\/JeanDa2011053003171.jpg 760w, https:\/\/www.tempsdepause.ch\/services\/wp-content\/uploads\/2013\/06\/JeanDa2011053003171-300x199.jpg 300w\" sizes=\"(max-width: 760px) 100vw, 760px\" \/> Foulque macroule<\/p><\/div><div class=\"clearboth\"><\/div>\n","protected":false},"excerpt":{"rendered":"<p>A propos de moi &nbsp; a photographie de la nature a pris une place pr\u00e9pond\u00e9rante dans ma vie ces dix derni\u00e8res ann\u00e9es. La gestion d&rsquo;\u00e9nergie, l&rsquo;ing\u00e9nierie informatique m&rsquo;ont laiss\u00e9 et lass\u00e9 pour me consacrer presque enti\u00e8rement au m\u00e9tier que j&rsquo;aime. Photographe environnementaliste par conviction, paysagiste et animalier par passion, je prends mon temps de choyer &#8230;<\/p>\n","protected":false},"author":1,"featured_media":0,"parent":23,"menu_order":41,"comment_status":"closed","ping_status":"open","template":"","meta":{"footnotes":""},"class_list":["post-37","page","type-page","status-publish","hentry"],"aioseo_notices":[],"_links":{"self":[{"href":"https:\/\/www.tempsdepause.ch\/services\/wp-json\/wp\/v2\/pages\/37","targetHints":{"allow":["GET"]}}],"collection":[{"href":"https:\/\/www.tempsdepause.ch\/services\/wp-json\/wp\/v2\/pages"}],"about":[{"href":"https:\/\/www.tempsdepause.ch\/services\/wp-json\/wp\/v2\/types\/page"}],"author":[{"embeddable":true,"href":"https:\/\/www.tempsdepause.ch\/services\/wp-json\/wp\/v2\/users\/1"}],"replies":[{"embeddable":true,"href":"https:\/\/www.tempsdepause.ch\/services\/wp-json\/wp\/v2\/comments?post=37"}],"version-history":[{"count":1,"href":"https:\/\/www.tempsdepause.ch\/services\/wp-json\/wp\/v2\/pages\/37\/revisions"}],"predecessor-version":[{"id":15021,"href":"https:\/\/www.tempsdepause.ch\/services\/wp-json\/wp\/v2\/pages\/37\/revisions\/15021"}],"up":[{"embeddable":true,"href":"https:\/\/www.tempsdepause.ch\/services\/wp-json\/wp\/v2\/pages\/23"}],"wp:attachment":[{"href":"https:\/\/www.tempsdepause.ch\/services\/wp-json\/wp\/v2\/media?parent=37"}],"curies":[{"name":"wp","href":"https:\/\/api.w.org\/{rel}","templated":true}]}}