{"id":3173,"date":"2013-09-13T17:26:22","date_gmt":"2013-09-13T15:26:22","guid":{"rendered":"http:\/\/www.tempsdepause.ch\/services\/?page_id=3173"},"modified":"2013-09-24T10:00:42","modified_gmt":"2013-09-24T08:00:42","slug":"nettete-des-images","status":"publish","type":"page","link":"https:\/\/www.tempsdepause.ch\/services\/services\/stages-formations\/la-preparation-des-images\/nettete-des-images\/","title":{"rendered":"Nettet\u00e9 des images"},"content":{"rendered":"<h1>Nettet\u00e9 des images<\/h1>\n<p style=\"text-align: justify;\"> Param\u00e8tre subtil s&rsquo;il en est, la nettet\u00e9 d&rsquo;une image influe \u00e9norm\u00e9ment sur la qualit\u00e9 de son rendu une fois imprim\u00e9e. Il n&rsquo;est ici question que de nettet\u00e9 \u00e9lectronique, et non pas de la nettet\u00e9 intrins\u00e8que de l&rsquo;image due aux qualit\u00e9s des objectifs et au talent du photographe. <\/p>\n<p style=\"text-align: justify;\"> La nettet\u00e9 est probablement l&rsquo;un des crit\u00e8res de qualit\u00e9 qui fait le plus d\u00e9faut depuis la g\u00e9n\u00e9ralisation de la prise de vue num\u00e9rique. Quelquefois insuffisante, mais g\u00e9n\u00e9ralement extr\u00eame tellement elle est mal maitris\u00e9e. <\/p>\n<p style=\"text-align: justify;\"> Les filtres de nettet\u00e9 utilis\u00e9s par les logiciels professionnels de traitement des images reproduisent l&rsquo;application, en photographie, d&rsquo;un \u00ab masque flou\u00bb. Il s&rsquo;agit dans un premier temps de dupliquer l&rsquo;image puis de flouter sa copie (d&rsquo;o\u00f9 cette appellation paradoxale de masque flou). Dans un second temps, on soustrait la copie floue \u00e0 l&rsquo;original, ce qui produit un filtre de nettet\u00e9 qu&rsquo;il suffit alors d&rsquo;appliquer \u00e0 l&rsquo;image originale. Cela a pour effet de renforcer les contrastes sur les lignes de rupture de l&rsquo;image . De fait, des pixels plus clairs ou plus fonc\u00e9s se substituent aux pixels originaux sur les lignes de contraste de l&rsquo;image. <\/p>\n<p style=\"text-align: justify;\"> Le calcul du masque de flou ne peut \u00eatre r\u00e9alis\u00e9 que sur une image  affich\u00e9e \u00e0 100% de son format pr\u00e9vu pour l\u2019impression.&nbsp; <br \/>\nC&rsquo;est \u00e0 l&rsquo;imprimeur de se charger de cette t\u00e2che, lui qui est le mieux \u00e0 m\u00eame de juger du facteur de masque de flou le plus appropri\u00e9. Car l&rsquo;application d&rsquo;un facteur de nettet\u00e9 se doit d&rsquo;\u00eatre raisonn\u00e9e. Trop faible et l&rsquo;image imprim\u00e9e appara\u00eetra floue. Trop fort et l&rsquo;image pr\u00e9sentera des lignes de rupture non naturelles. Pour cette raison, un filtre de nettet\u00e9 ne doit pas \u00eatre appliqu\u00e9 \u00e0 une image ayant d\u00e9j\u00e0 subi un tel traitement. Un bon r\u00e9flexe est donc de toujours visualiser les images sur un moniteur en les affichant \u00e0 50 % param\u00e8tre permettant au mieux d&rsquo;appr\u00e9hender en amont la nettet\u00e9 d&rsquo;une image imprim\u00e9e.&nbsp; <\/p>\n<div class=\"divider_line\"><\/div>\n<p>Exemple d\u2019une partie d\u2019image \u00e0 100% d\u2019un masque de flou exag\u00e9r\u00e9 et le r\u00e9sultat destructeur obtenu. Et pour comparaison l&rsquo;image des gr\u00e8bes non accentu\u00e9e<\/p>\n<p><img decoding=\"async\" src=\"https:\/\/www.tempsdepause.ch\/services\/wp-content\/uploads\/2013\/09\/masqueflou.png\" alt=\"masqueflou\" width=\"850\" height=\"460\" class=\"alignleft size-full wp-image-3223\" srcset=\"https:\/\/www.tempsdepause.ch\/services\/wp-content\/uploads\/2013\/09\/masqueflou.png 850w, https:\/\/www.tempsdepause.ch\/services\/wp-content\/uploads\/2013\/09\/masqueflou-600x324.png 600w\" sizes=\"(max-width: 850px) 100vw, 850px\" \/><\/p>\n<p><img decoding=\"async\" src=\"https:\/\/www.tempsdepause.ch\/services\/wp-content\/uploads\/2013\/09\/JeanDa2013051702117N.jpg\" alt=\"Gr\u008fbe hupp\u008e\" width=\"760\" height=\"506\" class=\"frameImg alignright size-full wp-image-3182\" srcset=\"https:\/\/www.tempsdepause.ch\/services\/wp-content\/uploads\/2013\/09\/JeanDa2013051702117N.jpg 760w, https:\/\/www.tempsdepause.ch\/services\/wp-content\/uploads\/2013\/09\/JeanDa2013051702117N-600x399.jpg 600w\" sizes=\"(max-width: 760px) 100vw, 760px\" \/><\/p>\n<div class=\"divider_line\"><\/div>\n<a href=\"la-resolution-des-images\" style=\"background-color:transparent\" class=\"theme_button small white no_woo_button alignlift\"><span style=\"color:gray;\">Page pr\u00e9c\u00e9dente<\/span><\/a> <a href=\"la-resolution-des-images\" style=\"background-color:transparent\" class=\"theme_button small white no_woo_button alignright\"><span style=\"color:gray;\">Page suivante<\/span><\/a>\n","protected":false},"excerpt":{"rendered":"<p>Nettet\u00e9 des images Param\u00e8tre subtil s&rsquo;il en est, la nettet\u00e9 d&rsquo;une image influe \u00e9norm\u00e9ment sur la qualit\u00e9 de son rendu une fois imprim\u00e9e. Il n&rsquo;est ici question que de nettet\u00e9 \u00e9lectronique, et non pas de la nettet\u00e9 intrins\u00e8que de l&rsquo;image due aux qualit\u00e9s des objectifs et au talent du photographe. La nettet\u00e9 est probablement l&rsquo;un &#8230;<\/p>\n","protected":false},"author":1,"featured_media":0,"parent":3078,"menu_order":0,"comment_status":"open","ping_status":"open","template":"template_fullwidth.php","meta":{"footnotes":""},"class_list":["post-3173","page","type-page","status-publish","hentry"],"aioseo_notices":[],"_links":{"self":[{"href":"https:\/\/www.tempsdepause.ch\/services\/wp-json\/wp\/v2\/pages\/3173","targetHints":{"allow":["GET"]}}],"collection":[{"href":"https:\/\/www.tempsdepause.ch\/services\/wp-json\/wp\/v2\/pages"}],"about":[{"href":"https:\/\/www.tempsdepause.ch\/services\/wp-json\/wp\/v2\/types\/page"}],"author":[{"embeddable":true,"href":"https:\/\/www.tempsdepause.ch\/services\/wp-json\/wp\/v2\/users\/1"}],"replies":[{"embeddable":true,"href":"https:\/\/www.tempsdepause.ch\/services\/wp-json\/wp\/v2\/comments?post=3173"}],"version-history":[{"count":0,"href":"https:\/\/www.tempsdepause.ch\/services\/wp-json\/wp\/v2\/pages\/3173\/revisions"}],"up":[{"embeddable":true,"href":"https:\/\/www.tempsdepause.ch\/services\/wp-json\/wp\/v2\/pages\/3078"}],"wp:attachment":[{"href":"https:\/\/www.tempsdepause.ch\/services\/wp-json\/wp\/v2\/media?parent=3173"}],"curies":[{"name":"wp","href":"https:\/\/api.w.org\/{rel}","templated":true}]}}