{"id":3131,"date":"2013-09-11T12:00:07","date_gmt":"2013-09-11T10:00:07","guid":{"rendered":"http:\/\/www.tempsdepause.ch\/services\/?page_id=3131"},"modified":"2013-09-24T10:06:08","modified_gmt":"2013-09-24T08:06:08","slug":"la-resolution-des-images","status":"publish","type":"page","link":"https:\/\/www.tempsdepause.ch\/services\/services\/stages-formations\/la-preparation-des-images\/la-resolution-des-images\/","title":{"rendered":"La r\u00e9solution des images"},"content":{"rendered":"<h1> La r\u00e9solution des images <\/h1>\n<p>&nbsp;<\/p>\n<div class=\"two_third\"><p style=\"text-align: justify;\"> La r\u00e9solution spatiale est une mesure de la finesse des d\u00e9tails d&rsquo;une image, pour une dimension donn\u00e9e. La r\u00e9solution \u00e0 partir de laquelle un \u0153il humain moyen ne voit plus la diff\u00e9rence est de 76 dpi \u00e0 1 m\u00e8tre de distance. Il a en effet une r\u00e9solution angulaire limit\u00e9e, de l&rsquo;ordre d&rsquo;une minute d&rsquo;arc (1\/60\u00b0). <br \/>\u00c0 droite, le tableau donne une \u00e9quivalence entre la r\u00e9solution n\u00e9cessaire \u00e0 une distance donn\u00e9e pour que l&rsquo;\u0153il humain ne soit plus capable de faire la diff\u00e9rence.<\/p>\n<p style=\"text-align: justify;\"> \u00c0 l&rsquo;impression\u00a0: les pixels affich\u00e9s \u00e0 l&rsquo;\u00e9cran sont d\u00e9compos\u00e9s en points d&rsquo;encre pour former une trame. D&rsquo;o\u00f9 la n\u00e9cessit\u00e9 d&rsquo;avoir plus de pixels sur la surface repr\u00e9sent\u00e9e. En g\u00e9n\u00e9ral, on normalise la r\u00e9solution d&rsquo;une image \u00e0 300 Pixels Par Pouces (PPP). L&rsquo;\u0153il ne permettant pas de voir la diff\u00e9rence de qualit\u00e9 au-dessus de ces 300 PPP, les imprimeurs ont donc g\u00e9n\u00e9ralis\u00e9 cette r\u00e8gle.<\/p>\n<p style=\"text-align: justify;\"> En v\u00e9rit\u00e9, la r\u00e9solution spatiale doit \u00eatre calcul\u00e9e en fonction de la qualit\u00e9 du p\u00e9riph\u00e9rique de sortie. Sur papier, les PPP (points par pouce) de nos donn\u00e9es num\u00e9riques sont redessin\u00e9s par l&rsquo;imprimante ou son logiciel \u00e0 l&rsquo;aide de points continus. Le nombre de points continus que l&rsquo;imprimante est capable de reproduire sur un pouce s&rsquo;appelle \u00ab\u00a0D\u00e9finition\u00a0\u00bb et s&rsquo;exprime en DPI (dots per inch) ou PPP (points par pouce). Le pouce vaut \u00e0 peu pr\u00e8s 2,54 cm.<\/p>\n<p style=\"text-align: justify;\"> La d\u00e9finition de l&rsquo;imprimante est g\u00e9n\u00e9ralement sup\u00e9rieure afin de reproduire les variations de nuances que peut contenir chaque pixel. Seule la r\u00e9solution des fichiers est variable alors que la d\u00e9finition d&rsquo;un p\u00e9riph\u00e9rique est fixe.<br \/>\nSi le nombre de pixels par pouce de l&rsquo;image est trop petit, l&rsquo;imprimante restituera les escaliers form\u00e9s par les contrastes entre les pixels d&rsquo;une image. <\/p>\n<p style=\"text-align: justify;\"> Pour les appareils photo num\u00e9riques, c&rsquo;est le nombre total des pixels pris au moment de la capture qui sert d&rsquo;indice de r\u00e9f\u00e9rence. Il suffit ensuite de conna\u00eetre le format d&rsquo;image (aspect ratio) pour calculer la largeur et la hauteur en pixels. La r\u00e9solution n&rsquo;a que peu d&rsquo;importance, car elle sera indiqu\u00e9e plus tard.<br \/>\nContrairement aux images num\u00e9riques destin\u00e9es \u00e0 \u00eatre imprim\u00e9es, les sources vid\u00e9os \u00e9mettent un flux d&rsquo;image sans r\u00e9solution spatiale pr\u00e9d\u00e9finie. On parle pourtant bien de d\u00e9finition d\u2019affichage d&rsquo;un \u00e9cran d&rsquo;ordinateur ou d&rsquo;une t\u00e9l\u00e9vision qui elle s&rsquo;exprime bien en nombre de pixels, et non en pixels par pouce. <\/p><\/div><div class=\"one_third last\"><div class=\"table_style\">\n<table>\n<thead>\n<tr>\n<th scope=\"col\"><strong>Distance du support<\/strong><\/th>\n<th scope=\"col\"> R\u00e9solution \u00e0 partir de laquelle un \u0153il humain moyen ne voit plus de diff\u00e9rence, en points par pouce <\/th>\n<\/tr>\n<\/thead>\n<tr>\n<td><\/td>\n<td><\/td>\n<\/tr>\n<tr>\n<td>12.7 cm<\/td>\n<td>600 dpi<\/td>\n<\/tr>\n<tr>\n<td>20 cm<\/td>\n<td>480 dpi<\/td>\n<\/tr>\n<tr>\n<td>25 cm<\/td>\n<td>300 dpi<\/td>\n<\/tr>\n<tr>\n<td>30 cm<\/td>\n<td>253 dpi<\/td>\n<\/tr>\n<tr>\n<td>50 cm<\/td>\n<td>152 dpi<\/td>\n<\/tr>\n<tr>\n<td>75 cm<\/td>\n<td>100 dpi<\/td>\n<\/tr>\n<tr>\n<td>1 m<\/td>\n<td>76 dpi<\/td>\n<\/tr>\n<tr>\n<td>1.5 m<\/td>\n<td>50 dpi<\/td>\n<\/tr>\n<tr>\n<td>3 m<\/td>\n<td>25 dpi<\/td>\n<\/tr>\n<\/table>\n<\/div><\/div><div class=\"clearboth\"><\/div>\n<p style=\"text-align: justify;\"> Pr\u00e9cisons deux termes, qui ne sont pas synonymes, et qu\u2019il ne faut pas confondre :<br \/>\n<ul class=\"list1 list_color_gray\">\n<li> <strong>D\u00e9finition :<\/strong> nombre de points ou de lignes affich\u00e9es. Un iPad \u00e0 une d\u00e9finition de 2 048 x 1 536 pixels <\/li>\n<li> <strong>R\u00e9solution :<\/strong> c\u2019est la finesse du point d\u2019affichage moyen \u00e0 l\u2019\u00e9cran et sur le papier, elle se mesure classiquement en dpi ou ppp (points par pouce : un pouce = 25,4 mm). Exemple : une imprimante \u00e0 300 dpi, un \u00e9cran \u00e0 72 dpi (en th\u00e9orie) celui d\u2019un iPad est de 256 dpi <\/li>\n<\/ul> <\/p>\n<div class=\"divider_line\"><\/div>\n<h3> Pour le Web <\/h3>\n<p><img decoding=\"async\" src=\"https:\/\/www.tempsdepause.ch\/services\/wp-content\/uploads\/2013\/09\/JeanDa2011052302988.jpg\" alt=\"Butomus umbellatus\" width=\"398\" height=\"600\" class=\"frameImg alignright size-full wp-image-3132\" \/><\/p>\n<p style=\"text-align: justify;\"> Une habitude veut que 72 ppp est la bonne r\u00e9solution pour le Web. Il serait temps de revoir la copie, car aujourd\u2019hui une tablette iPad est \u00e0 220 ppp mon MacBook Pro \u00e0 130 ppp. Mais surtout, ce qui importe de comprendre c\u2019est qu\u2019il n\u2019y a pas de pouce ou de cm sur un \u00e9cran mais tout simplement que des pixels !<br \/>\nQue ma r\u00e9duction soit en 300 ppp ou 72 ppp cela ne change rien, du moment que mon image ci contre \u00e0 pour taille 400 x 600 pixels, elle prendra sur l\u2019\u00e9cran obligatoirement le m\u00eame nombre de pixel.<br \/>\nExemple d\u2019un \u00e9cran 24 pouces  de 48 x 36 cm et de 1950 x 1460 pixels sont pas de 0.25 mm donne une r\u00e9solution de 102 ppp. L\u2019image pr\u00e9par\u00e9e ci-dessus utilisera la r\u00e9solution de 102 ppp et mesurera sur cette \u00e9cran 10 x 15 cm et la moiti\u00e9 sur un iPad Retina 24.6 cm  de R\u00e9solution de 2\u00a0048 x 1\u00a0536\u00a0pixels \u00e0 264\u00a0ppp.<\/p>\n<p><img decoding=\"async\" src=\"https:\/\/www.tempsdepause.ch\/services\/wp-content\/uploads\/2013\/09\/ipad.png\" alt=\"ipad\" width=\"440\" height=\"353\" class=\" size-full wp-image-3235\" \/><\/p>\n<p>&nbsp;<\/p>\n<h3> Pour l\u2019offset <\/h3>\n<p style=\"text-align: justify;\"> Il n&rsquo;existe pas de norme en mati\u00e8re de r\u00e9solution des images destin\u00e9es \u00e0 l&rsquo;impression offset. Pourtant le nombre de pixels pr\u00e9sents dans l&rsquo;image influe sur le r\u00e9sultat imprim\u00e9. Pas assez de pixels, et l&rsquo;image sera &#8230; pixellis\u00e9e. Trop de pixels, et l&rsquo;image sera floue. Il est vrai cependant que nous ne sommes pas \u00e0 quelques pixels par pouce pr\u00e8s, point n&rsquo;est besoin d&rsquo;une tr\u00e8s grande pr\u00e9cision. <\/p>\n<p style=\"text-align: justify;\"> Si l&rsquo;image ne comporte pas assez de pixels en regard de ses dimensions imprim\u00e9es, la taille effective desdits pixels une fois imprim\u00e9s sera trop importante et ils se verront \u00e0 l&rsquo;\u0153il nu. Cela entra\u00eene un effet de mosa\u00efque appel\u00e9 pixellisation. <\/p>\n<p style=\"text-align: justify;\"> En revanche, si l&rsquo;image contient trop de pixels, toujours en regard de sa taille une fois imprim\u00e9e, ce sont les algorithmes de tramage du RIP qui se chargeront du sous\u00e9chantillonnage. Or cela n&rsquo;entre pas dans les comp\u00e9tences d&rsquo;un RIP, aussi les images seront-elles floues une fois imprim\u00e9es.<br \/>\nPour un logiciel professionnel, r\u00e9duire l&rsquo;\u00e9chantillonnage d&rsquo;une image ne pose aucun probl\u00e8me technique. En revanche, la sur\u00e9chantillonner est extr\u00eamement compliqu\u00e9 car il est tr\u00e8s difficile d&rsquo;inventer des pixels \u00e0 partir de rien &#8230; Dans la mesure o\u00f9 les images pourront toujours faire l&rsquo;objet d&rsquo;un sous\u00e9chantillonnage lors de la g\u00e9n\u00e9ration du PDF, il vaut mieux, lors de la mise en page, disposer d&rsquo;images surdimensionn\u00e9es que sous-dimensionn\u00e9es. <\/p>\n<p style=\"text-align: justify;\"> L&rsquo;habitude du m\u00e9tier est de parler des r\u00e9solutions selon les mesures anglo-saxonnes en nombre de points ou de lignes par pouce, soit en dpi (\u00ab dot per inch \u00bb) ou en Ipi (\u00ab lines per inch \u00bb), En fran\u00e7ais, on pr\u00e9f\u00e9rera parler de points par pouce (ppp) et de lignes par pouce (lpp). Traditionnellement, on retient la valeur de 300 ppp (120 p\/cm) comme r\u00e9solution standard d&rsquo;une image \u00e0 imprimer en offset en trame traditionnelle. Cette valeur correspond \u00e0 deux fois la lin\u00e9ature de trame de 150 Ipp. On peut donc consid\u00e9rer que 225 ppp est une r\u00e9solution optimale pour une trame de 150 Ipp et que 300 ppp est adapt\u00e9 \u00e0 une lin\u00e9ature de 200 Ipp. Ces valeurs ne doivent pas \u00eatre d\u00e9pass\u00e9es de plus de 50  au risque de rendre l&rsquo;image imprim\u00e9e floue. Aussi, adopter une r\u00e9solution g\u00e9n\u00e9rale de 300 ppp est un compromis acceptable lorsque l&rsquo;on pr\u00e9pare les images dans la mesure o\u00f9 l&rsquo;imprimeur aura toujours loisir de les sous-\u00e9chantillonner s&rsquo;il s&rsquo;av\u00e8re que la lin\u00e9ature retenue est inf\u00e9rieure \u00e0 133 Ipp.<\/p>\n<p>&nbsp;<\/p>\n<div class=\"divider_line\"><\/div>\n<h4>Au compte-fils :<\/h4>\n<div class=\"one_fourth\"><img decoding=\"async\" src=\"https:\/\/www.tempsdepause.ch\/services\/wp-content\/uploads\/2013\/09\/trameOffset.png\" alt=\"trameOffset\" width=\"333\" height=\"212\" class=\"aligncenter size-full wp-image-3144\" \/><\/div><div class=\"one_fourth\"><\/div><div class=\"one_fourth\"><img decoding=\"async\" src=\"https:\/\/www.tempsdepause.ch\/services\/wp-content\/uploads\/2013\/09\/trameEpson.png\" alt=\"trameEpson\" width=\"333\" height=\"213\" class=\"aligncenter size-full wp-image-3145\" \/><\/div><div class=\"one_fourth last\"><\/div><div class=\"clearboth\"><\/div>\n<div class=\"one_fourth\"><\/div><div class=\"one_fourth\"><h5>Trame offset journal<\/h5>\n<p> Coupe de 15 mm<\/div><div class=\"one_fourth\"><h5>Epson Stylus Pro 7900<\/h5>\n<p> Coupe de 12mm de large<\/div><div class=\"one_fourth last\"><\/div><div class=\"clearboth\"><\/div>\n<div class=\"divider_line\"><\/div>\n<p>&nbsp;<\/p>\n<h3> La r\u00e9solution des tirages photo <\/h3>\n<p style=\"text-align: justify;\"> Les imprimantes jet d\u2019encre photo grand format offre des tirages de 17\u2019\u2019 \u00e0 44\u2019\u2019 de large. Pour ces tirages g\u00e9ants quelle est la r\u00e9solution minimum ?<\/p>\n<p style=\"text-align: justify;\"> Avec une imprimante jet d\u2019encre photo la trame n\u2019est pas lin\u00e9aire, mais par point de dimensions variables tr\u00e8s bien diffus\u00e9e. Cela permet de sortir des normes du pr\u00e9presse que nous avons vues plus haut qui d\u00e9pendent du pas de la lin\u00e9ature. Les imprimantes Epson Stylus Photo impriment \u00e0 240ppp. De la il y a deux solutions, soit envoyer le fichier tel quel \u00e0 300ppp ou 150ppp, et laisser faire l&rsquo;imprimante qui va modifier la photo pour \u00eatre dans la bonne r\u00e9solution. Soit mettre la photo \u00e0 240ppp sous Photoshop, avant de l\u2019envoyer \u00e0 l&rsquo;imprimante. C&rsquo;est la deuxi\u00e8me solution que j&rsquo;utilise cela permet de g\u00e9rer finement l&rsquo;accentuation. Pour les tirages grands formats \u00e0 partir de 50X75, il faut que la r\u00e9solution de d\u00e9part soit au minimum de 100ppp, et extrapoler par \u00e9tape. N\u00e9anmoins, des r\u00e9solutions plus basses, on peut m\u00eame descendre jusqu&rsquo;\u00e0 72 ppp, produisent de bons r\u00e9sultats, cela d\u00e9pend \u00e9norm\u00e9ment de la photo, une photo d&rsquo;ambiance genre couch\u00e9 de soleil sur la mer, ou il y a peu de d\u00e9tail aura moins besoin d&rsquo;une bonne r\u00e9solution qu&rsquo;un portrait d&rsquo;oiseau.<br \/>\nCela d\u00e9pend \u00e9galement de la qualit\u00e9 du traitement et de l&rsquo;importance des modifications apport\u00e9es. Plus il y \u00a0de modification sur la photo, renforcement du contraste dans certaine zone, \u00e9claircissement d&rsquo;autres, accentuation, r\u00e9ductions du bruit\u2026. plus l&rsquo;agrandissement sera d\u00e9licat et le r\u00e9sultat pas toujours satisfaisant.<br \/>\n<div class=\"divider_line\"><\/div>\n<p>&nbsp;<\/p>\n<h3>Comparaison<\/h3>\n<p style=\"text-align: justify;\"> Pour un magazine, une double page (A3) \u00e0 300 PPP un fichier d\u2019une cam\u00e9ra de 12 \u00e0 16 Mpix est n\u00e9cessaire. Presque 5\u2019000 pixels sont n\u00e9cessaires pour 42 cm de large \u00e0 300 ppp 5\u2019000 x 3300 = 16.5 Mpix soit le capteur d\u2019un D4.<br \/>\nPour un grand tirage de 60 x 90 cm nous obtiendrons une r\u00e9solution de: <\/p>\n<ul class=\"list1 list_color_gray\">\n<li> 85 ppp avec un D70 6Mpx (3008 pixels\/35,4\u2019\u2018 = 85 points par pouce <\/li>\n<li> 120 ppp avec les D3 D300 D700 12 Mpx <\/li>\n<li> 140 ppp avec un D4 de 16 Mpx <\/li>\n<li> 207 ppp avec le D800 de 36 Mpy <\/li>\n<\/ul>\n<p><img decoding=\"async\" src=\"https:\/\/www.tempsdepause.ch\/services\/wp-content\/uploads\/2013\/09\/D800.png\" alt=\"D800\" width=\"300\" height=\"223\" class=\"alignleft size-full wp-image-3256\" \/><\/p>\n<p style=\"text-align: justify;\"> Le principal int\u00e9r\u00eat des 36 millions de pixels d\u2019un D800 est li\u00e9 \u00e0 la possibilit\u00e9 de r\u00e9aliser des tirages grand format de qualit\u00e9 sup\u00e9rieure \u00e0 ceux que l\u2019on pouvait r\u00e9aliser avec la g\u00e9n\u00e9ration pr\u00e9c\u00e9dente. <br \/>\nIl serait impossible de diff\u00e9rencier une m\u00eame prise de vue r\u00e9alis\u00e9e avec les 12 millions de pixels d\u2019un D700 de celle qui aurait \u00e9t\u00e9 r\u00e9alis\u00e9e avec les 36 millions de pixels d\u2019un D800, si le format est plus petit que le A2 (\u00a0420 X 594 mm ) voir, m\u00eame en A1, selon des comparaisons d\u2019experts. Et m\u00eame l\u00e0, cela supposerait que l\u2019on mette c\u00f4te \u00e0 c\u00f4te les deux tirages et que l\u2019on se colle le nez dessus, voir que l\u2019on utilise une loupe (ce qui n\u2019est pas n\u00e9cessairement la meilleure fa\u00e7on d\u2019appr\u00e9cier une image). <\/p>\n<p style=\"text-align: justify;\"> Mais c\u2019est une notion qui reste tr\u00e8s subjective et qui suppose que l\u2019on place c\u00f4te \u00e0 c\u00f4te deux tirages d\u2019un m\u00eame sujet, cadr\u00e9 de la m\u00eame fa\u00e7on, et r\u00e9alis\u00e9 avec des capteurs diff\u00e9rents. Si la pros\u00e9cog\u00e9nie \u201cqualit\u00e9 de ce qui suscite l\u2019attention* de l\u2019image est forte, le photographe aura facilement tendance \u00e0 attribuer \u00e0 la r\u00e9solution de son capteur ce qui rel\u00e8ve en r\u00e9alit\u00e9 de la qualit\u00e9 esth\u00e9tique de sa photo. <\/p>\n<div class=\"divider_line\"><\/div>\n<p>&nbsp;<\/p>\n<h3> Extrapolation <\/h3>\n<p style=\"text-align: justify;\">Si la photo ne compte pas assez de pixels vis \u00e0 vis du format et de la r\u00e9solution d\u2019impression, le logiciel va redimensionner l\u2019image en multipliant les pixels existants pour produire une image satisfaisante pour l\u2019\u0153il. Les logiciels font des prouesses, mais il ne pourront pas inventer les pixels manquants et cr\u00e9er les d\u00e9tails qui \u00e9taient absents du fichier original.<\/p>\n<p style=\"text-align: justify;\"> L&rsquo;extrapolation se verra plus sur un petit tirage qu&rsquo;un grand tirage \u00e0 r\u00e9solution identique, le nombre de pixel au d\u00e9part \u00e9tant plus faible sur le petit tirage. Un petit tirage sera aussi regard\u00e9 de plus pr\u00e8s, et notre oeil distinguera plus de d\u00e9tail.<br \/>\nIl faut extrapoler pas mal avant de voir des pixels, en regardant l&rsquo;impression ou \u00e0 la taille d&rsquo;impression sur l&rsquo;\u00e9cran (\u00e0 peu pr\u00e8s 37%).<br \/>\nSi vous envoyez vos grands formats \u00e0 r\u00e9aliser, le tireur pr\u00e9f\u00e8re que le client n&rsquo;extrapole pas. Si votre fichier n\u2019a pas la r\u00e9solution voulue, transf\u00e9rez le tel quel malgr\u00e9 tout au lieu de l\u2019agrandir artificiellement avec vos logiciels. Les tireurs disposent du savoir faire et d\u2019outils pro qui optimise l&rsquo;interpolation. <\/p>\n<div class=\"divider_line\"><\/div>\n&nbsp;<\/p>\n<p><img decoding=\"async\" src=\"https:\/\/www.tempsdepause.ch\/services\/wp-content\/uploads\/2013\/09\/JeanDa2012071601989.jpg\" alt=\"JeanDa2012071601989\" width=\"860\" height=\"572\" class=\"frameImg aligncenter size-full wp-image-3139\" srcset=\"https:\/\/www.tempsdepause.ch\/services\/wp-content\/uploads\/2013\/09\/JeanDa2012071601989.jpg 860w, https:\/\/www.tempsdepause.ch\/services\/wp-content\/uploads\/2013\/09\/JeanDa2012071601989-600x399.jpg 600w\" sizes=\"(max-width: 860px) 100vw, 860px\" \/><\/p>\n<a href=\"format-dimage-et-compression\" style=\"background-color:transparent\" class=\"theme_button small white no_woo_button alignlift\"><span style=\"color:gray;\">Page pr\u00e9c\u00e9dente<\/span><\/a> <a href=\"nettete-des-images\" style=\"background-color:transparent\" class=\"theme_button small white no_woo_button alignright\"><span style=\"color:gray;\">Page suivante<\/span><\/a>\n","protected":false},"excerpt":{"rendered":"<p>La r\u00e9solution des images &nbsp; Pr\u00e9cisons deux termes, qui ne sont pas synonymes, et qu\u2019il ne faut pas confondre : Pour le Web Une habitude veut que 72 ppp est la bonne r\u00e9solution pour le Web. Il serait temps de revoir la copie, car aujourd\u2019hui une tablette iPad est \u00e0 220 ppp mon MacBook Pro &#8230;<\/p>\n","protected":false},"author":1,"featured_media":0,"parent":3078,"menu_order":0,"comment_status":"open","ping_status":"open","template":"","meta":{"footnotes":""},"class_list":["post-3131","page","type-page","status-publish","hentry"],"aioseo_notices":[],"_links":{"self":[{"href":"https:\/\/www.tempsdepause.ch\/services\/wp-json\/wp\/v2\/pages\/3131","targetHints":{"allow":["GET"]}}],"collection":[{"href":"https:\/\/www.tempsdepause.ch\/services\/wp-json\/wp\/v2\/pages"}],"about":[{"href":"https:\/\/www.tempsdepause.ch\/services\/wp-json\/wp\/v2\/types\/page"}],"author":[{"embeddable":true,"href":"https:\/\/www.tempsdepause.ch\/services\/wp-json\/wp\/v2\/users\/1"}],"replies":[{"embeddable":true,"href":"https:\/\/www.tempsdepause.ch\/services\/wp-json\/wp\/v2\/comments?post=3131"}],"version-history":[{"count":0,"href":"https:\/\/www.tempsdepause.ch\/services\/wp-json\/wp\/v2\/pages\/3131\/revisions"}],"up":[{"embeddable":true,"href":"https:\/\/www.tempsdepause.ch\/services\/wp-json\/wp\/v2\/pages\/3078"}],"wp:attachment":[{"href":"https:\/\/www.tempsdepause.ch\/services\/wp-json\/wp\/v2\/media?parent=3131"}],"curies":[{"name":"wp","href":"https:\/\/api.w.org\/{rel}","templated":true}]}}