{"id":2944,"date":"2013-09-08T17:13:30","date_gmt":"2013-09-08T15:13:30","guid":{"rendered":"http:\/\/www.tempsdepause.ch\/services\/?page_id=2944"},"modified":"2015-01-19T18:07:09","modified_gmt":"2015-01-19T17:07:09","slug":"rouge","status":"publish","type":"page","link":"https:\/\/www.tempsdepause.ch\/services\/services\/stages-formations\/couleur\/rouge\/","title":{"rendered":"Rouge"},"content":{"rendered":"<div class=\"two_third\"><img decoding=\"async\" class=\"alignleft size-full wp-image-2936\" alt=\"pentoneBleu\" src=\"https:\/\/www.tempsdepause.ch\/services\/wp-content\/uploads\/2013\/09\/pentoneRouge.png\" width=\"566\" height=\"110\" \/><\/div><div class=\"one_third last\"><h4>Le rouge est l\u2019une des couleurs les plus soutenues, et attire imm\u00e9diatement l\u2019attention. De plus elle v\u00e9hicule des id\u00e9es puissantes.<\/h4><\/div><div class=\"clearboth\"><\/div>\n<p>&nbsp;<\/p>\n<h3>Le Rouge<\/h3>\n<p style=\"text-align: justify;\">Contrairement au jaune, transparent et lumineux, le rouge est relativement dense. Sa teinte est assez stable, Il peut tendre vers J&rsquo;orange ou le violet mais \u00eatre toujours per\u00e7u comme la m\u00eame couleur. rouge. Alors que le jaune d\u00e9gage de la lumi\u00e8re, le rouge d\u00e9gage de l&rsquo;\u00e9nergie. \u00e9motionnellement. le rouge est vital, terrien, fort, et chaud, m\u00eame br\u00fblant. Par extension. le rouge peut \u00e9voquer la passion (le sang chaud) d&rsquo;une part. et de l&rsquo;autre, l&rsquo;infernal. l&rsquo;agression, le danger. Si J&rsquo;on ajoute \u00e0 cela le sang, Il y a des connotations de guerre et de destruction sauvage. Les associations thermiques ont des origines \u00e9videntes. et de fait, c&rsquo;est le rouge qui est le plus utilis\u00e9 pour symboliser la chaleur. C&rsquo;est une couleur per\u00e7ue comme puissante. un symbole d&rsquo;avertissement et d&rsquo;Interdiction, comme dans les feux rouges. Le rouge a aussi \u00e9t\u00e9 un symbole de r\u00e9volution politique, \u00e0 cause de ses associations avec le sang et la guerre. Chez les c\u00e9l\u00e9brit\u00e9s, le rouge signifie \u00e9galement le pouvoir. Une c\u00e9r\u00e9monie de remise de prix n&rsquo;est rien sans son tapis rouge.<\/p>\n<p style=\"text-align: justify;\">Le principal indicateur est, comme toujours, la mani\u00e8re dont on se r\u00e9f\u00e8re \u00e0 une certaine couleur. Et entre toutes les teintes, le rouge semble \u00eatre celle qui rassemble le plus les cultures et les \u00e9poques. Lorsqu&rsquo;iI tend vers le bleu, Il produit toutes sortes de teintes exotiques, comme le magenta et le violet. M\u00eame lorsqu&rsquo;iI tend vers le brun-roux, et lorsqu&rsquo;il est fonc\u00e9, le rouge reste reconnaissable.<\/p>\n<p style=\"text-align: justify;\">Le rouge est assez courant en photographie. Il est populaire sur les b\u00e2timents, les v\u00e9hicules et les panneaux. De nombreuses fleurs rouges pr\u00e9sentent des teintes Int\u00e9ressantes. Dans la nature aussi, le rouge est un avertissement. Les animaux v\u00e9n\u00e9neux avertissent leurs pr\u00e9dateurs du danger gr\u00e2ce \u00e0 cette couleur. Les charbons ardents et les objets en combustion Irradient une lumi\u00e8re rouge \u00e0 une certaine temp\u00e9rature, et les plus beaux couchers et levers de soleil sont rouges, et embrasent les nuages.<\/p>\n<p>&nbsp;<\/p>\n<h4 style=\"text-align: center;\">Coeur de velours<\/h4>\n<p><img decoding=\"async\" class=\"frameImg aligncenter size-full wp-image-2967\" alt=\"Coquelicots\" src=\"https:\/\/www.tempsdepause.ch\/services\/wp-content\/uploads\/2013\/09\/JeanDa2006052801934.jpg\" width=\"860\" height=\"573\" srcset=\"https:\/\/www.tempsdepause.ch\/services\/wp-content\/uploads\/2013\/09\/JeanDa2006052801934.jpg 860w, https:\/\/www.tempsdepause.ch\/services\/wp-content\/uploads\/2013\/09\/JeanDa2006052801934-600x399.jpg 600w\" sizes=\"(max-width: 860px) 100vw, 860px\" \/><\/p>\n<a href=\"https:\/\/www.tempsdepause.ch\/services\/services\/stages-formations\/couleur\/bleu\" style=\"background-color:transparent\" class=\"theme_button small white no_woo_button alignlift\"><span style=\"color:gray;\">Page pr\u00e9c\u00e9dente<\/span><\/a> <a href=\"https:\/\/www.tempsdepause.ch\/services\/services\/stages-formations\/couleur\/gris\" style=\"background-color:transparent\" class=\"theme_button small white no_woo_button alignright\"><span style=\"color:gray;\">Page suivante<\/span><\/a>\n","protected":false},"excerpt":{"rendered":"<p>&nbsp; Le Rouge Contrairement au jaune, transparent et lumineux, le rouge est relativement dense. Sa teinte est assez stable, Il peut tendre vers J&rsquo;orange ou le violet mais \u00eatre toujours per\u00e7u comme la m\u00eame couleur. rouge. Alors que le jaune d\u00e9gage de la lumi\u00e8re, le rouge d\u00e9gage de l&rsquo;\u00e9nergie. \u00e9motionnellement. le rouge est vital, terrien, &#8230;<\/p>\n","protected":false},"author":1,"featured_media":0,"parent":2533,"menu_order":0,"comment_status":"open","ping_status":"open","template":"","meta":{"footnotes":""},"class_list":["post-2944","page","type-page","status-publish","hentry"],"aioseo_notices":[],"_links":{"self":[{"href":"https:\/\/www.tempsdepause.ch\/services\/wp-json\/wp\/v2\/pages\/2944","targetHints":{"allow":["GET"]}}],"collection":[{"href":"https:\/\/www.tempsdepause.ch\/services\/wp-json\/wp\/v2\/pages"}],"about":[{"href":"https:\/\/www.tempsdepause.ch\/services\/wp-json\/wp\/v2\/types\/page"}],"author":[{"embeddable":true,"href":"https:\/\/www.tempsdepause.ch\/services\/wp-json\/wp\/v2\/users\/1"}],"replies":[{"embeddable":true,"href":"https:\/\/www.tempsdepause.ch\/services\/wp-json\/wp\/v2\/comments?post=2944"}],"version-history":[{"count":0,"href":"https:\/\/www.tempsdepause.ch\/services\/wp-json\/wp\/v2\/pages\/2944\/revisions"}],"up":[{"embeddable":true,"href":"https:\/\/www.tempsdepause.ch\/services\/wp-json\/wp\/v2\/pages\/2533"}],"wp:attachment":[{"href":"https:\/\/www.tempsdepause.ch\/services\/wp-json\/wp\/v2\/media?parent=2944"}],"curies":[{"name":"wp","href":"https:\/\/api.w.org\/{rel}","templated":true}]}}