{"id":2830,"date":"2013-09-06T11:08:03","date_gmt":"2013-09-06T09:08:03","guid":{"rendered":"http:\/\/www.tempsdepause.ch\/services\/?page_id=2830"},"modified":"2015-01-19T18:01:51","modified_gmt":"2015-01-19T17:01:51","slug":"la-couleur-de-la-lumiere","status":"publish","type":"page","link":"https:\/\/www.tempsdepause.ch\/services\/services\/stages-formations\/couleur\/la-couleur-de-la-lumiere\/","title":{"rendered":"La couleur de la lumi\u00e8re"},"content":{"rendered":"<div class=\"one_third\"><img decoding=\"async\" class=\"aligncenter size-full wp-image-2832\" alt=\"prisme\" src=\"https:\/\/www.tempsdepause.ch\/services\/wp-content\/uploads\/2013\/09\/prisme.png\" width=\"300\" height=\"189\" \/><\/div><div class=\"two_third last\"><h4>La premi\u00e8re partie de l\u2019\u00e9quation de la couleur est la longueur d\u2019onde de la source de lumi\u00e8re. Soleil, flash ou lampe incandescente ou lampe fluorescente, toute source lumineuse modifie toute la gamme du spectre.<\/h4><\/div><div class=\"clearboth\"><\/div>\n<p style=\"text-align: justify;\">Le ph\u00e9nom\u00e8ne de la couleur est une interaction entre la lumi\u00e8re et les surfaces. Cela s&rsquo;applique \u00e0 tout ce qUI est visible. Une lumi\u00e8re d&rsquo;une certaine couleur tombe sur l\u2019objet d&rsquo;une certaine couleur. Ce qui est r\u00e9fl\u00e9chi ou, si l&rsquo;objet est transparent. transmis, vers nos yeux est une combinaison de ces deux couleurs. Cette observation n&rsquo;est pas seulement th\u00e9orique, surtout en photographie num\u00e9rique,<br \/> La couleur existe et fonctionne \u00e0 diff\u00e9rents niveaux. Elle est tout aussi mesurable et objective qu&rsquo;une longueur d&rsquo;onde lumineuse,<br \/> Et la lumi\u00e8re n&rsquo;occupe qu&rsquo;une minuscule portion du spectre \u00e9lectromagn\u00e9tique. qui comprend les rayons X. les Infrarouges, les ondes radio et d&rsquo;autres longueurs d&rsquo;onde. Ce spectre est continu, et la seule chose qui diff\u00e9rencie la lumi\u00e8re, c&rsquo;est que nous la voyons, Comme Isaac Newton l&rsquo;a d\u00e9montr\u00e9 en 1666 en analysant le spectre visible avec un prisme. nos yeux Identifient chaque longueur d&rsquo;onde entre 400 et 700 nanom\u00e8tres comme une certaine couleur, \u00e0 laquelle nous attribuons un nom. Il y a traditionnellement sept couleurs dans ce spectre, observable dans la nature sous forme d&rsquo;arc-en-ciel &#8211; violet, indigo, bleu, vert. Jaune, oranqe. rouqe. De nos Jours Il est plus courant de diviser le spectre en six segments, et d&rsquo;omettre l&rsquo;Indigo. Toutes ensemble, elles donnent du blanc. C&rsquo;est dans cette lumi\u00e8re que nous vivons la plupart du temps, lorsque le soleil est haut sur l&rsquo;honzon. Cela n&rsquo;a rien d&rsquo;un myst\u00e8re. Nos yeux ont \u00e9volu\u00e9 sous la lumi\u00e8re du soleil et nos cerveaux la traitent comme un \u00e9clairage normal. sans couleur, Et. comme vous avez pu le constater en utilisant la balance des blancs sur un appareil num\u00e9rique, c&rsquo;est une question pratique, non th\u00e9orique.<\/p>\n<p>La longueur d&rsquo;onde visible la plus courte est le Violet, et la plus longue est le rouge. Le Violet et le rouge profonds \u00e9tant suffisamment proches \u00e0 nos yeux, on peut disposer toutes les couleurs en cercle, ce qui est tr\u00e8s commode. Mais ce n&rsquo;est qu&rsquo;une construction. Le Violet, \u00e0 380-450 nm, et le rouge, \u00e0 630-780 nm, ne se rencontrent pas. Ils vont chacun dans des directions oppos\u00e9es, vers l&rsquo;ultraviolet et l&rsquo;Infrarouge. Il est int\u00e9ressant de remarquer qu&rsquo;\u00e0 la diff\u00e9rence de nos autres organes sensibles, nos yeux ne distinguent pas les diff\u00e9rentes longueurs d&rsquo;onde (couleurs) lorsqu&rsquo;elles sont m\u00e9lang\u00e9es. Nous les voyons comme une seule couleur:<br \/> Lorsque toutes les longueurs d&rsquo;onde sont pr\u00e9sentes nous voyons du blanc, et un coucher de soleil, de 570 nm \u00e0 620 nm, est \u00ab rouge-orang\u00e9\u00bb<\/p>\n<p><img decoding=\"async\" class=\"frameImg aligncenter size-full wp-image-2835\" alt=\"Aube sur la gouille de Champ Pittet\" src=\"https:\/\/www.tempsdepause.ch\/services\/wp-content\/uploads\/2013\/09\/JeanDa2013042401416.jpg\" width=\"760\" height=\"505\" srcset=\"https:\/\/www.tempsdepause.ch\/services\/wp-content\/uploads\/2013\/09\/JeanDa2013042401416.jpg 760w, https:\/\/www.tempsdepause.ch\/services\/wp-content\/uploads\/2013\/09\/JeanDa2013042401416-600x398.jpg 600w\" sizes=\"(max-width: 760px) 100vw, 760px\" \/><\/p>\n<h4 style=\"text-align: center;\">Aube sur la Grande Caricaie<\/h4>\n<p>Cette lumi\u00e8re magique o\u00f9 le soleil rouge de l&rsquo;aube flamboie les brumes matinales est, pour moi, la plus belle des r\u00e9compenses du photographe.<\/p>\n<div class=\"one_third\"><img decoding=\"async\" src=\"https:\/\/www.tempsdepause.ch\/services\/wp-content\/uploads\/2013\/09\/JeanDa2010051704226.jpg\" alt=\"Gr\u00e8be hupp\u00e8\" width=\"280\" height=\"186\" class=\"frameImg aligncenter size-full wp-image-2840\" \/><\/div><div class=\"one_third\"><img decoding=\"async\" src=\"https:\/\/www.tempsdepause.ch\/services\/wp-content\/uploads\/2013\/09\/JeanDa2010060806122.jpg\" alt=\"JeanDa2010060806122\" width=\"280\" height=\"186\" class=\"frameImg aligncenter size-full wp-image-2841\" \/><\/div><div class=\"one_third last\"><img decoding=\"async\" src=\"https:\/\/www.tempsdepause.ch\/services\/wp-content\/uploads\/2013\/09\/JeanDa2010063007328.jpg\" alt=\"Foulque Macroule\" width=\"280\" height=\"186\" class=\"frameImg aligncenter size-full wp-image-2839\" \/><\/div><div class=\"clearboth\"><\/div>\n<div class=\"one_third\">Entre chiens et loups moment sublime avant l\u2019aube mis en valeur sur un lac endormi.<\/div><div class=\"one_third\">Le ciel annonce le lever du jour par des teintes mauves.<\/div><div class=\"one_third last\">Contre-jour dor\u00e9 par les premiers rayons du soleil.<\/div><div class=\"clearboth\"><\/div>\n<a href=\"https:\/\/www.tempsdepause.ch\/services\/services\/stages-formations\/couleur\/la-luminosite\" style=\"background-color:transparent\" class=\"theme_button small white no_woo_button alignlift\"><span style=\"color:gray;\">Page pr\u00e9c\u00e9dente<\/span><\/a> <a href=\"https:\/\/www.tempsdepause.ch\/services\/services\/stages-formations\/couleur\/blanc\" style=\"background-color:transparent\" class=\"theme_button small white no_woo_button alignright\"><span style=\"color:gray;\">Page suivante<\/span><\/a>\n","protected":false},"excerpt":{"rendered":"<p>Le ph\u00e9nom\u00e8ne de la couleur est une interaction entre la lumi\u00e8re et les surfaces. Cela s&rsquo;applique \u00e0 tout ce qUI est visible. Une lumi\u00e8re d&rsquo;une certaine couleur tombe sur l\u2019objet d&rsquo;une certaine couleur. Ce qui est r\u00e9fl\u00e9chi ou, si l&rsquo;objet est transparent. transmis, vers nos yeux est une combinaison de ces deux couleurs. Cette observation &#8230;<\/p>\n","protected":false},"author":1,"featured_media":0,"parent":2533,"menu_order":0,"comment_status":"open","ping_status":"open","template":"","meta":{"footnotes":""},"class_list":["post-2830","page","type-page","status-publish","hentry"],"aioseo_notices":[],"_links":{"self":[{"href":"https:\/\/www.tempsdepause.ch\/services\/wp-json\/wp\/v2\/pages\/2830","targetHints":{"allow":["GET"]}}],"collection":[{"href":"https:\/\/www.tempsdepause.ch\/services\/wp-json\/wp\/v2\/pages"}],"about":[{"href":"https:\/\/www.tempsdepause.ch\/services\/wp-json\/wp\/v2\/types\/page"}],"author":[{"embeddable":true,"href":"https:\/\/www.tempsdepause.ch\/services\/wp-json\/wp\/v2\/users\/1"}],"replies":[{"embeddable":true,"href":"https:\/\/www.tempsdepause.ch\/services\/wp-json\/wp\/v2\/comments?post=2830"}],"version-history":[{"count":0,"href":"https:\/\/www.tempsdepause.ch\/services\/wp-json\/wp\/v2\/pages\/2830\/revisions"}],"up":[{"embeddable":true,"href":"https:\/\/www.tempsdepause.ch\/services\/wp-json\/wp\/v2\/pages\/2533"}],"wp:attachment":[{"href":"https:\/\/www.tempsdepause.ch\/services\/wp-json\/wp\/v2\/media?parent=2830"}],"curies":[{"name":"wp","href":"https:\/\/api.w.org\/{rel}","templated":true}]}}