{"id":2809,"date":"2013-09-06T09:48:08","date_gmt":"2013-09-06T07:48:08","guid":{"rendered":"http:\/\/www.tempsdepause.ch\/services\/?page_id=2809"},"modified":"2015-01-19T18:00:04","modified_gmt":"2015-01-19T17:00:04","slug":"la-luminosite","status":"publish","type":"page","link":"https:\/\/www.tempsdepause.ch\/services\/services\/stages-formations\/couleur\/la-luminosite\/","title":{"rendered":"La luminosit\u00e9"},"content":{"rendered":"<div class=\"one_third\"><img decoding=\"async\" class=\"aligncenter size-full wp-image-2811\" alt=\"cercleMunsel\" src=\"https:\/\/www.tempsdepause.ch\/services\/wp-content\/uploads\/2013\/09\/cercleMunsel.png\" width=\"200\" height=\"165\" \/><\/div><div class=\"two_third last\"><h4>La deuxi\u00e8me variable de la couleur est la luminosit\u00e9, et son maximum d\u00e9pend de la teinte, Le jaune est la teinte la plus lumineuse, et le violet la plus sombre.<\/h4><\/div><div class=\"clearboth\"><\/div>\n<p style=\"text-align: justify;\">La luminosit\u00e9, est ce qui fait qu&rsquo;une couleur est claire ou fonc\u00e9e. Le blanc et le noir sont aux deux extr\u00eames de cette \u00e9chelle. Il est parfois difficile de distinguer la luminosit\u00e9 de la saturation, mais Il peu \u00eatre utile de se rappeler que, entre diff\u00e9rents niveaux de luminosit\u00e9. la couleur reste pure et sans m\u00e9lange.<br \/> L&rsquo;ampleur de la gamme allant du clair au fonc\u00e9 varie entre les diff\u00e9rentes teintes, et cela peut poser des probl\u00e8mes pour harmoniser la luminosit\u00e9. Le jaune ne peut \u00eatre qu&rsquo;un ton tr\u00e8s clair ou moyen. le Jaune pur fonc\u00e9 n&rsquo;existe pas. Le rouge tr\u00e8s clair devient rose. comme vous pouvez le voir sur l&rsquo;\u00e9chelle de la page suivante. et perd donc ses qualit\u00e9s essentielles. Le bleu. en revanche, couvre toute la gamme L&rsquo;orange \u00e9tant tr\u00e8s proche du Jaune, Il n&rsquo;a pas de version fonc\u00e9e pure, mais le vert est plus Influenc\u00e9 par son composant bleu que par son composant jaune, et peut \u00eatre tr\u00e8s fonc\u00e9 ou tr\u00e8s clair. Le caract\u00e8re du violet change aux deux extr\u00eames de l&rsquo;\u00e9chelle. Il devient lavande en s&rsquo;\u00e9claircissant. et en fon\u00e7ant il est difficile Cl distinguer du bleu profond.<br \/> La luminosit\u00e9 d\u00e9pend beaucoup du niveau de lumi\u00e8re, et en photographie c&rsquo;est ce qUI est le plus facile \u00e0 modifier, en changeant l&rsquo;exposition Faites-en l&rsquo;exp\u00e9rience vous-m\u00eame gr\u00e2ce au bracketing, en photographiant une sc\u00e8ne color\u00e9e plusieurs fois en augmentant chaque fois l&rsquo;ouverture de l&rsquo;objectif. Vous obtiendrez une \u00e9chelle de luminosit\u00e9 gradu\u00e9e tr\u00e8s pr\u00e9cis\u00e9ment.<\/p>\n<p><img decoding=\"async\" class=\"frameImg aligncenter size-full wp-image-2817\" alt=\"Derborence\" src=\"https:\/\/www.tempsdepause.ch\/services\/wp-content\/uploads\/2013\/09\/JeanDa20101013009705.jpg\" width=\"600\" height=\"398\" \/><\/p>\n<h4 style=\"text-align: center;\">Derborence dans les Alpes valaisannes<\/h4>\n<h4>Modifier la luminosit\u00e9<\/h4>\n<p style=\"text-align: justify;\">Comme le montrent les \u00e9tapes progressives de cette s\u00e9quence, une l\u00e9g\u00e8re sous\u00b7exposition Intensifie les teintes. alors qu&rsquo;une sous-exposition plus prononc\u00e9e les rend simplement plus sombres, plus noires. La surexposition diminue les caract\u00e9ristiques primaires de la teinte, et donne des tons de plus en plus p\u00e2les.<\/p>\n<div class=\"one_fourth\"><img decoding=\"async\" class=\"frameImg aligncenter size-full wp-image-2815\" alt=\"Derborence\" src=\"https:\/\/www.tempsdepause.ch\/services\/wp-content\/uploads\/2013\/09\/JeanDa20101013009705N.jpg\" width=\"200\" height=\"132\" \/><\/div><div class=\"one_fourth\"><img decoding=\"async\" class=\"frameImg aligncenter size-full wp-image-2816\" alt=\"Derborence\" src=\"https:\/\/www.tempsdepause.ch\/services\/wp-content\/uploads\/2013\/09\/JeanDa20101013009705L.jpg\" width=\"200\" height=\"132\" \/><\/div><div class=\"one_fourth\"><img decoding=\"async\" class=\"frameImg aligncenter size-full wp-image-2814\" alt=\"Derborence\" src=\"https:\/\/www.tempsdepause.ch\/services\/wp-content\/uploads\/2013\/09\/JeanDa20101013009705XL.jpg\" width=\"200\" height=\"132\" \/><\/div><div class=\"one_fourth last\"><\/div><div class=\"clearboth\"><\/div>\n<div class=\"one_fourth\"><img decoding=\"async\" class=\"aligncenter size-full wp-image-2821\" alt=\"courbeLuminosit\u00e9N\" src=\"https:\/\/www.tempsdepause.ch\/services\/wp-content\/uploads\/2013\/09\/courbeLuminosit\u00e9N.png\" width=\"190\" height=\"195\" \/><\/div><div class=\"one_fourth\"><img decoding=\"async\" class=\"aligncenter size-full wp-image-2820\" alt=\"courbeLuminosit\u00e9L\" src=\"https:\/\/www.tempsdepause.ch\/services\/wp-content\/uploads\/2013\/09\/courbeLuminosit\u00e9L.png\" width=\"190\" height=\"195\" \/><\/div><div class=\"one_fourth\"><img decoding=\"async\" class=\"aligncenter size-full wp-image-2819\" alt=\"courbeLuminosit\u00e9XL\" src=\"https:\/\/www.tempsdepause.ch\/services\/wp-content\/uploads\/2013\/09\/courbeLuminosit\u00e9XL.png\" width=\"190\" height=\"197\" \/><\/div><div class=\"one_fourth last\"><\/div><div class=\"clearboth\"><\/div>\n<div class=\"one_fourth\"><h5>Exposition l\u00e9g\u00e8rement sous expos\u00e9e<\/h5>\n<p>Les teintes sont renforc\u00e9es, la for\u00eat sombre est presque noir.<\/div><div class=\"one_fourth\"><h5>Exposition \u00e9quilibr\u00e9e<\/h5>\n<p>Les tentes sont bien r\u00e9parties dans la courbe, mais l\u2019image manque d\u2019intensit\u00e9.<br \/><\/div><div class=\"one_fourth\"><h5>Sur exposition<\/h5>\n<p>L\u2019image est \u00e9cras\u00e9e de soleil et des blancs sont aux maximum de luminosit\u00e9 et ont perdu toute texture.<\/div><div class=\"one_fourth last\"><\/div><div class=\"clearboth\"><\/div>\n<a href=\"https:\/\/www.tempsdepause.ch\/services\/services\/stages-formations\/couleur\/la-saturation\" style=\"background-color:transparent\" class=\"theme_button small white no_woo_button alignlift\"><span style=\"color:gray;\">Page pr\u00e9c\u00e9dente<\/span><\/a> <a href=\"https:\/\/www.tempsdepause.ch\/services\/services\/stages-formations\/couleur\/la-couleur-de-la-lumiere\" style=\"background-color:transparent\" class=\"theme_button small white no_woo_button alignright\"><span style=\"color:gray;\">Page suivante<\/span><\/a>\n","protected":false},"excerpt":{"rendered":"<p>La luminosit\u00e9, est ce qui fait qu&rsquo;une couleur est claire ou fonc\u00e9e. Le blanc et le noir sont aux deux extr\u00eames de cette \u00e9chelle. Il est parfois difficile de distinguer la luminosit\u00e9 de la saturation, mais Il peu \u00eatre utile de se rappeler que, entre diff\u00e9rents niveaux de luminosit\u00e9. la couleur reste pure et sans &#8230;<\/p>\n","protected":false},"author":1,"featured_media":0,"parent":2533,"menu_order":0,"comment_status":"open","ping_status":"open","template":"","meta":{"footnotes":""},"class_list":["post-2809","page","type-page","status-publish","hentry"],"aioseo_notices":[],"_links":{"self":[{"href":"https:\/\/www.tempsdepause.ch\/services\/wp-json\/wp\/v2\/pages\/2809","targetHints":{"allow":["GET"]}}],"collection":[{"href":"https:\/\/www.tempsdepause.ch\/services\/wp-json\/wp\/v2\/pages"}],"about":[{"href":"https:\/\/www.tempsdepause.ch\/services\/wp-json\/wp\/v2\/types\/page"}],"author":[{"embeddable":true,"href":"https:\/\/www.tempsdepause.ch\/services\/wp-json\/wp\/v2\/users\/1"}],"replies":[{"embeddable":true,"href":"https:\/\/www.tempsdepause.ch\/services\/wp-json\/wp\/v2\/comments?post=2809"}],"version-history":[{"count":0,"href":"https:\/\/www.tempsdepause.ch\/services\/wp-json\/wp\/v2\/pages\/2809\/revisions"}],"up":[{"embeddable":true,"href":"https:\/\/www.tempsdepause.ch\/services\/wp-json\/wp\/v2\/pages\/2533"}],"wp:attachment":[{"href":"https:\/\/www.tempsdepause.ch\/services\/wp-json\/wp\/v2\/media?parent=2809"}],"curies":[{"name":"wp","href":"https:\/\/api.w.org\/{rel}","templated":true}]}}