{"id":2792,"date":"2013-09-06T08:01:30","date_gmt":"2013-09-06T06:01:30","guid":{"rendered":"http:\/\/www.tempsdepause.ch\/services\/?page_id=2792"},"modified":"2015-01-19T17:58:49","modified_gmt":"2015-01-19T16:58:49","slug":"la-saturation","status":"publish","type":"page","link":"https:\/\/www.tempsdepause.ch\/services\/services\/stages-formations\/couleur\/la-saturation\/","title":{"rendered":"La saturation"},"content":{"rendered":"<div class=\"one_third\"><img decoding=\"async\" class=\"aligncenter size-full wp-image-2807\" alt=\"cercleOstwald\" src=\"https:\/\/www.tempsdepause.ch\/services\/wp-content\/uploads\/2013\/09\/cercleOstwald.png\" width=\"200\" height=\"188\" \/><\/div><div class=\"two_third last\"><h4>Les teintes pures sont totalement satur\u00e9es, c&rsquo;est-\u00e0-dire qu&rsquo;elles sont a un degr\u00e9 d&rsquo;intensit\u00e9 maximal.<br \/> La plupart des couleurs pr\u00e9sentent un taux d&rsquo;intensit\u00e9 moins \u00e9lev\u00e9, voire nul pour un gris compl\u00e8tement d\u00e9satur\u00e9.<\/h4><\/div><div class=\"clearboth\"><\/div>\n<p style=\"text-align: justify;\">La teinte est le premier param\u00e8tre de la couleur per\u00e7ue. Les autres param\u00e8tres sont la saturation et la luminosit\u00e9. La saturation, aussi appel\u00e9e chroma, est une variation de la puret\u00e9 de la couleur: de son Intensit\u00e9 ou de sa richesse. \u00c0 l&rsquo;extr\u00e9mit\u00e9 de la gamme se trouvent les couleurs pures et Intenses du cercle chromatique.<br \/> \u00c0 mesure qu&rsquo;elles perdent en saturation, elles deviennent plus grises, plus \u00ab sales\u00bb et plus ternes. Dans le monde r\u00e9el, les pigments, les teintures et les peintures perdent en saturation lorsqu&rsquo;on les m\u00e9lange au blanc, au non. au gris ou aux couleurs qUI leur sont oppos\u00e9es sur le cercle chromatique, \u00e0 savoir leurs couleurs compl\u00e9mentaires. Les teintes primaires, ainsi que la plupart des couleurs sans attribut (le \u00ab bleu\u00bb plut\u00f4t que le \u00ab bleu cobalt \u00bb) sont totalement satur\u00e9es. Dans la nature, notamment dans les paysages et les panoramas. les couleurs ne sont pas satur\u00e9es.<br \/> La palette de base est donc compos\u00e9e de couleurs m\u00e9lang\u00e9es. Dans la nature, ce sont les gris, les marrons et les verts ternes qui pr\u00e9dominent. C&rsquo;est pourquoi la couleur pure est si pris\u00e9e et devient le point central de la photographie lorsqu&rsquo;on la trouve. Les couleurs riches sont donc plus souvent recherch\u00e9es par les photographes que les teintes pastel.<\/p>\n<div class=\"one_half\"><img decoding=\"async\" class=\"frameImg alignleft size-full wp-image-2798\" alt=\"JeanDa2012071902294\" src=\"https:\/\/www.tempsdepause.ch\/services\/wp-content\/uploads\/2013\/09\/JeanDa2012071902294.jpg\" width=\"398\" height=\"600\" \/><\/div><div class=\"one_half last\"><h4>Colorado de Rustrel<\/h4>\n<p style=\"text-align: justify;\">Le Colorado de Rustrel, paysage sculpt\u00e9 au gr\u00e9 de l\u2019exploitation des carri\u00e8res d\u2019ocre et par l\u2019\u00e9rosion. Une diversit\u00e9 de teinte depuis le jaune p\u00e2le jusqu\u2019au carmin fonc\u00e9. Divers et multicolore, il s\u2019en d\u00e9gage une ambiance fascinante. Le photographe qui sait renforcer les teintes par une belle lumi\u00e8re de fin de journ\u00e9e en rapportera de splendides images. Trouver le bon niveau de saturation n\u2019est pas toujours facile, on a tendance \u00e0 en abuser, ce qui d\u00e9nature quelquefois le sujet photographier.<\/p>\n<p><img decoding=\"async\" class=\"alignright size-full wp-image-2805\" alt=\"livreMF\" src=\"https:\/\/www.tempsdepause.ch\/services\/wp-content\/uploads\/2013\/09\/livreMF.png\" width=\"150\" height=\"168\" \/><\/p>\n<p style=\"text-align: justify;\">Ce guide vous fera voir la couleur sous un nouveau jour. Ses pages vous ouvrent les portes de la couleur num\u00e9rique : capture et calibrage, puissance \u00e9motionnelle et physique. La couleur, dans la s\u00e9rie<\/p>\n<p>Photographie num\u00e9rique, de Michael Freeman, vous apprendra \u00e0 cr\u00e9er des \u0153uvres d&rsquo;art \u00e9clatantes<\/p><\/div><div class=\"clearboth\"><\/div>\n<p><img decoding=\"async\" class=\"frameImg aligncenter size-full wp-image-2802\" alt=\"Neige et Givre\" src=\"https:\/\/www.tempsdepause.ch\/services\/wp-content\/uploads\/2013\/09\/JeanDa2006011400201.jpg\" width=\"600\" height=\"398\" \/><\/p>\n<h4 style=\"text-align: center;\">Gla\u00e7on aux formes suggestives<\/h4>\n<p style=\"text-align: justify;\">Aucune saturation dans cette image de teintes grises. Pour en renforcer l\u2019attrait, j\u2019ai abus\u00e9 volontairement du contraste.<\/p>\n<a href=\"https:\/\/www.tempsdepause.ch\/services\/services\/stages-formations\/couleur\/perception-visuelle\" class=\"theme_button small white no_woo_button alignlift\"><span style=\"color:gray;\">Page pr\u00e9c\u00e9dente<\/span><\/a> <a href=\"https:\/\/www.tempsdepause.ch\/services\/services\/stages-formations\/couleur\/la-luminosite\" class=\"theme_button small white no_woo_button alignright\"><span style=\"color:gray;\">Page suivante<\/span><\/a>\n","protected":false},"excerpt":{"rendered":"<p>La teinte est le premier param\u00e8tre de la couleur per\u00e7ue. Les autres param\u00e8tres sont la saturation et la luminosit\u00e9. La saturation, aussi appel\u00e9e chroma, est une variation de la puret\u00e9 de la couleur: de son Intensit\u00e9 ou de sa richesse. \u00c0 l&rsquo;extr\u00e9mit\u00e9 de la gamme se trouvent les couleurs pures et Intenses du cercle chromatique. &#8230;<\/p>\n","protected":false},"author":1,"featured_media":0,"parent":2533,"menu_order":0,"comment_status":"open","ping_status":"open","template":"","meta":{"footnotes":""},"class_list":["post-2792","page","type-page","status-publish","hentry"],"aioseo_notices":[],"_links":{"self":[{"href":"https:\/\/www.tempsdepause.ch\/services\/wp-json\/wp\/v2\/pages\/2792","targetHints":{"allow":["GET"]}}],"collection":[{"href":"https:\/\/www.tempsdepause.ch\/services\/wp-json\/wp\/v2\/pages"}],"about":[{"href":"https:\/\/www.tempsdepause.ch\/services\/wp-json\/wp\/v2\/types\/page"}],"author":[{"embeddable":true,"href":"https:\/\/www.tempsdepause.ch\/services\/wp-json\/wp\/v2\/users\/1"}],"replies":[{"embeddable":true,"href":"https:\/\/www.tempsdepause.ch\/services\/wp-json\/wp\/v2\/comments?post=2792"}],"version-history":[{"count":0,"href":"https:\/\/www.tempsdepause.ch\/services\/wp-json\/wp\/v2\/pages\/2792\/revisions"}],"up":[{"embeddable":true,"href":"https:\/\/www.tempsdepause.ch\/services\/wp-json\/wp\/v2\/pages\/2533"}],"wp:attachment":[{"href":"https:\/\/www.tempsdepause.ch\/services\/wp-json\/wp\/v2\/media?parent=2792"}],"curies":[{"name":"wp","href":"https:\/\/api.w.org\/{rel}","templated":true}]}}