{"id":2757,"date":"2013-09-05T20:04:09","date_gmt":"2013-09-05T18:04:09","guid":{"rendered":"http:\/\/www.tempsdepause.ch\/services\/?page_id=2757"},"modified":"2015-01-19T18:23:09","modified_gmt":"2015-01-19T17:23:09","slug":"calibragecaracterisation","status":"publish","type":"page","link":"https:\/\/www.tempsdepause.ch\/services\/services\/stages-formations\/couleur\/calibragecaracterisation\/","title":{"rendered":"Calibrage&#038;Caract\u00e9risation"},"content":{"rendered":"<p style=\"text-align: justify;\">C&rsquo;est sur le moniteur que l&rsquo;on prend toutes les d\u00e9cisions importantes \u00e0 propos de la couleur, et pour qu&rsquo;il repr\u00e9sente la couleur de fa\u00e7on pr\u00e9cise, il doit \u00eatre \u00e9talonn\u00e9. Observer les couleurs r\u00e9elles d&rsquo;une image et non pas celles travesties par un \u00e9cran mal r\u00e9gl\u00e9 est la premi\u00e8re condition pour effectuer des travaux de retouche s\u00e9rieux.\u00a0<\/p>\n<p style=\"text-align: justify;\">La caract\u00e9risation ne vise plus \u00e0 modifier l&rsquo;affichage de l&rsquo;\u00e9cran comme vous l&rsquo;avez fait lors de l&rsquo;\u00e9talonnage ou calibrage, mais simplement \u00e0 savoir comment ce p\u00e9riph\u00e9rique affiche les couleurs. Ainsi, le logiciel de calibration accompagnant la sonde compare les couleurs affich\u00e9e avec les couleurs id\u00e9ales L*a*b*<\/p>\n<p style=\"text-align: justify;\">Avec une sonde, la calibration et la caract\u00e9risation se font dans une m\u00eame proc\u00e9dure, l&rsquo;une \u00e0 la suite de l&rsquo;autre.\u00a0<\/p>\n<h3>Caract\u00e9risation<\/h3>\n<p style=\"text-align: justify;\">Un spectrophotom\u00e8tre permet de mesurer les couleurs affich\u00e9es par le moniteur ou imprim\u00e9es par l&rsquo;imprimante et la presse. La mesure s&rsquo;effectue sur une charte de couleurs repr\u00e9sentative. Une fois les spectres mesur\u00e9s sur chaque \u00e9chantillon \u00ab patch \u00bb de la charte, on peut pr\u00e9ciser la relation entre les couleurs propres au p\u00e9riph\u00e9rique et celles d&rsquo;un espace chromatique de r\u00e9f\u00e9rence comme le CIE LAB ou l&rsquo;espace XYZ. Cette derni\u00e8re op\u00e9ration est connue sous le nom de caract\u00e9risation. Elle est \u00e0 la base de la gestion de la couleur. La caract\u00e9risation d\u00e9bouche sur l&rsquo;\u00e9laboration d&rsquo;un profil \u00e9tabli selon les recommandations de l&rsquo;International Color Consortium (ICC). <\/p>\n<h3>Calibrage<\/h3>\n<p style=\"text-align: justify;\">Il ne faut pas confondre la caract\u00e9risation avec le calibrage.<br \/>\nLe calibrage est souvent appel\u00e9 \u00e0 tort \u00ab calibration \u00bb selon un anglicisme malheureusement r\u00e9pandu. Il consiste en une mise en conformit\u00e9 avec les sp\u00e9cifications d&rsquo;un constructeur ou avec un standard normatif. Le calibrage est en quelque sorte l&rsquo;\u00e9talonnage du p\u00e9riph\u00e9rique, tandis que la caract\u00e9risation est la mise en correspondance avec un r\u00e9f\u00e9rent universel (le mod\u00e8le chromatique de r\u00e9f\u00e9rence) de la fa\u00e7on dont le p\u00e9riph\u00e9rique calibr\u00e9 rend compte des couleurs.<br \/>\nChacune de ces deux op\u00e9rations est indispensable. Il ne sert \u00e0 rien de caract\u00e9riser un p\u00e9riph\u00e9rique sans l&rsquo;avoir au pr\u00e9alable calibr\u00e9. Le calibrage est la seule garantie de la p\u00e9rennit\u00e9 des r\u00e9glages de l&rsquo;appareil et de la justesse de sa caract\u00e9risation. Pour \u00eatre efficace, la gestion de la couleur doit en effet s&rsquo;effectuer dans un environnement stable. Aussi soigneusement r\u00e9alis\u00e9 soit-il, un profillCC ne serait d&rsquo;aucune utilit\u00e9 si la machine dont il d\u00e9crit les couleurs n&rsquo;est pas (ou plus) \u00e9talonn\u00e9e. Cela reviendrait \u00e0 utiliser un m\u00eame profil ICC pour deux machines diff\u00e9rentes &#8230; <\/p>\n<h3>Quel sondes choisir ?<\/h3>\n<p style=\"text-align: justify;\">Des deux marques qui se partage le march\u00e9 X-Rite sort du lot. La sonde <strong>i1Display Pro<\/strong> n\u2019usurpe pas son appellation. C\u2019est le bon choix que je ne suis pas le seul \u00e0 vous conseillez, seul la qualit\u00e9 compte. voir le comparatif avec la <strong>Spyder4<\/strong> sur le site de <a title=\"Couleureticc.com\" href=\"http:\/\/couleureticc.com\/wp\/2013\/06\/20\/xrite-i1-display-pro-contre-datacolor-spyder-4-elite-le-match-le-vrai\/\" target=\"_blank\">couleureticc.com<\/a>. C\u2019est \u00e9galement <strong>X-Rite<\/strong> qui \u00e9quipe les \u00e9crans graphique Eizo et les imprimantes photo Epson pour l\u2019\u00e9preuvage.\u00a0<\/p>\n<p style=\"text-align: justify;\">X-Rite propose plusieurs mod\u00e8les.\u00a0 Prenez le temps de les comparer sur le site de <a title=\"Xritephoto.com\" href=\"http:\/\/xritephoto.com\/ph_product_overview.aspx?id=1454&amp;catid=109&amp;action=overview\" target=\"_blank\">X-Rite<\/a>, le mod\u00e8le que j\u2019ai choisi, l\u2019i1Display Pro est le choix par excellence des photographes. l&rsquo;<strong>i1Display\u00a0Pro<\/strong> offre aux Perfectionnistes de la couleur le parfait \u00e9quilibre entre rapidit\u00e9, richesse fonctionnelle et ma\u00eetrise des r\u00e9glages pour une pr\u00e9cision chromatique in\u00e9gal\u00e9e dans tous les flux de travail. Cette sonde et son logiciel simple \u00e0 utiliser vous conviendra parfaitement. Vendue aux prix de <strong>CHF 205.-<\/strong> chez mon discunter pr\u00e9f\u00e9r\u00e9: <a title=\"Heiniger Ag\" href=\"http:\/\/shop.heinigerag.ch\" target=\"_blank\">heinigerag.ch<\/a>\u00a0<\/p>\n<p style=\"text-align: justify;\">Si vous pensez cr\u00e9er vos profils d\u2019impression choisissez alors la\u00a0<strong>ColorMunki Photo<\/strong> ou mieux, <strong>i1Photo Pro\u00a02<\/strong> qui constitue la nouvelle norme en mati\u00e8re d&rsquo;excellence pour les photographes \u00ab\u00a0perfectionnistes\u00a0\u00bb soucieux d&rsquo;obtenir des couleurs pr\u00e9cises de mani\u00e8re r\u00e9p\u00e9table, et ce d\u00e8s le premier essai. Vous pouvez cr\u00e9er rapidement et en toute simplicit\u00e9 des profils personnalis\u00e9s pour vos appareils photo, moniteurs, projecteurs, scanners et imprimantes RVB. De cette fa\u00e7on, vous avez la garantie que les couleurs que vous capturez, visualisez ou imprimez sont vraiment fid\u00e8les \u00e0 la r\u00e9alit\u00e9.\u00a0<\/p>\n<p style=\"text-align: justify;\">Mais le prix de l\u2019<strong>i1Photo Pro\u00a02<\/strong> est multipli\u00e9 par sept par rapport \u00e0 l\u2019<strong>i1Display Pro<\/strong> cela fait r\u00e9fl\u00e9chir et je doute que c\u2019est la priorit\u00e9 du photographe passionn\u00e9 de cr\u00e9er des profils d\u2019impression. On trouve pour chaque papier photo un profil ICC sur les sites des producteurs et vous pouvez \u00e9galement recourir aux services d\u2019un professionnel en imprimant sa mire selon ses instructions et envoyez l\u00e0 par la poste. Vous pourrez t\u00e9l\u00e9charger quelques jours plus tard le profil ICC<\/p>\n<div class=\"two_third\"><h3>Calibrer et caract\u00e9riser avec i1Display Pro<\/h3>\n<p style=\"text-align: justify;\">Si vous venez d&rsquo;allumer votre \u00e9cran, attendez que son r\u00e9tro\u00e9clairage stabilise. Utilisez ensuite la liaison USB pour connecter le colorim\u00e8tre \u00e0 votre poste de travail.<br \/> R\u00e9initialisez les r\u00e9glages du menu de l\u2019\u00e9cran. Familiarisez-vous avec ce menu c&rsquo;est lui que vous utiliserez pour effectuer les r\u00e9glages de la luminosit\u00e9 et du contraste qu&rsquo;exige le logiciel de la sonde. D\u00e9marrez ensuite i1Profiler et s\u00e9lectionnez sous Mode utilisateur l&rsquo;option Avanc\u00e9.<\/div><div class=\"one_third last\"><img decoding=\"async\" src=\"https:\/\/www.tempsdepause.ch\/services\/wp-content\/uploads\/2013\/09\/i1Display.png\" alt=\"i1Display\" width=\"240\" height=\"191\" class=\"aligncenter size-full wp-image-2785\" \/><\/div><div class=\"clearboth\"><\/div><div class=\"two_third\"><img decoding=\"async\" class=\"aligncenter size-full wp-image-2759\" alt=\"i1profiler2\" src=\"https:\/\/www.tempsdepause.ch\/services\/wp-content\/uploads\/2013\/09\/i1profiler2.png\" width=\"600\" height=\"405\" \/><\/div><div class=\"one_third last\"><p style=\"text-align: justify;\">Le menu Param\u00e8tres de l&rsquo;\u00e9cran affiche les \u00e9crans d\u00e9tect\u00e9s ainsi que les m\u00e9thodes d&rsquo;analyse pr\u00e9conis\u00e9es par le logiciel (CFL, CFL \u00e0 gamut large, Diode blanche, Diode RVB et Projecteur). Choisissez Diode blanche sur un MacBook Pro ou v\u00e9rifiez le r\u00e9tro\u00e9clairage de votre appareil.<\/p>\n<p style=\"text-align: justify;\">Proc\u00e9dez au choix du point blanc. Le param\u00e8tre par d\u00e9faut illuminant CIE D65 convient \u00e0 la plupart des \u00e9crans et domaines d&rsquo;utilisation.<br \/> Si les r\u00e9glages D50 et D55 permettent de r\u00e9duire la temp\u00e9rature de couleur de l&rsquo;\u00e9cran pour l&rsquo;approcher de la couleur de l&rsquo;illuminant utilis\u00e9 pour l&rsquo;observation des tirages, ils sont inappropri\u00e9s pour des \u00e9crans aux prestations modestes type TN et ordinateur portable. Le param\u00e8tre Natif donne alors de meilleurs r\u00e9sultats pour peu que le point blanc initial de votre \u00e9cran ne soit pas trop \u00abfroid \u00bb. Il est aussi possible de choisir un point blanc personnalis\u00e9, 58000 K est un excellent compromis pour l&rsquo;impression Fine Art.<\/p><\/div><div class=\"clearboth\"><\/div>\n<div class=\"two_third\"><img decoding=\"async\" class=\"aligncenter size-full wp-image-2760\" alt=\"i1profiler3\" src=\"https:\/\/www.tempsdepause.ch\/services\/wp-content\/uploads\/2013\/09\/i1profiler3.png\" width=\"481\" height=\"271\" \/><\/div><div class=\"one_third last\"><p style=\"text-align: justify;\">Le r\u00e9glage de luminosit\u00e9 d&rsquo;un \u00e9cran consiste \u00e0 r\u00e9gler la puissance du r\u00e9tro-\u00e9clairage illuminant les cristaux liquides. Lorsque la luminance de l&rsquo;\u00e9cran est mal ajust\u00e9e, vos images imprim\u00e9es risquent un rendu inappropri\u00e9. Trop \u00e9lev\u00e9e, les images excessivement claires vous inciteront \u00e0 les corriger dans un logiciel et \u00e0 produire des tirages trop sombres. Dans des conditions normales d&rsquo;\u00e9clairage, r\u00e9glez la luminance d&rsquo;abord sur 100 cd\/m<sup>2<\/sup>. \u00c9valuez ensuite vos tirages: s&rsquo;ils sont trop sombres, diminuez la luminance \u00e0 80 cd\/m<sup>2<\/sup>, s&rsquo;ils sont trop clairs, augmentez-la \u00e0 120 cd\/m<sup>2<\/sup>. Ignorez le contr\u00f4le de l&rsquo;\u00e9clairage ambiant (d\u00e9sactiv\u00e9 par d\u00e9faut), dont le fonctionnement est finalement assez obscur.<\/p><\/div><div class=\"clearboth\"><\/div> <div class=\"two_third\"><img decoding=\"async\" class=\"aligncenter size-full wp-image-2761\" alt=\"i1profiler4\" src=\"https:\/\/www.tempsdepause.ch\/services\/wp-content\/uploads\/2013\/09\/i1profiler4.png\" width=\"600\" height=\"420\" \/><\/div><div class=\"one_third last\"><p style=\"text-align: justify;\">Passez \u00e0 l&rsquo;onglet Mesure. Pour le r\u00e9glage de la luminosit\u00e9 et du contraste, i1Profiler permet de choisir entre un ajustage automatique (ADC) ou manuel, automatique fonctionne \u00e0 merveille. Choisissez le jeu de patch \u00abgrand\u00bb<br \/> D\u00e9marre la mesure, puis fixez le colorim\u00e8tre sur l&rsquo;\u00e9cran. Cliquez ensuite sur Suivant. Le logiciel proc\u00e8de \u00e0 une s\u00e9rie de mesures, puis affiche une jauge \u00e0 gauche de la fen\u00eatre. Ouvrez le menu de votre \u00e9cran et avec le choix manuel, ajustez le r\u00e9glage de luminosit\u00e9 jusqu&rsquo;\u00e0 ce que la valeur mesur\u00e9e s&rsquo;approche de la valeur cible. Cliquez sur Suivant pour continuer. Une succession de plages color\u00e9es et grises d\u00e9file ensuite sous le colorim\u00e8tre.<\/p><\/div><div class=\"clearboth\"><\/div> <div class=\"two_third\"><img decoding=\"async\" class=\"aligncenter size-full wp-image-2766\" alt=\"i1profiler6\" src=\"https:\/\/www.tempsdepause.ch\/services\/wp-content\/uploads\/2013\/09\/i1profiler61.png\" width=\"600\" height=\"420\" \/><\/div><div class=\"one_third last\"><p style=\"text-align: justify;\">Les mesures termin\u00e9es, passez \u00e0 l&rsquo;onglet ICC pour nommer et enregistrer le profil avec un nom pertinent.<br \/> Le menu Distribution de profil permet de choisir la validit\u00e9 du profil. Le menu Rappel de caract\u00e9risation permet de fixer le d\u00e9lai au terme duquel vous devez renouveler le calibrage de votre \u00e9cran. Cliquez sur Cr\u00e9er et enregistrer votre profil pour l&rsquo;enregistrer en tant que profil par d\u00e9faut.<br \/> Le mode Avanc\u00e9 de i1Profiler propose une fonction de v\u00e9rification pour \u00e9valuer la pertinence du profil cr\u00e9\u00e9. Trois onglets affichent une repr\u00e9sentation en 3D du nouveau profil d&rsquo;affichage, la courbe gamma et les corrections charg\u00e9es dans la carte graphique ainsi que des images de diff\u00e9rentes gammes de couleurs pour juger tour \u00e0 tour le rendu du nouveau profil. Vous pouvez confronter les couleurs affich\u00e9es par l&rsquo;\u00e9cran aux valeurs de r\u00e9f\u00e9rence d&rsquo;une mire ColorChecker, d&rsquo;une image ou d&rsquo;une couleur d&rsquo;accompagnement .<\/p><\/div><div class=\"clearboth\"><\/div> <div class=\"two_third\"><\/div><div class=\"one_third last\"><\/div><div class=\"clearboth\"><\/div>\n<a href=\"https:\/\/www.tempsdepause.ch\/services\/services\/stages-formations\/couleur\/avant-detalonner-son-ecran\" style=\"background-color:transparent\" class=\"theme_button small white no_woo_button alignlift\"><span style=\"color:gray;\">Page pr\u00e9c\u00e9dente<\/span><\/a> <a href=\"https:\/\/www.tempsdepause.ch\/services\/services\/stages-formations\/couleur\" style=\"background-color:transparent\" class=\"theme_button small white no_woo_button alignright\"><span style=\"color:gray;\">La couleur<\/span><\/a>\n","protected":false},"excerpt":{"rendered":"<p>C&rsquo;est sur le moniteur que l&rsquo;on prend toutes les d\u00e9cisions importantes \u00e0 propos de la couleur, et pour qu&rsquo;il repr\u00e9sente la couleur de fa\u00e7on pr\u00e9cise, il doit \u00eatre \u00e9talonn\u00e9. Observer les couleurs r\u00e9elles d&rsquo;une image et non pas celles travesties par un \u00e9cran mal r\u00e9gl\u00e9 est la premi\u00e8re condition pour effectuer des travaux de retouche &#8230;<\/p>\n","protected":false},"author":1,"featured_media":0,"parent":2533,"menu_order":0,"comment_status":"open","ping_status":"open","template":"","meta":{"footnotes":""},"class_list":["post-2757","page","type-page","status-publish","hentry"],"aioseo_notices":[],"_links":{"self":[{"href":"https:\/\/www.tempsdepause.ch\/services\/wp-json\/wp\/v2\/pages\/2757","targetHints":{"allow":["GET"]}}],"collection":[{"href":"https:\/\/www.tempsdepause.ch\/services\/wp-json\/wp\/v2\/pages"}],"about":[{"href":"https:\/\/www.tempsdepause.ch\/services\/wp-json\/wp\/v2\/types\/page"}],"author":[{"embeddable":true,"href":"https:\/\/www.tempsdepause.ch\/services\/wp-json\/wp\/v2\/users\/1"}],"replies":[{"embeddable":true,"href":"https:\/\/www.tempsdepause.ch\/services\/wp-json\/wp\/v2\/comments?post=2757"}],"version-history":[{"count":0,"href":"https:\/\/www.tempsdepause.ch\/services\/wp-json\/wp\/v2\/pages\/2757\/revisions"}],"up":[{"embeddable":true,"href":"https:\/\/www.tempsdepause.ch\/services\/wp-json\/wp\/v2\/pages\/2533"}],"wp:attachment":[{"href":"https:\/\/www.tempsdepause.ch\/services\/wp-json\/wp\/v2\/media?parent=2757"}],"curies":[{"name":"wp","href":"https:\/\/api.w.org\/{rel}","templated":true}]}}