{"id":2734,"date":"2013-09-04T22:36:24","date_gmt":"2013-09-04T20:36:24","guid":{"rendered":"http:\/\/www.tempsdepause.ch\/services\/?page_id=2734"},"modified":"2015-01-19T18:20:37","modified_gmt":"2015-01-19T17:20:37","slug":"choisir-un-ecran-ne-se-reflechit-helas-meme-pas","status":"publish","type":"page","link":"https:\/\/www.tempsdepause.ch\/services\/services\/stages-formations\/couleur\/choisir-un-ecran-ne-se-reflechit-helas-meme-pas\/","title":{"rendered":"Choisir un \u00e9cran ne se r\u00e9fl\u00e9chit, h\u00e9las, m\u00eame pas !"},"content":{"rendered":"<p style=\"text-align: justify;\">En photo, la diff\u00e9rence de performance des appareils n\u2019est pas si subtile, l\u2019une est rouge et l\u2019autre jaune. Les supporters des deux principales marques, \u00e9tant s\u00fbrs qu\u2019ils sont les meilleurs, vont d\u00e9battre des jours sur les propri\u00e9t\u00e9s des cam\u00e9ras de leur marque pr\u00e9f\u00e9r\u00e9e dans une empoignade digne d\u2019un match de foot sur leur forum favori. En informatique, c\u2019est presque pareil. Moi, qui suis pourtant certifi\u00e9 Microsoft Pro, bien je pr\u00e9f\u00e8re ouvrir Windows pour tout balancer par la fen\u00eatre, puis savourer calmement ma belle pomme. Mais de tous ces supporters partisans, combien prennent la peine de choisir leurs \u00e9crans ? Et peuvent-ils encore financi\u00e8rement y penser apr\u00e8s l\u2019achat de la derni\u00e8re cam\u00e9ra reflex 36 m\u00e9gas de pixels et de beaux cailloux ? Et pourtant de nos jours un photographe passe plus de temps devant son \u00e9cran que derri\u00e8re le viseur de son bo\u00eetier. La partie post-traitement qui permet d\u2019optimiser l\u2019image prend un temps fou. <\/p>\n<h3>Avez-vous d\u00e9j\u00e0 comptabilis\u00e9 les heures pass\u00e9es \u00e0 retoucher vos images?<\/h3>\n<p><img decoding=\"async\" src=\"https:\/\/www.tempsdepause.ch\/services\/wp-content\/uploads\/2013\/09\/JeanDa2013080503051.jpg\" alt=\"Flore Vanil Noir a Bounavaux\" width=\"500\" height=\"500\" class=\"frameImg alignleft size-full wp-image-2745\" srcset=\"https:\/\/www.tempsdepause.ch\/services\/wp-content\/uploads\/2013\/09\/JeanDa2013080503051.jpg 600w, https:\/\/www.tempsdepause.ch\/services\/wp-content\/uploads\/2013\/09\/JeanDa2013080503051-150x150.jpg 150w, https:\/\/www.tempsdepause.ch\/services\/wp-content\/uploads\/2013\/09\/JeanDa2013080503051-90x90.jpg 90w, https:\/\/www.tempsdepause.ch\/services\/wp-content\/uploads\/2013\/09\/JeanDa2013080503051-300x300.jpg 300w\" sizes=\"(max-width: 500px) 100vw, 500px\" \/><\/p>\n<p style=\"text-align: justify;\">Il est d&rsquo;autant plus important d&rsquo;investir dans un \u00e9cran de qualit\u00e9, \u00e0 la fois plus fid\u00e8le et plus reposant pour les yeux. Le choix d&rsquo;un bon \u00e9cran n&rsquo;est pas aussi ais\u00e9. <\/p>\n<p style=\"text-align: justify;\">Le type de dalle LCD est l&rsquo;un des \u00e9l\u00e9ments principaux conditionnant la qualit\u00e9 d&rsquo;un \u00e9cran. Plusieurs technologies de dalles se partagent le march\u00e9:TN, VA et IPS. <\/p>\n<h3>TN<\/h3>\n<p style=\"text-align: justify;\">Tr\u00e8s faciles \u00e0 fabriquer et de ce fait tr\u00e8s \u00e9conomiques, les dalles TN b\u00e9n\u00e9ficient d&rsquo;une tr\u00e8s bonne r\u00e9activit\u00e9, appr\u00e9ci\u00e9e par les joueurs. Toutefois, leurs d\u00e9fauts sont plut\u00f4t r\u00e9dhibitoires pour un photographe. D&rsquo;une part, leur homog\u00e9n\u00e9it\u00e9 laisse \u00e0 d\u00e9sirer et d&rsquo;autre part, les couleurs, la luminosit\u00e9 et le contraste de l&rsquo;affichage varient beaucoup pour peu que vous ne soyez pas parfaitement en face de l&rsquo;\u00e9cran. Le nombre de nuances affich\u00e9es par ces \u00e9crans est \u00e9galement tr\u00e8s r\u00e9duit, n&rsquo;affichant que 64 nuances par couleur, l&rsquo;\u00e9tendue des couleurs atteint p\u00e9niblement celle de l&rsquo;espace sRGB. Il ne faut pas esp\u00e9rer reproduire une \u00e9chelle de gris sans art\u00e9facts et la forte variation des tonalit\u00e9s et des couleurs suite \u00e0 un changement de position par rapport \u00e0 l&rsquo;\u00e9cran les disqualifie pour des travaux de retouche exigeants. <\/p>\n<h3>VA<\/h3>\n<p style=\"text-align: justify;\">Les dalles VA existent en diff\u00e9rentes d\u00e9clinaisons, suivant leurs fabricants et caract\u00e9ristiques techniques. Toutes partagent des noirs profonds, des angles de vision tr\u00e8s ouverts et une bonne r\u00e9activit\u00e9. De mani\u00e8re g\u00e9n\u00e9rale, leur uniformit\u00e9 d&rsquo;affichage est aussi satisfaisante que leur rapport de contraste et leur \u00e9tendue de couleurs. <\/p>\n<p><img decoding=\"async\" src=\"https:\/\/www.tempsdepause.ch\/services\/wp-content\/uploads\/2013\/09\/nec.jpg\" alt=\"nec\" width=\"177\" height=\"150\" class=\"alignright size-full wp-image-2748\" \/><\/p>\n<h3>IPS<\/h3>\n<p style=\"text-align: justify;\">Enfin la technologie IPS est la meilleure pour fabriquer des dalles pour les photographes. Elle offre notamment des angles de vision proches de 180\u00b0. Les dalles IPS sont un gage de qualit\u00e9. C&rsquo;est la technologie \u00e0 privil\u00e9gier pour les \u00e9crans de retouches photo, avec un large gamut au moins \u00e9gal \u00e0 95% de l&rsquo;Adobe 1998. A noter que la dalle de l&rsquo;iPad est une technologie IPS, ainsi que de plus en plus d&rsquo;\u00e9crans de portables haut de gamme comme sur certains portables Asus, Sony et bien s\u00fbr les MacBook Pro d&rsquo;Apple.<br \/>\nOn peut juste s&rsquo;avancer \u00e0 dire qu&rsquo;une dalle IPS \u00e0 \u00e9clairage \u00e0 LED RVB constitue tout de m\u00eame la cr\u00e8me en 2013. <\/p>\n<h3>R\u00e9tro<\/h3>\n<p style=\"text-align: justify;\">La plupart des \u00e9crans int\u00e8grent un r\u00e9tro\u00e9clairage compos\u00e9 de tubes fluorescents \u00e0 cathode froide (CCFL) dont une d\u00e9clinaison (WCG-CCFL) permet d&rsquo;obtenir des gamuts plus \u00e9tendus. Certains \u00e9crans haut de gamme utilisent des LED color\u00e9s en bleu, vert et rouge pour \u00e9clairer l&rsquo;\u00e9cran. En contr\u00f4lant l&rsquo;intensit\u00e9 des LED individuellement, il est ainsi possible d&rsquo;obtenir un meilleur taux de contraste et une \u00e9tendue des couleurs plus importante, d\u00e9passant m\u00eame le gamut de l&rsquo;espace de r\u00e9f\u00e9rence, Adobe RGB. Par rapport aux tubes CCFL, les LED g\u00e9n\u00e8rent moins de chaleur. <br \/>\nUne autre technologie consiste \u00e0 placer des LED blancs sur les bords de la dalle au lieu de les positionner \u00e0 l&rsquo;arri\u00e8re. Il est ainsi possible de construire des \u00e9crans moins profonds et plus l\u00e9gers. Par la puret\u00e9 de son \u00e9clairage et son contr\u00f4le de l&rsquo;intensit\u00e9 de chaque diode, un \u00e9cran \u00e9quip\u00e9 de LED blancs se distingue par un contraste et une luminosit\u00e9 apparente \u00e9lev\u00e9e, mais son gamut n&rsquo;exc\u00e8de pas forc\u00e9ment celui d&rsquo;un \u00e9cran \u00e0 tubes CCFL. De mani\u00e8re g\u00e9n\u00e9rale, le nombre et la r\u00e9partition des tubes fluorescents influent sur l&rsquo;homog\u00e9n\u00e9it\u00e9 de l&rsquo;\u00e9clairage. Les \u00e9crans plus chers sont alors avantag\u00e9s, car ils int\u00e8grent un nombre plus important de sources d&rsquo;\u00e9clairage et un diffuseur de meilleure qualit\u00e9. Certains augmentent encore la r\u00e9partition lumineuse par voie logicielle. Quant \u00e0 la restitution des couleurs, plus ou moins fid\u00e8le, elle ne d\u00e9pend pas du r\u00e9tro\u00e9clairage, mais de la dalle plac\u00e9e en amont. <\/p>\n<h3>Eblouissant<\/h3>\n<p style=\"text-align: justify;\">Par d\u00e9faut, la plupart des \u00e9crans affichent des valeurs litt\u00e9ralement \u00e9blouissantes pour la luminosit\u00e9, exprim\u00e9es en candela par m\u00e8tre carr\u00e9. Et pourtant, une luminosit\u00e9 excessive n&rsquo;est pas seulement d\u00e9vastatrice pour vos yeux, mais elle rend l&rsquo;\u00e9talonnage d&rsquo;un \u00e9cran tr\u00e8s d\u00e9licat puisque les r\u00e9glages sont parfois insuffisants pour obtenir des valeurs de luminosit\u00e9 r\u00e9alistes. <br \/>\nLe taux de contraste d&rsquo;un \u00e9cran, calcul\u00e9 en divisant l&rsquo;\u00e9cart entre la luminance du blanc et la luminance du noir par la luminance du noir, renseigne sur la qualit\u00e9 d&rsquo;un \u00e9cran. Ne vous laissez pas s\u00e9duire par les sir\u00e8nes du marketing, promettant monts et merveilles: il est en effet beaucoup plus facile d&rsquo;augmenter la luminosit\u00e9 du blanc (il suffit d&rsquo;augmenter la puissance du r\u00e9tro\u00e9clairage) que de baisser la luminosit\u00e9 du noir, n\u00e9cessaire pour obtenir des noirs profonds et des tons fonc\u00e9s bien progressifs. Avec des valeurs de luminosit\u00e9 de 100 cd\/m2 (point blanc) et 0,2 cd\/m2 (point noir) on obtient un taux de contraste de 499: 1, bien maigre lorsqu&rsquo;il est confront\u00e9 aux promesses des fabricants. Mais en r\u00e9alit\u00e9, ce taux de contraste saurait satisfaire les utilisateurs les plus exigeants. <\/p>\n<p><img decoding=\"async\" src=\"https:\/\/www.tempsdepause.ch\/services\/wp-content\/uploads\/2013\/09\/mv_flexscan.png\" alt=\"mv_flexscan\" width=\"551\" height=\"307\" class=\"aligncenter size-full wp-image-2750\" \/><\/p>\n<h3>Large gamut<\/h3>\n<p style=\"text-align: justify;\">Si vous travaillez pour l&rsquo;\u00e9dition et si vous imprimez vos images sur une imprimante jet d&rsquo;encre photo, la gamme de couleurs qu&rsquo;un \u00e9cran est capable de reproduire (gamut) est tr\u00e8s importante. \u00c0 titre d&rsquo;exemple, la plupart des \u00e9crans d&rsquo;ordinateurs portables peinent \u00e0 afficher toutes les couleurs de l&rsquo;espace sRGB. En revanche, certains \u00e9crans du milieu de gamme proposent un espace couleur frisant l&rsquo;\u00e9tendue de l&rsquo;espace Adobe RVB. Baptis\u00e9s \u00ab Wide Gamut \u00bb, ces \u00e9crans d\u00e9livrent g\u00e9n\u00e9ralement une excellente qualit\u00e9 d&rsquo;affichage, \u00e0 m\u00eame de satisfaire des utilisateurs tr\u00e8s exigeants, pour peu que le calibrage mat\u00e9riel, r\u00e9serv\u00e9 aux \u00e9crans haut de gamme, ne fasse pas partie des desiderata sine qua non. <\/p>\n<h3>Carte graphique<\/h3>\n<p style=\"text-align: justify;\">\u00c0 l&rsquo;avenant des cartes graphiques, les \u00e9crans disposent d&rsquo;une table LUT destin\u00e9e \u00e0 r\u00e9gler l&rsquo;affichage. La plupart des \u00e9crans int\u00e8grent une LUT sur 8 bits, capables d&rsquo;afficher 1 6,7 millions de couleurs, et les LUT de certains \u00e9crans plus haut de gamme peuvent atteindre 10 bits (1 024 nuances par couleur). Mais, pour profiter pleinement de ces capacit\u00e9s accrues, il faut poss\u00e9der une carte graphique qui est capable de g\u00e9rer ce nombre d&rsquo;informations. Actuellement, certaines cartes graphiques proposent une prise en charge du mode 10 bits, mais sous condition que l&rsquo;\u00e9cran soit connect\u00e9 via une prise DisplayPort. <\/p>\n<p><img decoding=\"async\" src=\"https:\/\/www.tempsdepause.ch\/services\/wp-content\/uploads\/2013\/09\/lacie.png\" alt=\"lacie\" width=\"265\" height=\"244\" class=\"alignleft size-full wp-image-2752\" \/><\/p>\n<h3>Toujours plus large<\/h3>\n<p style=\"text-align: justify;\">Au fil des ann\u00e9es, la surface moyenne des moniteurs TFT n&rsquo;a cess\u00e9 de cro\u00eetre: aujourd&rsquo;hui, nombreux sont ceux qui utilisent des \u00e9crans 24 pouces, voire 27 ou 30 pouces. Cependant, pour comparer la surface d&rsquo;une image lorsqu&rsquo;elle est affich\u00e9e sur diff\u00e9rents \u00e9crans, il faut \u00e9galement tenir compte de leur r\u00e9solution d&rsquo;affichage, exprim\u00e9e par le nombre de pixels horizontaux et verticaux affich\u00e9s.<br \/>\nSi certains \u00e9crans 22 pouces poss\u00e8dent une r\u00e9solution de 1 680 x 1 050 pixels, d&rsquo;autres int\u00e8grent 1 920 x 1 200 pixels sur une surface identique. Ces derniers poss\u00e8dent un pas de masque (pitch) plus r\u00e9duit, permettant d&rsquo;obtenir un affichage plus fin et plus d\u00e9fini, ce qui est tr\u00e8s avantageux pour la photo, mais beaucoup moins pour la bureautique. <br \/>\nSachez aussi que les \u00e9crans aux dimensions \u00ab classiques\u00bb (format 5: 4) tendent aujourd&rsquo;hui \u00e0 dispara\u00eetre: la plupart des fabricants proposent des \u00e9crans aux formats 1 6: 9 et 1 6: 1 0, tr\u00e8s pratiques pour afficher une image c\u00f4te \u00e0 c\u00f4te avec les palettes de Photoshop. <\/p>\n<h3>Connectique <\/h3>\n<p style=\"text-align: justify;\">Pendant longtemps, le connecteur D-sub \u00e0 15 broches (prise VGA) \u00e9tait pr\u00e9pond\u00e9rant pour la liaison entre un \u00e9cran et un ordinateur. Mais cette connectique v\u00e9hiculant exclusivement des signaux analogiques est aujourd&rsquo;hui abandonn\u00e9e au profit de connectiques num\u00e9riques qui \u00e9quipent les ordinateurs plus r\u00e9cents: DVI, HDMI ou DisplayPort. \u00c0 noter que la norme DisplayPort est la seule \u00e0 permettre une transmission de donn\u00e9es sur 10 bits, les autres \u00e9tant limit\u00e9es \u00e0 8 bits. Une liaison USB entre l&rsquo;ordinateur et l&rsquo;\u00e9cran sert aussi \u00e0 contr\u00f4ler certains param\u00e8tres de l&rsquo;\u00e9cran par voie logicielle (DDC). <\/p>\n<h3>Ergonomie<\/h3>\n<p style=\"text-align: justify;\">N&rsquo;oublions pas certains aspects d&rsquo;ordre ergonomique rendant l&rsquo;utilisation de votre \u00e9cran plus ou moins confortable: est-il r\u00e9glable en hauteur? Pour la photo, privil\u00e9giez une dalle \u00e0 surface mate \u00e0 une autre brillante et veillez \u00e0 choisir un \u00e9cran dont le pourtour est noir ou gris fonc\u00e9. <br \/>\nConsid\u00e9rez votre \u00e9cran comme un investissement important pour vos yeux et vos images. Si le fabricant propose une garantie sur trois ou cinq ans, cela t\u00e9moigne de sa bonne qualit\u00e9 et de sa fiabilit\u00e9. Bien que plus on\u00e9reux que d&rsquo;autres, un tel \u00e9cran est construit pour durer et son investissement se justifie sur le long terme. <\/p>\n<p><img decoding=\"async\" src=\"https:\/\/www.tempsdepause.ch\/services\/wp-content\/uploads\/2013\/09\/JeanDa200707270048.jpg\" alt=\"JeanDa200707270048\" width=\"760\" height=\"506\" class=\"frameImg aligncenter size-full wp-image-2754\" srcset=\"https:\/\/www.tempsdepause.ch\/services\/wp-content\/uploads\/2013\/09\/JeanDa200707270048.jpg 760w, https:\/\/www.tempsdepause.ch\/services\/wp-content\/uploads\/2013\/09\/JeanDa200707270048-600x399.jpg 600w\" sizes=\"(max-width: 760px) 100vw, 760px\" \/><\/p>\n<a href=\"https:\/\/www.tempsdepause.ch\/services\/services\/stages-formations\/couleur\/convertir-les-couleurs-dun-espace-a-lautre\" style=\"background-color:transparent\" class=\"theme_button small white no_woo_button alignlift\"><span style=\"color:gray;\">Page pr\u00e9c\u00e9dente<\/span><\/a> <a href=\"https:\/\/www.tempsdepause.ch\/services\/services\/stages-formations\/couleur\/avant-detalonner-son-ecran\" style=\"background-color:transparent\" class=\"theme_button small white no_woo_button alignright\"><span style=\"color:gray;\">Page suivante<\/span><\/a>\n","protected":false},"excerpt":{"rendered":"<p>En photo, la diff\u00e9rence de performance des appareils n\u2019est pas si subtile, l\u2019une est rouge et l\u2019autre jaune. Les supporters des deux principales marques, \u00e9tant s\u00fbrs qu\u2019ils sont les meilleurs, vont d\u00e9battre des jours sur les propri\u00e9t\u00e9s des cam\u00e9ras de leur marque pr\u00e9f\u00e9r\u00e9e dans une empoignade digne d\u2019un match de foot sur leur forum favori. &#8230;<\/p>\n","protected":false},"author":1,"featured_media":0,"parent":2533,"menu_order":0,"comment_status":"open","ping_status":"open","template":"","meta":{"footnotes":""},"class_list":["post-2734","page","type-page","status-publish","hentry"],"aioseo_notices":[],"_links":{"self":[{"href":"https:\/\/www.tempsdepause.ch\/services\/wp-json\/wp\/v2\/pages\/2734","targetHints":{"allow":["GET"]}}],"collection":[{"href":"https:\/\/www.tempsdepause.ch\/services\/wp-json\/wp\/v2\/pages"}],"about":[{"href":"https:\/\/www.tempsdepause.ch\/services\/wp-json\/wp\/v2\/types\/page"}],"author":[{"embeddable":true,"href":"https:\/\/www.tempsdepause.ch\/services\/wp-json\/wp\/v2\/users\/1"}],"replies":[{"embeddable":true,"href":"https:\/\/www.tempsdepause.ch\/services\/wp-json\/wp\/v2\/comments?post=2734"}],"version-history":[{"count":0,"href":"https:\/\/www.tempsdepause.ch\/services\/wp-json\/wp\/v2\/pages\/2734\/revisions"}],"up":[{"embeddable":true,"href":"https:\/\/www.tempsdepause.ch\/services\/wp-json\/wp\/v2\/pages\/2533"}],"wp:attachment":[{"href":"https:\/\/www.tempsdepause.ch\/services\/wp-json\/wp\/v2\/media?parent=2734"}],"curies":[{"name":"wp","href":"https:\/\/api.w.org\/{rel}","templated":true}]}}