{"id":2688,"date":"2013-09-03T10:52:39","date_gmt":"2013-09-03T08:52:39","guid":{"rendered":"http:\/\/www.tempsdepause.ch\/services\/?page_id=2688"},"modified":"2015-01-19T18:21:44","modified_gmt":"2015-01-19T17:21:44","slug":"avant-detalonner-son-ecran","status":"publish","type":"page","link":"https:\/\/www.tempsdepause.ch\/services\/services\/stages-formations\/couleur\/avant-detalonner-son-ecran\/","title":{"rendered":"Avant d\u2019\u00e9talonner son \u00e9cran"},"content":{"rendered":"<p>&nbsp;<\/p>\n<div class=\"three_fifth\"><p style=\"text-align: justify;\">En principe, l\u2019\u00e9talonnage d\u2019un appareil a pour simple objectif d\u2019\u00e9tablir son profil ICC. Mais dans le cas des \u00e9crans, les outils d\u2019\u00e9talonnage se chargent d\u2019assurer deux t\u00e2ches bien diff\u00e9rentes.<\/p>\n<ul class=\"list1 list_color_gray\">\n<li>La premi\u00e8re: le calibrage par le r\u00e9glage de l\u2019\u00e9cran depuis son menu et le chargement des courbes correctrices dans la carte graphique.<\/li>\n<li>Puis la deuxi\u00e8me: la caract\u00e9risation ou profilage de l\u2019\u00e9cran en produisant le profil ICC.<\/li>\n<\/ul>\n<p style=\"text-align: justify;\">Ci-contre, certainement le meilleur \u00e9cran graphique que l\u2019on puise r\u00eaver. Le ColorEdge CG 276 de Eizo est d\u2019un confort d\u2019utilisation que je ne pourrais plus me passer. Calibr\u00e9 d\u2019usine aux recommandations colorim\u00e9triques en usage dans le monde des arts graphiques, il poss\u00e8de une sonde int\u00e9gr\u00e9e. Une belle casquette de Gavroche pour frimer un max sur le bureau du photographe.<\/p>\n<p>La dalle IPS de grande qualit\u00e9 en format 16:9 avec une r\u00e9solution de 2560&#215;1440 pixels. LCD \u00e0 r\u00e9tro\u00e9clairage \u00e0 large gamut LED qui couvre l&rsquo;espace colorim\u00e9trique Adobe RGB \u00e0 97%<\/p><\/div><div class=\"two_fifth last\"><img decoding=\"async\" class=\"alignright size-full wp-image-2692\" alt=\"CG276Eizo\" src=\"https:\/\/www.tempsdepause.ch\/services\/wp-content\/uploads\/2013\/09\/CG276Eizo.png\" width=\"400\" height=\"410\" \/><\/div><div class=\"clearboth\"><\/div>\n<h3>Choisissez la luminance du blanc<\/h3>\n<p style=\"text-align: justify;\">La luminosit\u00e9 d\u2019un \u00e9cran d\u00e9termine sa luminance maximale, c\u2019est-\u00e0-dire la luminance de la couleur blanche qu\u2019il affiche quand on lui envoie les trois composantes RVB \u00e0 255.<\/p>\n<p style=\"text-align: justify;\">D\u2019usine, les \u00e9crans sont trois fois trop lumineux, juste pour nous \u00e9blouir au propre comme au figurer. La premi\u00e8re cons\u00e9quence f\u00e2cheuse est des images bien plus sombres aux tirages que ce que l\u2019on pensait obtenir en corrigeant ses images sur un \u00e9cran \u00e9blouissant.<\/p>\n<p style=\"text-align: justify;\">Attention, ce n\u2019est pas le profil ICC de l\u2019imprimante qui est en cause, c\u2019est exclusivement le r\u00e9glage de l\u2019\u00e9cran!<\/p>\n<p style=\"text-align: justify;\">Dans des conditions normales d\u2019\u00e9clairage ambiant, un photographe obtient des images imprim\u00e9es \u00e9quilibr\u00e9es si la luminance du blanc de son \u00e9cran se situe aux environs de 90-100 cd\/m2, valeur moyenne en premi\u00e8re approche. Si les tirages obtenus paraissent trop sombres, il faut diminuer un peu cette luminance \u00e0 peut-\u00eatre 85 cd\/m<sup>2<\/sup>. Si au contraire les tirages sont trop clairs, on peut l\u2019augmenter en adoptant par exemple 110 cd\/m<sup>2<\/sup><\/p>\n<p style=\"text-align: justify;\">Des valeurs de luminance plus \u00e9lev\u00e9e sont \u00e0 envisager dans un environnement professionnel des arts graphiques avec bo\u00eetes \u00e0 lumi\u00e8re et \u00e9clairage ambiants optimis\u00e9s. Mais cela ne concerne que rarement le photographe. En revanche, si vous n&rsquo;imprimez jamais et que vous ne pr\u00e9sentez votre travail que sur Internet, choisissez une valeur plus lumineuse \u00e0 120 ou 140 Cd\/m<sup>2<\/sup><\/p>\n<h3>Et le contraste ?<\/h3>\n<p style=\"text-align: justify;\">Il a peu d\u2019influence avec un \u00e9cran LCD, laissez-le sur sa valeur d\u2019usine ou, si votre logiciel d\u2019\u00e9talonnage propose une fonction d\u2019assistance au r\u00e9glage, laissez-vous guider.<\/p>\n<h3>Choisissez la couleur du blanc.<\/h3>\n<p style=\"text-align: justify;\">Ce r\u00e9glage est assez important, car la perception visuelle d\u2019une image affich\u00e9e sur l\u2019\u00e9cran est influenc\u00e9e par la couleur est influenc\u00e9e par la couleur de son blanc, c\u2019est \u00e0 dire par la couleur r\u00e9ellement affich\u00e9e quand on lui envoie les trois composantes RVB \u00e0 255.<\/p>\n<p style=\"text-align: justify;\">Ce r\u00e9glage consiste \u00e0 r\u00e9gler la puissance du r\u00e9tro\u00e9clairage de l\u2019\u00e9cran.<\/p>\n<p style=\"text-align: justify;\">Quand on utilise un \u00e9cran pour piloter les corrections d\u2019une image destin\u00e9es \u00e0 l\u2019impression, la couleur du blanc de l\u2019\u00e9cran devrait \u00eatre identique \u00e8 la couleur de la lumi\u00e8re utilis\u00e9e pour \u00e9clairer le papier. Or, l\u2019\u00e9clairage normalis\u00e9 pour les profils d\u2019imprimantes et par les imprimeurs est D50, l\u2019\u00e9clairage solaire standardis\u00e9 \u00e0 5000 K.<\/p>\n<p style=\"text-align: justify;\">H\u00e9las, les \u00e9crans bureautiques standard utilisent un r\u00e9tro\u00e9clairage blanc qui se situent entre 6000-6500 K voir m\u00eame 7000K, et qui, g\u00e9n\u00e9ralement, n\u2019est pas modifiable. Seuls les \u00e9crans graphiques et ceux utilisant un r\u00e9tro\u00e9clairage LED r\u00e9cent sont r\u00e9glables.<\/p>\n<p style=\"text-align: justify;\">Si vous avez la chance d\u2019\u00eates \u00e9quip\u00e9 d\u2019un \u00e9cran pour arts graphiques dont le point blanc est r\u00e9glable dans de bonnes conditions, vous serez certainement tent\u00e9 de r\u00e9gler le blanc, non pas sur sa couleur naturelle, mais sur la norme des imprimeurs D50.<\/p>\n<p style=\"text-align: justify;\">Mais \u00e9viter de torturer un \u00e9cran pr\u00e9vu pour la bureautique, le r\u00e9sultat serait catastrophique, jaunasse, avec un gamut passablement r\u00e9duit.<\/p>\n<p style=\"text-align: justify;\">Quel que soit le type d\u2019\u00e9cran, et m\u00eame si vous \u00eates \u00e9quip\u00e9 d\u2019un couteux \u00abColorGraphic\u00bb, ne soyez pas trop pr\u00e9occup\u00e9 par la couleur du blanc de votre \u00e9cran. L&rsquo;int\u00e9r\u00eat du blanc D50 est la comparaison image papier, image affich\u00e9e observ\u00e9e simultan\u00e9ment. Si vous comparer les deux images en observant d\u2019abord l\u2019une puis l\u2019autre en faisant pivoter votre regard, alors votre perception visuelle accomplit plus ou moins parfaitement un travail correctif appel\u00e9 \u00abadaptation chromatique\u00bb. Ainsi, vous percevez les parties blanches de vos images sur papier et sur \u00e9cran comme \u00e9tant identiquement blanches, m\u00eame si leurs couleurs absolues sont un peu diff\u00e9rentes.<\/p>\n<p style=\"text-align: justify;\">Sachez que des variations de quelques centaines de Kevins sont \u00e0 peine discernables par la vision humaine et que la pr\u00e9cision de mesure d\u2019une sonde et de l\u2019ordre de 300K.\u00a05000 K correspond certes \u00e0 l&rsquo;illuminant D50 du pr\u00e9presse, mais le D65 est plus naturel puisqu&rsquo;il correspond \u00e0 la lumi\u00e8re du jour \u00e0 laquelle nous sommes habitu\u00e9s. Le choix final vous revient selon vos habitudes de travail et vos go\u00fbts.<\/p>\n<h3>Adopter un gamma de 2.2<\/h3>\n<p style=\"text-align: justify;\">Outre la luminosit\u00e9 et le point blanc, votre logiciel d\u2019\u00e9talonnage d\u2019\u00e9cran exige que vous lui fixer un troisi\u00e8me objectif de r\u00e9glage; le coefficient gamma. Le r\u00e9glage gamma d\u00e9termine la r\u00e9partition g\u00e9n\u00e9rale des valeurs de l\u2019image entre le noir et le blanc.<\/p>\n<p style=\"text-align: justify;\">Quels que soit votre environnement et le type de fichiers graphiques que vous traiter, fixez \u00e0 votre logiciel d\u2019\u00e9talonnage un objectif de gamma 2.2<\/p>\n<p style=\"text-align: justify;\">tous les \u00e9crans LCD, qu\u2019ils soient connect\u00e9s \u00e0 un PC ou un Mac, ont le m\u00eame comportement naturel et doivent \u00eatre \u00e9talonn\u00e9s avec un gamma de 2.2<\/p>\n<p style=\"text-align: justify;\">Si vos images sont cod\u00e9es dans un espace d\u00e9fini avec un gamma de 1.8, ProPhoto par exemple, ne soyez pas inquiet ! La gestion des couleurs est l\u00e0 pour en tenir compte. Elle saura afficher vos images sans les d\u00e9laver par un gamma trop faible.<\/p>\n<p><img decoding=\"async\" class=\" frameImg alignright size-full wp-image-2698\" alt=\"Venise\" src=\"https:\/\/www.tempsdepause.ch\/services\/wp-content\/uploads\/2013\/09\/JeanDa2013083010440.jpg\" width=\"600\" height=\"336\" \/><\/p>\n<h3>Eclairage ambiant<\/h3>\n<p style=\"text-align: justify;\">Pour \u00e9viter que la couleur de l\u2019\u00e9clairage ambiant vienne alt\u00e9rer votre gestion des couleurs, surtout si elle est tr\u00e8s diff\u00e9rente de la couleur du blanc de votre \u00e9cran, il faut que son intensit\u00e9 soit mod\u00e9r\u00e9e.<\/p>\n<p style=\"text-align: justify;\">Un bon moyen d\u2019isoler votre \u00e9cran de l\u2019influence de l\u2019environnement est de le munir d\u2019une casquette. La valeur maximale pr\u00e9conis\u00e9e par la norme ISO devrait \u00eatre\u00a0 inf\u00e9rieure \u00e0 80 lux.<\/p>\n<p style=\"text-align: justify;\">La r\u00e9flexion parasite de l\u2019\u00e9clairage ambiant par les murs, de votre chemise, des rideaux de la fen\u00eatre peuvent brouiller la belle harmonie de votre gestion des couleurs. Id\u00e9alement fermer les stores, badigeonner les murs d\u2019un gris neutre, remplacer l&rsquo;abat-jour rouge par un \u00e9clairage \u00abblanc du jour\u00bb et porter une bourka noire ou une soutane.<\/p>\n<h3>Contr\u00f4lez la lumi\u00e8re environnante<\/h3>\n<p style=\"text-align: justify;\">Le colorim\u00e8tre Eye-One_display 2 est fourni avec un filtre translucide permettant de mesurer les caract\u00e9ristiques de l\u2019\u00e9clairage ambiant.<br \/> Lancez le logiciel et cochez l\u2019option V\u00e9rifier lumi\u00e8re ambiante. Placez la sonde devant l\u2019\u00e9cran, sa surface de mesure lui tournant le dos. Cliquez sur \u00e9talonner. Apr\u00e8s avoir re\u00e7u le message \u00abEtalonnage r\u00e9ussi\u00bb cliquez sur suivant puis sur le bouton mesurer pour obtenir la temp\u00e9rature de couleur de l\u2019\u00e9clairage et son niveau d\u2019\u00e9clairement en lux.<br \/> Observez si la temp\u00e9rature est proche de l\u2019id\u00e9al cible standardis\u00e9 et que l\u2019\u00e9clairement, en lux est inf\u00e9rieur \u00e0 80 lux comme le pr\u00e9conise la norme ISO<\/p>\n<a href=\"https:\/\/www.tempsdepause.ch\/services\/services\/stages-formations\/couleur\/choisir-un-ecran-ne-se-reflechit-helas-meme-pas\" style=\"background-color:transparent\" class=\"theme_button small white no_woo_button alignlift\"><span style=\"color:gray;\">Page pr\u00e9c\u00e9dente<\/span><\/a> <a href=\"https:\/\/www.tempsdepause.ch\/services\/services\/stages-formations\/couleur\/calibragecaracterisation\" style=\"background-color:transparent\" class=\"theme_button small white no_woo_button alignright\"><span style=\"color:gray;\">Page suivante<\/span><\/a>\n","protected":false},"excerpt":{"rendered":"<p>&nbsp; Choisissez la luminance du blanc La luminosit\u00e9 d\u2019un \u00e9cran d\u00e9termine sa luminance maximale, c\u2019est-\u00e0-dire la luminance de la couleur blanche qu\u2019il affiche quand on lui envoie les trois composantes RVB \u00e0 255. D\u2019usine, les \u00e9crans sont trois fois trop lumineux, juste pour nous \u00e9blouir au propre comme au figurer. La premi\u00e8re cons\u00e9quence f\u00e2cheuse est &#8230;<\/p>\n","protected":false},"author":1,"featured_media":0,"parent":2533,"menu_order":0,"comment_status":"open","ping_status":"open","template":"","meta":{"footnotes":""},"class_list":["post-2688","page","type-page","status-publish","hentry"],"aioseo_notices":[],"_links":{"self":[{"href":"https:\/\/www.tempsdepause.ch\/services\/wp-json\/wp\/v2\/pages\/2688","targetHints":{"allow":["GET"]}}],"collection":[{"href":"https:\/\/www.tempsdepause.ch\/services\/wp-json\/wp\/v2\/pages"}],"about":[{"href":"https:\/\/www.tempsdepause.ch\/services\/wp-json\/wp\/v2\/types\/page"}],"author":[{"embeddable":true,"href":"https:\/\/www.tempsdepause.ch\/services\/wp-json\/wp\/v2\/users\/1"}],"replies":[{"embeddable":true,"href":"https:\/\/www.tempsdepause.ch\/services\/wp-json\/wp\/v2\/comments?post=2688"}],"version-history":[{"count":0,"href":"https:\/\/www.tempsdepause.ch\/services\/wp-json\/wp\/v2\/pages\/2688\/revisions"}],"up":[{"embeddable":true,"href":"https:\/\/www.tempsdepause.ch\/services\/wp-json\/wp\/v2\/pages\/2533"}],"wp:attachment":[{"href":"https:\/\/www.tempsdepause.ch\/services\/wp-json\/wp\/v2\/media?parent=2688"}],"curies":[{"name":"wp","href":"https:\/\/api.w.org\/{rel}","templated":true}]}}