{"id":2564,"date":"2013-08-23T09:09:42","date_gmt":"2013-08-23T07:09:42","guid":{"rendered":"http:\/\/www.tempsdepause.ch\/services\/?page_id=2564"},"modified":"2015-01-19T18:12:43","modified_gmt":"2015-01-19T17:12:43","slug":"diagramme-de-chromaticite","status":"publish","type":"page","link":"https:\/\/www.tempsdepause.ch\/services\/services\/stages-formations\/couleur\/diagramme-de-chromaticite\/","title":{"rendered":"Diagramme de chromaticit\u00e9"},"content":{"rendered":"<p style=\"text-align: justify;\"><em>Dans les premi\u00e8res d\u00e9cennies du XXe si\u00e8cle, le d\u00e9sir et le besoin d\u2019une d\u00e9termination plus \u00abobjective\u00bb des couleurs se sont faits de plus en plus forts. On souhaitait un syst\u00e8me fonctionnant sans \u00e9talons chromatiques de r\u00e9f\u00e9rence. La \u00abCommission Internationale d\u2019\u00c9clairage\u00bb fut donc charg\u00e9e d\u2019\u00e9laborer un \u00abtableau normalis\u00e9 des couleurs\u00bb. Le point de d\u00e9part est la m\u00e9thode indirecte de mesure des couleurs par comparaison (colour matching): une couleur est mesur\u00e9e par un observateur \u00e0 qui un dispositif sp\u00e9cial permet de faire varier les proportions du m\u00e9lange additif des trois couleurs primaires, la \u00abcouleur\u00bb \u00e9tant ici \u00e0 comprendre comme la longueur d\u2019onde. L\u2019avantage du syst\u00e8me r\u00e9side dans le fait que la position de chaque couleur peut \u00eatre d\u00e9termin\u00e9e math\u00e9matiquement en relation avec chaque couleur primaire.<\/em><\/p>\n<h2>L&rsquo;\u00e9talon CIE des couleurs<\/h2>\n<p style=\"text-align: justify;\">Trois couleurs monochromatiques particuli\u00e8res, un rouge, un vert et un bleu d\u00e9finis par leurs longueurs d\u2019onde, ont \u00e9t\u00e9 choisies pour servir de r\u00e9f\u00e9rences absolues \u00e0 la d\u00e9finition des couleurs. C\u2019est par le dosage de ces trois primaires qu\u2019on d\u00e9finit toute couleur de mani\u00e8re universelle.<\/p>\n<ul class=\"list1 list_color_gray\">\n<li>C\u2019est sur ces trois couleurs standards que s\u2019est b\u00e2ti l\u2019\u00e9difice math\u00e9matique qui constitue l\u2019\u00e9talon international de la colorim\u00e9trie, le syst\u00e8me de mesure des couleurs baptis\u00e9 \u00ab<strong>espace calorim\u00e9trique CIE<\/strong>\u00bb<\/li>\n<li>Deux d\u00e9clinaisons graphiques de l\u2019espace \u00e9talon CIE permettent de situer n\u2019importe quelle couleur de mani\u00e8re absolue: le diagramme de chromaticit\u00e9 xy et l&rsquo;espace Lab.<\/li>\n<li>Le diagramme de chromaticit\u00e9 est souvent utilis\u00e9 en gestion des couleurs pour illustrer les capacit\u00e9s calorim\u00e9trique d\u2019un appareil, \u00e9cran, imprimante&#8230; Il offre l\u2019avantage de repr\u00e9senter tr\u00e8s naturellement le m\u00e9lange additif de plusieurs couleurs.<\/li>\n<\/ul>\n<p style=\"text-align: justify;\"> Quant \u00e0 l\u2019espace Lab, il est indispensable pour mesurer les diff\u00e9rences de couleur ou les erreurs commises dans la reproduction des couleurs. Il joue aussi le r\u00f4le d\u2019espace pivot interne dans plusieurs logiciels de traitement d\u2019image.<\/p>\n<p>&nbsp;<\/p>\n<div class=\"two_third\"><img decoding=\"async\" src=\"https:\/\/www.tempsdepause.ch\/services\/wp-content\/uploads\/2013\/08\/cie1931.png\" alt=\"cie1931\" width=\"400\" height=\"434\" class=\"aligncenter size-full wp-image-2567\" \/><\/div><div class=\"one_third last\"><h4>CIE 1931 xy diagramme de chromaticit\u00e9.<\/h4>\n<p style=\"text-align: justify;\">La courbe ext\u00e9rieure est le lieu du spectre (spectrum locus, monochrome), avec des longueurs d&rsquo;onde indiqu\u00e9es en nanom\u00e8tres. Notez que l&rsquo;image ci-contre montre les couleurs en utilisant les phosphores de votre \u00e9cran, et les couleurs en dehors du triangle des phosphores de votre \u00e9cran qui peut \u00eatre sRGB, ne peuvent pas \u00eatre affich\u00e9es correctement. Selon l&rsquo;espace colorim\u00e9trique et l&rsquo;\u00e9talonnage de votre \u00e9cran, les couleurs sRGB peuvent ne pas s&rsquo;afficher correctement non plus.<\/p><\/div><div class=\"clearboth\"><\/div>\n<p style=\"text-align: justify;\">Seul le caract\u00e8re color\u00e9 d\u2019une couleur est repr\u00e9sent\u00e9 sur le diagramme de chromaticit\u00e9. La position du point repr\u00e9sentant une couleur (ses coordonn\u00e9es x et y)\u00a0 donne ainsi sa chromaticit\u00e9. Pour d\u00e9finir compl\u00e8tement un rayonnement color\u00e9, il faut en outre pr\u00e9ciser son intensit\u00e9 lumineuse, sa luminance, qui peut \u00eatre port\u00e9e, en candelas sur un axe optionnel vertical Y perpendiculaire aux axes x et y.<\/p>\n<p style=\"text-align: justify;\">La forme en boomerang qui ceinture le domaine des couleurs visibles sur <strong>le diagramme de chromaticit\u00e9<\/strong> est appel\u00e9e <i>spectrum locus<\/i>. <strong>Elle repr\u00e9sente le spectre visible, l\u2019ensemble des couleurs pures perceptibles par la vision humaine<\/strong>. Les nombres dispos\u00e9s le long du <i>spectrum<\/i> sont les longueurs d\u2019onde des couleurs pures. Les couleurs dont la longueur d\u2019onde est sup\u00e9rieur \u00e0 780 nm ou inf\u00e9rieur \u00e0 380 nm ne figurent pas sur la courbe, car elles se situent en hors de la perception humaine. On les qualifie respectivement d\u2019infrarouge et d\u2019ultraviolet.\u00a0 Les points situ\u00e9s dans la surface color\u00e9e du diagramme, \u00e0 l\u2019int\u00e9rieur, repr\u00e9sentent les couleurs visibles non pures, c\u2019est \u00e0 dire r\u00e9sultant du m\u00e9lange d\u2019une couleur pure avec la couleur blanche.<\/p>\n<p style=\"text-align: justify;\"><strong>L&rsquo;espace calorim\u00e9trique CIE constitue l\u2019\u00e9talon absolu des couleurs.<\/strong> Les nombres utilis\u00e9s dans cet espace pour mesurer les couleurs ont une valeur universelle. les repr\u00e9sentations graphiques de cet espace \u00e9talon, par exemple le Diagramme de chromaticit\u00e9 sont donc, aussi, universelles<\/p>\n<div class=\"one_third\"><img decoding=\"async\" src=\"https:\/\/www.tempsdepause.ch\/services\/wp-content\/uploads\/2013\/08\/cie1931s1.png\" alt=\"cie1931s\" width=\"270\" height=\"293\" class=\"aligncenter size-full wp-image-2581\" \/><\/div><div class=\"two_third last\"><h4> Deux propri\u00e9t\u00e9s fondamentales du Diagramme de chromaticit\u00e9<\/h4>\n<p style=\"text-align: justify;\">La vertu cardinale du diagramme de chromaticit\u00e9 r\u00e9side dans la mani\u00e8re tr\u00e8s simple et intuitive dont il repr\u00e9sente le m\u00e9lange additif de plusieurs couleurs.<br \/>\n1. Tout m\u00e9lange additif de deux couleurs, par exemple entre G et B et repr\u00e9sent\u00e9 par un point situ\u00e9 sur la droite GB, par exemple c\u2019<br \/>\n2. Tout m\u00e9lange additif de trois couleurs RGB est repr\u00e9sent\u00e9 par un point dans le triangle RGB, par exemple C.<\/p>\n<h4>Couleurs dominante et compl\u00e9mentaire<\/h4>\n<p>Une couleur non pure, celle repr\u00e9sent\u00e9e par C, r\u00e9sulte du m\u00e9lange de blanc D avec la couleur pure M situ\u00e9e au point o\u00f9 la droite DC coupe le spectrum. La couleur M est dite couleur dominante de la couleur C.<br \/>\nLa couleur M\u2019 situ\u00e9e au point o\u00f9 la droite MD coupe la branche oppos\u00e9e du spectrum est la couleur compl\u00e9mentaire de la couleur M.<\/p><\/div><div class=\"clearboth\"><\/div>\n<div class=\"divider top\"><a href=\"#\">Haut<\/a><\/div>\n<a href=\"https:\/\/www.tempsdepause.ch\/services\/services\/stages-formations\/couleur\/relations-entre-les-couleurs\" style=\"background-color:transparent\" class=\"theme_button small white no_woo_button alignlift\"><span style=\"color:gray;\">Page pr\u00e9c\u00e9dente<\/span><\/a> <a href=\"https:\/\/www.tempsdepause.ch\/services\/services\/stages-formations\/couleur\/lequilibre-des-couleurs\" style=\"background-color:transparent\" class=\"theme_button small white no_woo_button alignright\"><span style=\"color:gray;\">Page suivante<\/span><\/a>\n","protected":false},"excerpt":{"rendered":"<p>Dans les premi\u00e8res d\u00e9cennies du XXe si\u00e8cle, le d\u00e9sir et le besoin d\u2019une d\u00e9termination plus \u00abobjective\u00bb des couleurs se sont faits de plus en plus forts. On souhaitait un syst\u00e8me fonctionnant sans \u00e9talons chromatiques de r\u00e9f\u00e9rence. La \u00abCommission Internationale d\u2019\u00c9clairage\u00bb fut donc charg\u00e9e d\u2019\u00e9laborer un \u00abtableau normalis\u00e9 des couleurs\u00bb. Le point de d\u00e9part est la &#8230;<\/p>\n","protected":false},"author":1,"featured_media":0,"parent":2533,"menu_order":0,"comment_status":"open","ping_status":"open","template":"","meta":{"footnotes":""},"class_list":["post-2564","page","type-page","status-publish","hentry"],"aioseo_notices":[],"_links":{"self":[{"href":"https:\/\/www.tempsdepause.ch\/services\/wp-json\/wp\/v2\/pages\/2564","targetHints":{"allow":["GET"]}}],"collection":[{"href":"https:\/\/www.tempsdepause.ch\/services\/wp-json\/wp\/v2\/pages"}],"about":[{"href":"https:\/\/www.tempsdepause.ch\/services\/wp-json\/wp\/v2\/types\/page"}],"author":[{"embeddable":true,"href":"https:\/\/www.tempsdepause.ch\/services\/wp-json\/wp\/v2\/users\/1"}],"replies":[{"embeddable":true,"href":"https:\/\/www.tempsdepause.ch\/services\/wp-json\/wp\/v2\/comments?post=2564"}],"version-history":[{"count":0,"href":"https:\/\/www.tempsdepause.ch\/services\/wp-json\/wp\/v2\/pages\/2564\/revisions"}],"up":[{"embeddable":true,"href":"https:\/\/www.tempsdepause.ch\/services\/wp-json\/wp\/v2\/pages\/2533"}],"wp:attachment":[{"href":"https:\/\/www.tempsdepause.ch\/services\/wp-json\/wp\/v2\/media?parent=2564"}],"curies":[{"name":"wp","href":"https:\/\/api.w.org\/{rel}","templated":true}]}}