{"id":23,"date":"2013-06-17T09:55:12","date_gmt":"2013-06-17T07:51:12","guid":{"rendered":"http:\/\/www.tempsdepause.ch\/services\/?page_id=23"},"modified":"2015-01-04T18:08:46","modified_gmt":"2015-01-04T17:08:46","slug":"a-propos","status":"publish","type":"page","link":"https:\/\/www.tempsdepause.ch\/services\/a-propos\/","title":{"rendered":"A propos"},"content":{"rendered":"<p><a href=\"http:\/\/www.tempsdepause.ch\/cv\"><img decoding=\"async\" class=\"alignright frameImg size-full wp-image-1543\" src=\"https:\/\/www.tempsdepause.ch\/services\/wp-content\/uploads\/2013\/06\/JeanDa.jpg\" alt=\"JeanDa\" width=\"110\" height=\"122\" \/><\/a><\/p>\n<h1>Ma passion: photographier les paysages et la faune sauvage<\/h1>\n<p style=\"text-align: justify;\">Je suis photographe environnementaliste et naturaliste. Je collabore avec Pro Natura Champ Pittet et l\u2019Association de la Grande Cari\u00e7aie. J&rsquo;ai un atelier de tirage grand format et laminage \u00e0 froid pour des agrandissements jet d&rsquo;encre sur papier FineArt. Egalement formateur, je propose des stages d\u2019informatique et de photographies.<\/p>\n<p style=\"text-align: justify;\">Au d\u00e9but des ann\u00e9es 70 ou un peu avant, j\u2019ai \u00e9t\u00e9 impressionn\u00e9 par deux personnages hors du commun, Robert Hainard et Ren\u00e9 Pierre Bille, le photographe animalier des Alpes, qui me faisait r\u00eaver d\u2019immersion dans la nature sauvage un appareil photo \u00e0 la main. Le temps a pass\u00e9 et la photographie de la nature a pris une place toujours plus importante dans ma vie, pratiquement tout mon temps aujourd\u2019hui.<\/p>\n<hr width=\"100%\" \/>\n<p><img decoding=\"async\" class=\"alignright size-full wp-image-1541\" src=\"https:\/\/www.tempsdepause.ch\/services\/wp-content\/uploads\/2013\/06\/CarteVisiteJD.png\" alt=\"CarteVisiteJD\" width=\"720\" height=\"495\" \/><\/p>\n","protected":false},"excerpt":{"rendered":"<p>Ma passion: photographier les paysages et la faune sauvage Je suis photographe environnementaliste et naturaliste. Je collabore avec Pro Natura Champ Pittet et l\u2019Association de la Grande Cari\u00e7aie. J&rsquo;ai un atelier de tirage grand format et laminage \u00e0 froid pour des agrandissements jet d&rsquo;encre sur papier FineArt. Egalement formateur, je propose des stages d\u2019informatique et &#8230;<\/p>\n","protected":false},"author":1,"featured_media":0,"parent":0,"menu_order":0,"comment_status":"closed","ping_status":"open","template":"","meta":{"footnotes":""},"class_list":["post-23","page","type-page","status-publish","hentry"],"aioseo_notices":[],"_links":{"self":[{"href":"https:\/\/www.tempsdepause.ch\/services\/wp-json\/wp\/v2\/pages\/23","targetHints":{"allow":["GET"]}}],"collection":[{"href":"https:\/\/www.tempsdepause.ch\/services\/wp-json\/wp\/v2\/pages"}],"about":[{"href":"https:\/\/www.tempsdepause.ch\/services\/wp-json\/wp\/v2\/types\/page"}],"author":[{"embeddable":true,"href":"https:\/\/www.tempsdepause.ch\/services\/wp-json\/wp\/v2\/users\/1"}],"replies":[{"embeddable":true,"href":"https:\/\/www.tempsdepause.ch\/services\/wp-json\/wp\/v2\/comments?post=23"}],"version-history":[{"count":0,"href":"https:\/\/www.tempsdepause.ch\/services\/wp-json\/wp\/v2\/pages\/23\/revisions"}],"wp:attachment":[{"href":"https:\/\/www.tempsdepause.ch\/services\/wp-json\/wp\/v2\/media?parent=23"}],"curies":[{"name":"wp","href":"https:\/\/api.w.org\/{rel}","templated":true}]}}