{"id":2029,"date":"2013-07-21T17:29:05","date_gmt":"2013-07-21T15:29:05","guid":{"rendered":"http:\/\/www.tempsdepause.ch\/services\/?page_id=2029"},"modified":"2020-10-05T20:13:24","modified_gmt":"2020-10-05T18:13:24","slug":"atelier-affut-flottant","status":"publish","type":"page","link":"https:\/\/www.tempsdepause.ch\/services\/services\/stages-formations\/ateliers\/atelier-affut-flottant\/","title":{"rendered":"Atelier aff\u00fbt flottant"},"content":{"rendered":"<p><img decoding=\"async\" class=\"aligncenter frameImg size-full wp-image-2024\" src=\"https:\/\/www.tempsdepause.ch\/services\/wp-content\/uploads\/2013\/07\/JeanDa200906170032.jpg\" alt=\"Gr\u00e8\u008fbe hupp\u00e9\u008e\" width=\"940\" height=\"626\" srcset=\"https:\/\/www.tempsdepause.ch\/services\/wp-content\/uploads\/2013\/07\/JeanDa200906170032.jpg 940w, https:\/\/www.tempsdepause.ch\/services\/wp-content\/uploads\/2013\/07\/JeanDa200906170032-600x399.jpg 600w\" sizes=\"(max-width: 940px) 100vw, 940px\" \/><\/p>\n<h2>Ateliers aff\u00fbt flottant<\/h2>\n<p style=\"text-align: justify;\">Le lac de Neuch\u00e2tel est situ\u00e9 au pied des contreforts m\u00e9ridionaux du Jura. De nombreux vignobles s\u2019\u00e9tendent sur la rive septentrionale du lac, la rive m\u00e9ridionale abritant la plus grande r\u00e9gion mar\u00e9cageuse de Suisse \u00ab\u00a0la Grande Cari\u00e7aie\u00a0\u00bb . Elle abrite environ 800 esp\u00e8ces v\u00e9g\u00e9tales et 10\u2019000 esp\u00e8ces animales, soit le quart de la flore et de la faune suisse.<\/p>\n<p style=\"text-align: justify;\">La diversit\u00e9 des milieux naturels et des esp\u00e8ces, les effectifs des populations animales et v\u00e9g\u00e9tales valent \u00e0 la Grande Cari\u00e7aie une reconnaissance qui d\u00e9passe largement les fronti\u00e8res suisses.<\/p>\n<p style=\"text-align: justify;\">Petit prince des roseaux le gr\u00e8be hupp\u00e9 y trouve son biotope pr\u00e9f\u00e9r\u00e9 sur ce magnifique lac. Plus de cinq mille gr\u00e8bes hupp\u00e9s\u00a0 y s\u00e9journent. Au printemps, ils rejoignent \u00a0les roseli\u00e8res en tenue de parade. Les oiseaux des deux sexes sont orn\u00e9s de touffes de plumes roux orang\u00e9 \u00e0 pointes noires sur le c\u00f4t\u00e9 de la t\u00eate, et la calotte de plumes noires s&rsquo;est d\u00e9velopp\u00e9e en une double\u00a0huppe. Les plumes des joues et des huppes sont \u00e9rectiles, caract\u00e9ristiques utilis\u00e9e lors de la parade nuptiale.<\/p>\n<p style=\"text-align: justify;\">L\u2019exp\u00e9rience de photographier en aff\u00fbt flottant est unique, dans l\u2019eau jusqu\u2019\u00e0 la poitrine prot\u00e9g\u00e9 par des bottes de p\u00eacheur en n\u00e9opr\u00e8ne, le photographe oriente son objectif en pivotant son aff\u00fbt des coudes. Le suivi en est grandement facilit\u00e9. Avec les esp\u00e8ces peu farouches comme le Gr\u00e8be hupp\u00e9 l\u2019approche tranquille est possible \u00e0 quelques m\u00e8tres. Si l\u2019aff\u00fbt ne se d\u00e9place pas, les oiseaux y pr\u00eatent peu d\u2019attention.<\/p>\n<div class=\"divider\"><\/div>\n<div id=\"google_map_110\" class=\"google_map\" style=\"width:950px;height:220px;\"><\/div>\n<p>Situ\u00e9 au pied du Jura suisse, le lac de Neuch\u00e2tel<\/p>\n<p>La prise encharge des participants depuis Yverdon Gare est assur\u00e9e par l&rsquo;organisateur.<\/p>\n<div class=\"divider\"><\/div>\n<div class=\"one_third\"><h4>Objectif de l&rsquo;atelier<\/h4>\n<ul class=\"list6 list_color_rosy\">\n<li>Photographie de la faune au t\u00e9l\u00e9objectif<\/li>\n<li>L&rsquo;approche sans d\u00e9rangement<\/li>\n<li>Exp\u00e9rience en aff\u00fbt flottant<\/li>\n<\/ul><\/div><div class=\"one_third\"><h4>Requis<\/h4>\n<ul class=\"list3 list_color_rosy\">\n<li>Appareils reflex t\u00e9l\u00e9 300 mm<\/li>\n<li>Habit chaud<\/li>\n<\/ul>\n<p>&nbsp;<\/p><\/div><div class=\"one_third last\"><h4>Compris<\/h4>\n<ul class=\"list7 list_color_rosy\">\n<li>transf\u00e8re aller-retour depuis Yverdon<\/li>\n<li>Petit d\u00e9j.<\/li>\n<\/ul><\/div><div class=\"clearboth\"><\/div>\n<div class=\"divider\"><\/div>\n<h3>Le prix comprend:<\/h3>\n<p>les transferts aller-retour &#8211; les bottes de p\u00eacheur et l&rsquo;aff\u00fbt flottant &#8211; le petit d\u00e9jeuner<\/p>\n<h3>Ce que vous devez apporter<\/h3>\n<p>SLR, Tripod, t\u00e9l\u00e9objectif<\/p>\n<h3>Participants<\/h3>\n<p>Une seul personne! Prendre des sous-v\u00eatement chaud et polaire. L&rsquo;eau est froide et le risque hypothermie est bien r\u00e9el.<\/p>\n<h3>R\u00e9servation, annulation et payement<\/h3>\n<p>Prer\u00e9servation souhait\u00e9e, confirmation de participation apr\u00e8s payement, confirmation selon m\u00e9t\u00e9o favorable 6 jours \u00e0 l&rsquo;avance. En cas d&rsquo;annulation par l&rsquo;organisateur une nouvelle date est convenue. L&rsquo;annulation apr\u00e8s payement n&rsquo;est plus possible. Le payement doit \u00eatre effectu\u00e9 au plus tard 10 jours avant l&rsquo;atelier.<\/p>\n<h3>Prix de l&rsquo;atelier aff\u00fbt flottant<\/h3>\n<p>D\u00e8s l&rsquo;aube: 500 CHF<\/p>\n","protected":false},"excerpt":{"rendered":"<p>Ateliers aff\u00fbt flottant Le lac de Neuch\u00e2tel est situ\u00e9 au pied des contreforts m\u00e9ridionaux du Jura. De nombreux vignobles s\u2019\u00e9tendent sur la rive septentrionale du lac, la rive m\u00e9ridionale abritant la plus grande r\u00e9gion mar\u00e9cageuse de Suisse \u00ab\u00a0la Grande Cari\u00e7aie\u00a0\u00bb . Elle abrite environ 800 esp\u00e8ces v\u00e9g\u00e9tales et 10\u2019000 esp\u00e8ces animales, soit le quart de &#8230;<\/p>\n","protected":false},"author":1,"featured_media":0,"parent":1717,"menu_order":0,"comment_status":"open","ping_status":"open","template":"template_fullwidth.php","meta":{"footnotes":""},"class_list":["post-2029","page","type-page","status-publish","hentry"],"aioseo_notices":[],"_links":{"self":[{"href":"https:\/\/www.tempsdepause.ch\/services\/wp-json\/wp\/v2\/pages\/2029","targetHints":{"allow":["GET"]}}],"collection":[{"href":"https:\/\/www.tempsdepause.ch\/services\/wp-json\/wp\/v2\/pages"}],"about":[{"href":"https:\/\/www.tempsdepause.ch\/services\/wp-json\/wp\/v2\/types\/page"}],"author":[{"embeddable":true,"href":"https:\/\/www.tempsdepause.ch\/services\/wp-json\/wp\/v2\/users\/1"}],"replies":[{"embeddable":true,"href":"https:\/\/www.tempsdepause.ch\/services\/wp-json\/wp\/v2\/comments?post=2029"}],"version-history":[{"count":2,"href":"https:\/\/www.tempsdepause.ch\/services\/wp-json\/wp\/v2\/pages\/2029\/revisions"}],"predecessor-version":[{"id":14970,"href":"https:\/\/www.tempsdepause.ch\/services\/wp-json\/wp\/v2\/pages\/2029\/revisions\/14970"}],"up":[{"embeddable":true,"href":"https:\/\/www.tempsdepause.ch\/services\/wp-json\/wp\/v2\/pages\/1717"}],"wp:attachment":[{"href":"https:\/\/www.tempsdepause.ch\/services\/wp-json\/wp\/v2\/media?parent=2029"}],"curies":[{"name":"wp","href":"https:\/\/api.w.org\/{rel}","templated":true}]}}