{"id":2022,"date":"2013-07-21T17:27:39","date_gmt":"2013-07-21T15:27:39","guid":{"rendered":"http:\/\/www.tempsdepause.ch\/services\/?page_id=2022"},"modified":"2020-10-05T20:08:17","modified_gmt":"2020-10-05T18:08:17","slug":"atelier-bouquetin","status":"publish","type":"page","link":"https:\/\/www.tempsdepause.ch\/services\/services\/stages-formations\/ateliers\/atelier-bouquetin\/","title":{"rendered":"Atelier bouquetin"},"content":{"rendered":"<p><img decoding=\"async\" class=\"aligncenter frameImg size-full wp-image-2026\" src=\"https:\/\/www.tempsdepause.ch\/services\/wp-content\/uploads\/2013\/07\/JeanDa20100911009404.jpg\" alt=\"Bouquetin\" width=\"940\" srcset=\"https:\/\/www.tempsdepause.ch\/services\/wp-content\/uploads\/2013\/07\/JeanDa20100911009404.jpg 940w, https:\/\/www.tempsdepause.ch\/services\/wp-content\/uploads\/2013\/07\/JeanDa20100911009404-600x398.jpg 600w\" sizes=\"(max-width: 940px) 100vw, 940px\" \/><\/p>\n<p>&nbsp;<\/p>\n<h2>Atelier bouquetin au Creux-du-Van<\/h2>\n<p>Situ\u00e9 dans le Jura, le Creux-du-Van est un immense cirque rocheux d&rsquo;environ 1400 m\u00e8tres de large au dessus du lac de Neuch\u00e2tel. Des falaises hautes de 160 m\u00e8tres entourent une for\u00eat. Les parois abruptes offrent un aper\u00e7u g\u00e9ologique int\u00e9ressant du plissement de la chaine du Jura .La nature intacte fournit un habitat id\u00e9al aux chamois, bouquetins, lynx et \u00e0 de nombreux autres animaux sauvages qui sont prot\u00e9g\u00e9s au sein d&rsquo;une r\u00e9serve naturelle de 25 kilom\u00e8tres carr\u00e9s.<\/p>\n<p>Une quinzaine de bouquetin y demeure. Chaque fin d&rsquo;apr\u00e8s midi ils prennent leur repas sur le p\u00e2turage qui domine la falaise\u00a0pour le plaisir entre autre des photographes.<\/p>\n<div class=\"divider\"><\/div>\n<p>Situ\u00e9 dans le Jura suisse, le Creux-du-Van est facilement accessible par la route Provence-Couvet ou par Noiraigue.<\/p>\n<p>La prise encharge des participants depuis Yverdon Gare est assur\u00e9e par l&rsquo;organisateur.<\/p>\n<div class=\"divider\"><\/div>\n<div class=\"one_third\"><h4>Objectif de l&rsquo;atelier<\/h4>\n<ul class=\"list6 list_color_rosy\">\n<li>Photographie de la faune au t\u00e9l\u00e9objectif<\/li>\n<li>L&rsquo;approche sans d\u00e9rangement<\/li>\n<li>Diff\u00e9rente solution d&rsquo;aff\u00fbt<\/li>\n<li>List item 3<\/li>\n<\/ul><\/div><div class=\"one_third\"><h4>Requis<\/h4>\n<ul class=\"list3 list_color_rosy\">\n<li>Appareils compact avec zoom<\/li>\n<li>Appareils reflex t\u00e9l\u00e9 + de 200 mm<\/li>\n<li>Soulier convenable<\/li>\n<\/ul>\n<p>&nbsp;<\/p><\/div><div class=\"one_third last\"><h4>Sur demande<\/h4>\n<ul class=\"list4 list_color_rosy\">\n<li>transf\u00e8re aller-retour depuis Yverdon<\/li>\n<li>Repas du soir et matin au chalet<\/li>\n<li>H\u00e9bergement sur place<\/li>\n<\/ul><\/div><div class=\"clearboth\"><\/div>\n<div class=\"divider\"><\/div>\n<h3>Dur\u00e9e:<\/h3>\n<p>4 heures pour l&rsquo;atelier en matin\u00e9e<\/p>\n<h3>Ce que vous devez apporter<\/h3>\n<p>SLR, Tripod, M\u00e9moire, objectif grand-angle et t\u00e9l\u00e9objectif<\/p>\n<h3>Participants<\/h3>\n<p>Id\u00e9alement max. 3 \u00a0personnes, mais j&rsquo;accompagne \u00e9galement une seule personne. D\u00e9placement \u00e0 pied sur environ 2 km conditions facile.<\/p>\n<h3>R\u00e9servation, annulation et payement<\/h3>\n<p>Prer\u00e9servation souhait\u00e9e, confirmation de participation apr\u00e8s payement, confirmation selon m\u00e9t\u00e9o favorable 6 jours \u00e0 l&rsquo;avance. En cas d&rsquo;annulation par l&rsquo;organisateur une nouvelle date est convenue. L&rsquo;annulation apr\u00e8s payement n&rsquo;est plus possible. Le payement doit \u00eatre effectu\u00e9 au plus tard 10 jours avant l&rsquo;atelier.<\/p>\n<h3>Prix de l&rsquo;atelier bouquetin<\/h3>\n<p>320 CHF matin\u00e9e max. 3\u00a0personnes<br \/>\nTransport depuis Yverdon, rendez-vous 1heure 30 avant l&rsquo;aube et retour pour 12 h ou rdv sur place. groupe de 3 personnes max.<\/p>\n","protected":false},"excerpt":{"rendered":"<p>&nbsp; Atelier bouquetin au Creux-du-Van Situ\u00e9 dans le Jura, le Creux-du-Van est un immense cirque rocheux d&rsquo;environ 1400 m\u00e8tres de large au dessus du lac de Neuch\u00e2tel. Des falaises hautes de 160 m\u00e8tres entourent une for\u00eat. Les parois abruptes offrent un aper\u00e7u g\u00e9ologique int\u00e9ressant du plissement de la chaine du Jura .La nature intacte fournit &#8230;<\/p>\n","protected":false},"author":1,"featured_media":0,"parent":1717,"menu_order":0,"comment_status":"open","ping_status":"open","template":"","meta":{"footnotes":""},"class_list":["post-2022","page","type-page","status-publish","hentry"],"aioseo_notices":[],"_links":{"self":[{"href":"https:\/\/www.tempsdepause.ch\/services\/wp-json\/wp\/v2\/pages\/2022","targetHints":{"allow":["GET"]}}],"collection":[{"href":"https:\/\/www.tempsdepause.ch\/services\/wp-json\/wp\/v2\/pages"}],"about":[{"href":"https:\/\/www.tempsdepause.ch\/services\/wp-json\/wp\/v2\/types\/page"}],"author":[{"embeddable":true,"href":"https:\/\/www.tempsdepause.ch\/services\/wp-json\/wp\/v2\/users\/1"}],"replies":[{"embeddable":true,"href":"https:\/\/www.tempsdepause.ch\/services\/wp-json\/wp\/v2\/comments?post=2022"}],"version-history":[{"count":2,"href":"https:\/\/www.tempsdepause.ch\/services\/wp-json\/wp\/v2\/pages\/2022\/revisions"}],"predecessor-version":[{"id":14968,"href":"https:\/\/www.tempsdepause.ch\/services\/wp-json\/wp\/v2\/pages\/2022\/revisions\/14968"}],"up":[{"embeddable":true,"href":"https:\/\/www.tempsdepause.ch\/services\/wp-json\/wp\/v2\/pages\/1717"}],"wp:attachment":[{"href":"https:\/\/www.tempsdepause.ch\/services\/wp-json\/wp\/v2\/media?parent=2022"}],"curies":[{"name":"wp","href":"https:\/\/api.w.org\/{rel}","templated":true}]}}