{"id":1717,"date":"2013-06-25T09:26:18","date_gmt":"2013-06-25T07:25:52","guid":{"rendered":"http:\/\/www.tempsdepause.ch\/services\/?page_id=1717"},"modified":"2020-10-05T20:05:00","modified_gmt":"2020-10-05T18:05:00","slug":"ateliers","status":"publish","type":"page","link":"https:\/\/www.tempsdepause.ch\/services\/services\/stages-formations\/ateliers\/","title":{"rendered":"Ateliers"},"content":{"rendered":"<p><img decoding=\"async\" class=\" frameImg size-full wp-image-1725\" src=\"https:\/\/www.tempsdepause.ch\/services\/wp-content\/uploads\/2013\/06\/JeanDa200905200064b.jpg\" alt=\"JeanDa200905200064b\" width=\"940\" height=\"626\" srcset=\"https:\/\/www.tempsdepause.ch\/services\/wp-content\/uploads\/2013\/06\/JeanDa200905200064b.jpg 940w, https:\/\/www.tempsdepause.ch\/services\/wp-content\/uploads\/2013\/06\/JeanDa200905200064b-600x399.jpg 600w\" sizes=\"(max-width: 940px) 100vw, 940px\" \/><\/p>\n<h1>Ateliers<\/h1>\n<p>Si vous chercher \u00e0 am\u00e9liorer vos comp\u00e9tences en photographie naturaliste.<\/p>\n<p>Je suis heureux d\u2019offrir des ateliers individuels ou en groupe. J\u2019aimerais contribuer avec enthousiasme, \u00e0 votre maitrise des principes fondamentaux de la photographie et vous guider dans le d\u00e9veloppement de votre technique.<\/p>\n<p>Nous organisons votre s\u00e9jour proche du lieu de prise de vue, souvent sur place. Afin de profiter des meilleures lumi\u00e8res et de partager nos exp\u00e9riences en pleine nature.<\/p>\n<p>Pour ceux qui sont d\u00e9j\u00e0 \u00e0 l\u2019aise avec leurs cam\u00e9ras, je peux vous guider vers des lieux spectaculaires et vous proposer des points de vue pour vous aider \u00e0 tirer le meilleur parti de votre exp\u00e9rience.<\/p>\n<h2>Propositions non exhaustives d&rsquo;ateliers<\/h2>\n<span class=\"icon_text icon_chain green\">Attention les ateliers sont participatifs. Sur demande ils peuvent \u00eatre dirig\u00e9 comme un cours. <\/span>\n<p>&nbsp;<\/p>\n<div class=\"divider top\"><a href=\"#\">Haut<\/a><\/div>\n<div class=\"one_third\"><figure class=\"image_styled image_fit_mobile\" style=\"width:262px;\">\n\t\t<div class=\"image_frame effect-icon\"><div class=\"image_shadow_wrap\">\n\t\t<a data-fittoview=\"true\" class=\"image_size_medium lightbox\" title=\"\" href=\"https:\/\/www.tempsdepause.ch\/services\/wp-content\/uploads\/2013\/06\/JeanDa2013051401783.jpg\"><img decoding=\"async\" alt=\"\" src=\"https:\/\/www.tempsdepause.ch\/services\/wp-content\/uploads\/strikingr\/images\/1744_JeanDa2013051401783-260x172.jpg\" srcset=\"https:\/\/www.tempsdepause.ch\/services\/wp-content\/uploads\/strikingr\/images\/1744_JeanDa2013051401783-260x172@2x.jpg 2x\" data-theme-retina-image=\"true\"  data-thumbnail=\"1744\" width=\"260\" height=\"172\" \/><\/a>\n\t\t<\/div><\/div><\/figure>\n<h3>Gr\u00e8be hupp\u00e9<\/h3>\n<p>Avril-juin 2021 D\u00e9couvrez la photographie en aff\u00fbt flottant \u00e0 l&rsquo;aube sous des lumi\u00e8res de r\u00eave.<br \/><\/div>\n<div class=\"one_third\"><\/div>\n<div class=\"one_third last\"><figure class=\"image_styled image_fit_mobile\" style=\"width:262px;\">\n\t\t<div class=\"image_frame effect-icon\"><div class=\"image_shadow_wrap\">\n\t\t<a data-fittoview=\"true\" class=\"image_size_medium lightbox\" title=\"\" href=\"https:\/\/www.tempsdepause.ch\/services\/wp-content\/uploads\/2013\/06\/JeanDa2011090906968.jpg\"><img decoding=\"async\" alt=\"\" src=\"https:\/\/www.tempsdepause.ch\/services\/wp-content\/uploads\/strikingr\/images\/1746_JeanDa2011090906968-260x172.jpg\" srcset=\"https:\/\/www.tempsdepause.ch\/services\/wp-content\/uploads\/strikingr\/images\/1746_JeanDa2011090906968-260x172@2x.jpg 2x\" data-theme-retina-image=\"true\"  data-thumbnail=\"1746\" width=\"260\" height=\"172\" \/><\/a>\n\t\t<\/div><\/div><\/figure>\n<h3>Bouquetin<\/h3>\n<p>Septembre et d\u00e9cembre 2020 Dans le Jura au Creux-du-Van<br \/>\nD\u00e9couvrez ce site majestueux<br \/><\/div><div class=\"clearboth\"><\/div>\n<div class=\"one_third\"><a href=\"https:\/\/www.tempsdepause.ch\/services\/stages-formations\/atelier-affut-flottant\" class=\"theme_button small White no_woo_button\"><span style=\"color:gray;\">Info sur l&rsquo;atelier \u00ab\u00a0gr\u00e8be\u00a0\u00bb<\/span><\/a> <br \/><\/div>\n<div class=\"one_third\"><\/div>\n<div class=\"one_third last\"><a href=\"https:\/\/www.tempsdepause.ch\/services\/stages-formations\/atelier-bouquetin\" class=\"theme_button small White no_woo_button\"><span style=\"color:gray;\">Info sur l&rsquo;atelier \u00ab\u00a0bouquetin\u00a0\u00bb<\/span><\/a> <br \/><\/div><div class=\"clearboth\"><\/div>\n<div class=\"divider top\"><a href=\"#\">Haut<\/a><\/div>\n","protected":false},"excerpt":{"rendered":"<p>Ateliers Si vous chercher \u00e0 am\u00e9liorer vos comp\u00e9tences en photographie naturaliste. Je suis heureux d\u2019offrir des ateliers individuels ou en groupe. J\u2019aimerais contribuer avec enthousiasme, \u00e0 votre maitrise des principes fondamentaux de la photographie et vous guider dans le d\u00e9veloppement de votre technique. Nous organisons votre s\u00e9jour proche du lieu de prise de vue, souvent &#8230;<\/p>\n","protected":false},"author":1,"featured_media":0,"parent":110,"menu_order":0,"comment_status":"open","ping_status":"open","template":"template_fullwidth.php","meta":{"footnotes":""},"class_list":["post-1717","page","type-page","status-publish","hentry"],"aioseo_notices":[],"_links":{"self":[{"href":"https:\/\/www.tempsdepause.ch\/services\/wp-json\/wp\/v2\/pages\/1717","targetHints":{"allow":["GET"]}}],"collection":[{"href":"https:\/\/www.tempsdepause.ch\/services\/wp-json\/wp\/v2\/pages"}],"about":[{"href":"https:\/\/www.tempsdepause.ch\/services\/wp-json\/wp\/v2\/types\/page"}],"author":[{"embeddable":true,"href":"https:\/\/www.tempsdepause.ch\/services\/wp-json\/wp\/v2\/users\/1"}],"replies":[{"embeddable":true,"href":"https:\/\/www.tempsdepause.ch\/services\/wp-json\/wp\/v2\/comments?post=1717"}],"version-history":[{"count":3,"href":"https:\/\/www.tempsdepause.ch\/services\/wp-json\/wp\/v2\/pages\/1717\/revisions"}],"predecessor-version":[{"id":14966,"href":"https:\/\/www.tempsdepause.ch\/services\/wp-json\/wp\/v2\/pages\/1717\/revisions\/14966"}],"up":[{"embeddable":true,"href":"https:\/\/www.tempsdepause.ch\/services\/wp-json\/wp\/v2\/pages\/110"}],"wp:attachment":[{"href":"https:\/\/www.tempsdepause.ch\/services\/wp-json\/wp\/v2\/media?parent=1717"}],"curies":[{"name":"wp","href":"https:\/\/api.w.org\/{rel}","templated":true}]}}