{"id":110,"date":"2013-06-19T12:14:52","date_gmt":"2013-06-19T10:13:47","guid":{"rendered":"http:\/\/www.tempsdepause.ch\/services\/?page_id=110"},"modified":"2022-01-11T15:58:18","modified_gmt":"2022-01-11T14:58:18","slug":"stages-formations","status":"publish","type":"page","link":"https:\/\/www.tempsdepause.ch\/services\/services\/stages-formations\/","title":{"rendered":"Stages &#038; formations"},"content":{"rendered":"<h1>Formations<\/h1>\n<div class=\"one_third\"><img decoding=\"async\" class=\"alignleft size-full wp-image-5484\" src=\"https:\/\/www.tempsdepause.ch\/services\/wp-content\/uploads\/2013\/06\/JeanDa-par-MichelG001b.jpg\" alt=\"JeanDa par MichelG001b\" width=\"300\" height=\"\" srcset=\"https:\/\/www.tempsdepause.ch\/services\/wp-content\/uploads\/2013\/06\/JeanDa-par-MichelG001b.jpg 362w, https:\/\/www.tempsdepause.ch\/services\/wp-content\/uploads\/2013\/06\/JeanDa-par-MichelG001b-61x91.jpg 61w\" sizes=\"(max-width: 362px) 100vw, 362px\" \/><\/div><div class=\"two_third last\"><blockquote class=\"\">\n<p style=\"text-align: justify;\">Maintenant retrait\u00e9, j&rsquo;\u00e9tais formateur d\u2019adultes FSEA et certifi\u00e9 Microsoft trainer. Je donnais de nombreux cours pour les formations continues et pour les apprentis informaticiens et m\u00e9diamaticiens. C\u2019est dans mes comp\u00e9tences de construire une formation correspondant aux besoins de votre soci\u00e9t\u00e9. Mais ma passion est la photographie, plus que l\u2019informatique, c\u2019est pour cela que je vous offre, de pr\u00e9f\u00e9rence, des formations cibl\u00e9es dans le domaine des m\u00e9dias visuels.<\/p>\n<p>Jean-Daniel Borgeaud<\/p>\n<\/blockquote><\/div><div class=\"clearboth\"><\/div>\n<hr width=\"100%\" \/>\n<h2>Ateliers sur le terrain<\/h2>\n<p style=\"text-align: justify;\">Les stages sont organis\u00e9s sur demande et la liste propos\u00e9e est non exhaustive. Nous les organisons ensemble, selon vos priorit\u00e9s. Vous y participez seul, en couple ou en groupe selon vos souhaits. Pour les stages de photographies rapproch\u00e9es, fleurs &amp; insectes, vous pouvez inviter quelques amis pour partager les frais. Par contre pour les stages avec aff\u00fbt, terrestre ou flottant, je ne prends qu&rsquo;un stagiaire avec moi pour la tranquillit\u00e9 de la faune.<\/p>\n<p>Je me r\u00e9jouis de partager avec vous quelques moments passionnants.<\/p>\n<div class=\"one_third\"><p>Contactez-moi<\/p>\n<a class=\"icon_text icon_email\" href=\"mailto:jeanda*borgeaud.net\">jeanda*borgeaud.net<\/a>\n<span class=\"icon_text icon_phone\">(+41)79 827 55 61<\/span><\/div><div class=\"two_third last\"><a href=\"https:\/\/www.tempsdepause.ch\/services\/stages-formations\/ateliers\" class=\"theme_button small white no_woo_button\"><span style=\"color:gray;\">Les ateliers propos\u00e9s<\/span><\/a><\/div><div class=\"clearboth\"><\/div>\n<hr width=\"100%\" \/>\n<h2>Cours de photographie<\/h2>\n<div class=\"one_third\"><p><img decoding=\"async\" class=\"alignleft size-full wp-image-1542\" src=\"https:\/\/www.tempsdepause.ch\/services\/wp-content\/uploads\/2013\/06\/Sup_formation.png\" alt=\"Sup_formation\" width=\"70\" height=\"86\" \/><\/p><\/div><div class=\"two_third last\"><p style=\"text-align: justify;\">Con\u00e7u pour les apprentis m\u00e9diamaticiens, ce cours d\u2019introduction \u00e0 la photographie vous int\u00e9ressera certainement.<\/p>\n<div class=\"one_third\"><\/div><\/div><div class=\"clearboth\"><\/div>\n<hr width=\"100%\" \/>\n","protected":false},"excerpt":{"rendered":"<p>Formations Ateliers sur le terrain Les stages sont organis\u00e9s sur demande et la liste propos\u00e9e est non exhaustive. Nous les organisons ensemble, selon vos priorit\u00e9s. Vous y participez seul, en couple ou en groupe selon vos souhaits. Pour les stages de photographies rapproch\u00e9es, fleurs &amp; insectes, vous pouvez inviter quelques amis pour partager les frais. &#8230;<\/p>\n","protected":false},"author":1,"featured_media":0,"parent":106,"menu_order":0,"comment_status":"open","ping_status":"open","template":"template_rightsidebar.php","meta":{"footnotes":""},"class_list":["post-110","page","type-page","status-publish","hentry"],"aioseo_notices":[],"_links":{"self":[{"href":"https:\/\/www.tempsdepause.ch\/services\/wp-json\/wp\/v2\/pages\/110","targetHints":{"allow":["GET"]}}],"collection":[{"href":"https:\/\/www.tempsdepause.ch\/services\/wp-json\/wp\/v2\/pages"}],"about":[{"href":"https:\/\/www.tempsdepause.ch\/services\/wp-json\/wp\/v2\/types\/page"}],"author":[{"embeddable":true,"href":"https:\/\/www.tempsdepause.ch\/services\/wp-json\/wp\/v2\/users\/1"}],"replies":[{"embeddable":true,"href":"https:\/\/www.tempsdepause.ch\/services\/wp-json\/wp\/v2\/comments?post=110"}],"version-history":[{"count":3,"href":"https:\/\/www.tempsdepause.ch\/services\/wp-json\/wp\/v2\/pages\/110\/revisions"}],"predecessor-version":[{"id":15028,"href":"https:\/\/www.tempsdepause.ch\/services\/wp-json\/wp\/v2\/pages\/110\/revisions\/15028"}],"up":[{"embeddable":true,"href":"https:\/\/www.tempsdepause.ch\/services\/wp-json\/wp\/v2\/pages\/106"}],"wp:attachment":[{"href":"https:\/\/www.tempsdepause.ch\/services\/wp-json\/wp\/v2\/media?parent=110"}],"curies":[{"name":"wp","href":"https:\/\/api.w.org\/{rel}","templated":true}]}}