{"id":106,"date":"2013-06-19T12:12:14","date_gmt":"2013-06-19T10:12:14","guid":{"rendered":"http:\/\/www.tempsdepause.ch\/services\/?page_id=106"},"modified":"2023-04-01T21:22:40","modified_gmt":"2023-04-01T19:22:40","slug":"services","status":"publish","type":"page","link":"https:\/\/www.tempsdepause.ch\/services\/","title":{"rendered":"Artisan photographe &#038; tirage FineArt"},"content":{"rendered":"<div class=\"one_third\"><img decoding=\"async\" class=\" size-medium wp-image-2967\" src=\"https:\/\/www.tempsdepause.ch\/services\/wp-content\/uploads\/2013\/09\/JeanDa2006052801934-600x399.jpg\" alt=\"Coquelicots\" width=\"300\" height=\"200\" srcset=\"https:\/\/www.tempsdepause.ch\/services\/wp-content\/uploads\/2013\/09\/JeanDa2006052801934-600x399.jpg 600w, https:\/\/www.tempsdepause.ch\/services\/wp-content\/uploads\/2013\/09\/JeanDa2006052801934.jpg 860w\" sizes=\"(max-width: 300px) 100vw, 300px\" \/><br \/><\/div><div class=\"two_third last\"><p style=\"text-align: justify;\"><div class=\"dropcap3\"><p class=\"dropcap3_inner\"><span style=\"color: #ff0000;\">A<\/span><\/p><\/div>uteur, artiste ou artisan, le photographe \u00e9volue dans un monde ou la chambre noire fait place \u00e0 une informatique hyper performante et des outils \u00e0 la technologie sophistiqu\u00e9e. Mon atelier \u00e0 la pointe de la technologie \u00e9tait au service de la cr\u00e9ation, me permettait de vous offrir un travail de grande qualit\u00e9.<\/p><\/div><div class=\"clearboth\"><\/div>\n<h1 style=\"text-align: center;\"><span style=\"color: #ff0000;\">L&rsquo;atelier du photographe est ferm\u00e9<\/span><\/h1>\n<p><img decoding=\"async\" class=\"aligncenter size-full wp-image-2002\" src=\"https:\/\/www.tempsdepause.ch\/services\/wp-content\/uploads\/2013\/06\/Rouge2.png\" alt=\"Rouge2\" width=\"860\" height=\"160\" srcset=\"https:\/\/www.tempsdepause.ch\/services\/wp-content\/uploads\/2013\/06\/Rouge2.png 860w, https:\/\/www.tempsdepause.ch\/services\/wp-content\/uploads\/2013\/06\/Rouge2-600x111.png 600w\" sizes=\"(max-width: 860px) 100vw, 860px\" \/><\/p>\n<h1><span style=\"color: #ff0000;\">L&rsquo;aventure continue ici&#8230;<\/span><\/h1>\n<div class=\"two_third last\"><p style=\"text-align: justify;\"><div class=\"dropcap3\"><p class=\"dropcap3_inner\"><span style=\"color: #ff0000;\">M<\/span><\/p><\/div>aintenant, l&rsquo;auteur profite en compagnie de l&rsquo;artiste d&rsquo;une retraite active dans la nature \u00e0 travers l&rsquo;Europe de l&rsquo;Islande \u00e0 la G\u00e9orgie., de l&rsquo;Algarve au NordKapp<\/p><\/div><div class=\"clearboth\"><\/div>\n<h1 style=\"text-align: right;\"><span style=\"color: #ff0000;\">Vous avez un VW California ?<\/span><\/h1>\n<div class=\"two_third last\"><p style=\"text-align: justify;\"><div class=\"dropcap3\"><p class=\"dropcap3_inner\"><span style=\"color: #ff0000;\">M<\/span><\/p><\/div>oi aussi et j&rsquo;ai le plaisir de partager ma passion, mes connaissances de ce van fantastique.<\/p>\n<h4><span style=\"color: #ff0000;\">Son nom est Solfar, suivez ses aventures sur <a style=\"color: #ff0000;\" href=\"https:\/\/solfar\/tempsdepause.ch\">solfar\/tempsdepause.ch<\/a><\/span><\/h4><\/div><div class=\"clearboth\"><\/div>\n<h1 style=\"color: #ff0000;\">VanLifer VW California<\/h1>\n<h4 style=\"color: #ff0000;\">Accessoires, batteries Lithium, panneaux solaire, etc.<\/h4>\n<p>passer chez Solfar, le voyageur du Soleil pour plus d&rsquo;information sur les am\u00e9nagements, am\u00e9lioration et conseils disponibles. &gt;&gt; <a href=\"https:\/\/www.tempsdepause.ch\/solfar\/#\">Solfar&#8230;<\/a><\/p>\n<p>A votre disposition pour plus d&rsquo;informations<br \/>\n<a class=\"icon_text icon_email red\" href=\"mailto:jeanda@borgeaud.net?subject=Info\">jeanda@borgeaud.net<\/a> <br \/>\n<span class=\"icon_text icon_phone red\">(+41)79 827 55 61<\/span> <br \/>\n<span class=\"icon_text icon_home red\"> Temps de pause, Ch-1400 Yverdon-les-Bains, place de la Tannerie 5<\/span>\n","protected":false},"excerpt":{"rendered":"<p>L&rsquo;atelier du photographe est ferm\u00e9 L&rsquo;aventure continue ici&#8230; Vous avez un VW California ? VanLifer VW California Accessoires, batteries Lithium, panneaux solaire, etc. passer chez Solfar, le voyageur du Soleil pour plus d&rsquo;information sur les am\u00e9nagements, am\u00e9lioration et conseils disponibles. &gt;&gt; Solfar&#8230; A votre disposition pour plus d&rsquo;informations<\/p>\n","protected":false},"author":1,"featured_media":0,"parent":0,"menu_order":2,"comment_status":"open","ping_status":"closed","template":"template_fullwidth.php","meta":{"footnotes":""},"class_list":["post-106","page","type-page","status-publish","hentry"],"aioseo_notices":[],"_links":{"self":[{"href":"https:\/\/www.tempsdepause.ch\/services\/wp-json\/wp\/v2\/pages\/106","targetHints":{"allow":["GET"]}}],"collection":[{"href":"https:\/\/www.tempsdepause.ch\/services\/wp-json\/wp\/v2\/pages"}],"about":[{"href":"https:\/\/www.tempsdepause.ch\/services\/wp-json\/wp\/v2\/types\/page"}],"author":[{"embeddable":true,"href":"https:\/\/www.tempsdepause.ch\/services\/wp-json\/wp\/v2\/users\/1"}],"replies":[{"embeddable":true,"href":"https:\/\/www.tempsdepause.ch\/services\/wp-json\/wp\/v2\/comments?post=106"}],"version-history":[{"count":4,"href":"https:\/\/www.tempsdepause.ch\/services\/wp-json\/wp\/v2\/pages\/106\/revisions"}],"predecessor-version":[{"id":15059,"href":"https:\/\/www.tempsdepause.ch\/services\/wp-json\/wp\/v2\/pages\/106\/revisions\/15059"}],"wp:attachment":[{"href":"https:\/\/www.tempsdepause.ch\/services\/wp-json\/wp\/v2\/media?parent=106"}],"curies":[{"name":"wp","href":"https:\/\/api.w.org\/{rel}","templated":true}]}}