{"id":969,"date":"2015-05-21T12:27:12","date_gmt":"2015-05-21T12:27:12","guid":{"rendered":"http:\/\/www.tempsdepause.ch\/folio\/?page_id=969"},"modified":"2019-10-04T15:40:04","modified_gmt":"2019-10-04T15:40:04","slug":"grand-tetras","status":"publish","type":"page","link":"https:\/\/www.tempsdepause.ch\/folio\/grand-tetras\/","title":{"rendered":"Grand t\u00e9tras"},"content":{"rendered":"\t\t<div data-elementor-type=\"wp-page\" data-elementor-id=\"969\" class=\"elementor elementor-969\">\n\t\t\t\t\t\t<section class=\"elementor-section elementor-top-section elementor-element elementor-element-66bba0cf elementor-section-boxed elementor-section-height-default elementor-section-height-default\" data-id=\"66bba0cf\" data-element_type=\"section\" data-e-type=\"section\">\n\t\t\t\t\t\t<div class=\"elementor-container elementor-column-gap-default\">\n\t\t\t\t\t<div class=\"elementor-column elementor-col-100 elementor-top-column elementor-element elementor-element-62dc8853\" data-id=\"62dc8853\" data-element_type=\"column\" data-e-type=\"column\">\n\t\t\t<div class=\"elementor-widget-wrap elementor-element-populated\">\n\t\t\t\t\t\t<div class=\"elementor-element elementor-element-1b63183a elementor-widget elementor-widget-text-editor\" data-id=\"1b63183a\" data-element_type=\"widget\" data-e-type=\"widget\" data-widget_type=\"text-editor.default\">\n\t\t\t\t<div class=\"elementor-widget-container\">\n\t\t\t\t\t\t\t\t\tTu te rends compte ! Il faut allez au bout du monde pour rencontrer nos coqs de bruy\u00e8re.\n\nEn haut pr\u00e8s de la Laponie en Car\u00e9lie, en&nbsp;Ostrobotnie et dans le&nbsp;Kainuu j&rsquo;ai vu les grands t\u00e9tras. Il y en a partout, m\u00eame en bordure des routes.\n\nIci dans le Jura il en reste un ici l&rsquo;autre l\u00e0. Mais on ne le dit pas, c&rsquo;est interdit. Seuls les observateurs privil\u00e9gi\u00e9s peuvent sur autorisation les d\u00e9ranger.\n\nCombien en restent-ils franchement ? et que fait-on pour leur survie ?\n<div class=\"page\" title=\"Page 9\">\n<div class=\"layoutArea\">\n<div class=\"column\">\n<blockquote>Il existe encore en Suisse quelques surfaces importantes qui pr\u00e9sentent une bonne qualit\u00e9 d\u2019habitat pour le Grand T\u00e9tras, tout en \u00e9tant suffisamment peu productives pour que la dynamique naturelle ne modifie que tr\u00e8s lentement leur structure foresti\u00e8re. Dans ces for\u00eats, on peut estimer que les effectifs se maintiendront \u00e0 court et moyen terme m\u00eame sans mesures d\u2019am\u00e9lioration de l\u2019habitat, \u00e0 condition que les populations soient suffisamment prot\u00e9g\u00e9es contre les d\u00e9rangements.<\/blockquote>\nDe part ses grandes exigences tr\u00e8s strictes en faveur des peuplements forestiers \u00e2g\u00e9s peu fragment\u00e9s, de vastes surfaces et avec un faible d\u00e9rangement humain, le grand t\u00e9tras est consid\u00e9r\u00e9 comme une esp\u00e8ce parapluie. Sa conservation rev\u00eat par cons\u00e9quent une importance majeure et la gestion des habitats en sa faveur devrait b\u00e9n\u00e9ficier \u00e0 de nombreuses autres esp\u00e8ces foresti\u00e8res \u00e9galement menac\u00e9es, telles que la chouette de chev\u00eachette et la b\u00e9casse des bois.\n\n<a href=\"http:\/\/www.vd.ch\/themes\/environnement\/developpement-durable\/outils\/indicateurs\/indicateurs-pour-le-canton-de-vaud\/21-diversite-biologique\/211-indicateur\/\">Canton de Vaud, d\u00e9veloppement durable<\/a>\n\n<\/div>\n<\/div>\n<\/div>\t\t\t\t\t\t\t\t<\/div>\n\t\t\t\t<\/div>\n\t\t\t\t\t<\/div>\n\t\t<\/div>\n\t\t\t\t\t<\/div>\n\t\t<\/section>\n\t\t\t\t<section class=\"elementor-section elementor-top-section elementor-element elementor-element-91974cf elementor-section-boxed elementor-section-height-default elementor-section-height-default\" data-id=\"91974cf\" data-element_type=\"section\" data-e-type=\"section\">\n\t\t\t\t\t\t<div class=\"elementor-container elementor-column-gap-default\">\n\t\t\t\t\t<div class=\"elementor-column elementor-col-100 elementor-top-column elementor-element elementor-element-f91b04b\" data-id=\"f91b04b\" data-element_type=\"column\" data-e-type=\"column\">\n\t\t\t<div class=\"elementor-widget-wrap elementor-element-populated\">\n\t\t\t\t\t\t<div class=\"elementor-element elementor-element-eee01c7 elementor-widget elementor-widget-image-gallery\" data-id=\"eee01c7\" data-element_type=\"widget\" data-e-type=\"widget\" data-widget_type=\"image-gallery.default\">\n\t\t\t\t<div class=\"elementor-widget-container\">\n\t\t\t\t\t\t\t<div class=\"elementor-image-gallery\">\n\t\t\t<div id='gallery-1' class='gallery galleryid-969 gallery-columns-4 gallery-size-thumbnail'><figure class='gallery-item'>\n\t\t\t<div class='gallery-icon landscape'>\n\t\t\t\t<a data-elementor-open-lightbox=\"yes\" data-elementor-lightbox-slideshow=\"eee01c7\" data-elementor-lightbox-title=\"Grand t\u00e9tras\" data-e-action-hash=\"#elementor-action%3Aaction%3Dlightbox%26settings%3DeyJpZCI6MTAzNSwidXJsIjoiaHR0cHM6XC9cL3d3dy50ZW1wc2RlcGF1c2UuY2hcL2ZvbGlvXC93cC1jb250ZW50XC91cGxvYWRzXC8yMDE1XC8wNVwvSmVhbkRhMjAxNTA1MDYwMDM2OTMuanBnIiwic2xpZGVzaG93IjoiZWVlMDFjNyJ9\" href='https:\/\/www.tempsdepause.ch\/folio\/wp-content\/uploads\/2015\/05\/JeanDa20150506003693.jpg'><img decoding=\"async\" width=\"150\" height=\"150\" src=\"https:\/\/www.tempsdepause.ch\/folio\/wp-content\/uploads\/2015\/05\/JeanDa20150506003693-150x150.jpg\" class=\"attachment-thumbnail size-thumbnail\" alt=\"\" srcset=\"https:\/\/www.tempsdepause.ch\/folio\/wp-content\/uploads\/2015\/05\/JeanDa20150506003693-150x150.jpg 150w, https:\/\/www.tempsdepause.ch\/folio\/wp-content\/uploads\/2015\/05\/JeanDa20150506003693-174x174.jpg 174w, https:\/\/www.tempsdepause.ch\/folio\/wp-content\/uploads\/2015\/05\/JeanDa20150506003693-520x520.jpg 520w, https:\/\/www.tempsdepause.ch\/folio\/wp-content\/uploads\/2015\/05\/JeanDa20150506003693-109x109.jpg 109w, https:\/\/www.tempsdepause.ch\/folio\/wp-content\/uploads\/2015\/05\/JeanDa20150506003693-100x100.jpg 100w\" sizes=\"(max-width: 150px) 100vw, 150px\" \/><\/a>\n\t\t\t<\/div><\/figure><figure class='gallery-item'>\n\t\t\t<div class='gallery-icon landscape'>\n\t\t\t\t<a data-elementor-open-lightbox=\"yes\" data-elementor-lightbox-slideshow=\"eee01c7\" data-elementor-lightbox-title=\"Grand t\u00e9tras\" data-e-action-hash=\"#elementor-action%3Aaction%3Dlightbox%26settings%3DeyJpZCI6MTAzMiwidXJsIjoiaHR0cHM6XC9cL3d3dy50ZW1wc2RlcGF1c2UuY2hcL2ZvbGlvXC93cC1jb250ZW50XC91cGxvYWRzXC8yMDE1XC8wNVwvSmVhbkRhMjAxNTA1MDYwMDM2ODguanBnIiwic2xpZGVzaG93IjoiZWVlMDFjNyJ9\" href='https:\/\/www.tempsdepause.ch\/folio\/wp-content\/uploads\/2015\/05\/JeanDa20150506003688.jpg'><img decoding=\"async\" width=\"150\" height=\"150\" src=\"https:\/\/www.tempsdepause.ch\/folio\/wp-content\/uploads\/2015\/05\/JeanDa20150506003688-150x150.jpg\" class=\"attachment-thumbnail size-thumbnail\" alt=\"\" srcset=\"https:\/\/www.tempsdepause.ch\/folio\/wp-content\/uploads\/2015\/05\/JeanDa20150506003688-150x150.jpg 150w, https:\/\/www.tempsdepause.ch\/folio\/wp-content\/uploads\/2015\/05\/JeanDa20150506003688-174x174.jpg 174w, https:\/\/www.tempsdepause.ch\/folio\/wp-content\/uploads\/2015\/05\/JeanDa20150506003688-520x520.jpg 520w, https:\/\/www.tempsdepause.ch\/folio\/wp-content\/uploads\/2015\/05\/JeanDa20150506003688-109x109.jpg 109w, https:\/\/www.tempsdepause.ch\/folio\/wp-content\/uploads\/2015\/05\/JeanDa20150506003688-100x100.jpg 100w\" sizes=\"(max-width: 150px) 100vw, 150px\" \/><\/a>\n\t\t\t<\/div><\/figure><figure class='gallery-item'>\n\t\t\t<div class='gallery-icon landscape'>\n\t\t\t\t<a data-elementor-open-lightbox=\"yes\" data-elementor-lightbox-slideshow=\"eee01c7\" data-elementor-lightbox-title=\"Grand t\u00e9tras\" data-e-action-hash=\"#elementor-action%3Aaction%3Dlightbox%26settings%3DeyJpZCI6MTAzMCwidXJsIjoiaHR0cHM6XC9cL3d3dy50ZW1wc2RlcGF1c2UuY2hcL2ZvbGlvXC93cC1jb250ZW50XC91cGxvYWRzXC8yMDE1XC8wNVwvSmVhbkRhMjAxNTA1MDYwMDM2MzIuanBnIiwic2xpZGVzaG93IjoiZWVlMDFjNyJ9\" href='https:\/\/www.tempsdepause.ch\/folio\/wp-content\/uploads\/2015\/05\/JeanDa20150506003632.jpg'><img decoding=\"async\" width=\"150\" height=\"150\" src=\"https:\/\/www.tempsdepause.ch\/folio\/wp-content\/uploads\/2015\/05\/JeanDa20150506003632-150x150.jpg\" class=\"attachment-thumbnail size-thumbnail\" alt=\"\" srcset=\"https:\/\/www.tempsdepause.ch\/folio\/wp-content\/uploads\/2015\/05\/JeanDa20150506003632-150x150.jpg 150w, https:\/\/www.tempsdepause.ch\/folio\/wp-content\/uploads\/2015\/05\/JeanDa20150506003632-174x174.jpg 174w, https:\/\/www.tempsdepause.ch\/folio\/wp-content\/uploads\/2015\/05\/JeanDa20150506003632-520x520.jpg 520w, https:\/\/www.tempsdepause.ch\/folio\/wp-content\/uploads\/2015\/05\/JeanDa20150506003632-109x109.jpg 109w, https:\/\/www.tempsdepause.ch\/folio\/wp-content\/uploads\/2015\/05\/JeanDa20150506003632-100x100.jpg 100w\" sizes=\"(max-width: 150px) 100vw, 150px\" \/><\/a>\n\t\t\t<\/div><\/figure><figure class='gallery-item'>\n\t\t\t<div class='gallery-icon landscape'>\n\t\t\t\t<a data-elementor-open-lightbox=\"yes\" data-elementor-lightbox-slideshow=\"eee01c7\" data-elementor-lightbox-title=\"Grand t\u00e9tras\" data-e-action-hash=\"#elementor-action%3Aaction%3Dlightbox%26settings%3DeyJpZCI6MTAyOCwidXJsIjoiaHR0cHM6XC9cL3d3dy50ZW1wc2RlcGF1c2UuY2hcL2ZvbGlvXC93cC1jb250ZW50XC91cGxvYWRzXC8yMDE1XC8wNVwvSmVhbkRhMjAxNTA1MDMwMDM1MjMuanBnIiwic2xpZGVzaG93IjoiZWVlMDFjNyJ9\" href='https:\/\/www.tempsdepause.ch\/folio\/wp-content\/uploads\/2015\/05\/JeanDa20150503003523.jpg'><img loading=\"lazy\" decoding=\"async\" width=\"150\" height=\"150\" src=\"https:\/\/www.tempsdepause.ch\/folio\/wp-content\/uploads\/2015\/05\/JeanDa20150503003523-150x150.jpg\" class=\"attachment-thumbnail size-thumbnail\" alt=\"\" srcset=\"https:\/\/www.tempsdepause.ch\/folio\/wp-content\/uploads\/2015\/05\/JeanDa20150503003523-150x150.jpg 150w, https:\/\/www.tempsdepause.ch\/folio\/wp-content\/uploads\/2015\/05\/JeanDa20150503003523-174x174.jpg 174w, https:\/\/www.tempsdepause.ch\/folio\/wp-content\/uploads\/2015\/05\/JeanDa20150503003523-520x520.jpg 520w, https:\/\/www.tempsdepause.ch\/folio\/wp-content\/uploads\/2015\/05\/JeanDa20150503003523-109x109.jpg 109w, https:\/\/www.tempsdepause.ch\/folio\/wp-content\/uploads\/2015\/05\/JeanDa20150503003523-100x100.jpg 100w\" sizes=\"(max-width: 150px) 100vw, 150px\" \/><\/a>\n\t\t\t<\/div><\/figure><figure class='gallery-item'>\n\t\t\t<div class='gallery-icon landscape'>\n\t\t\t\t<a data-elementor-open-lightbox=\"yes\" data-elementor-lightbox-slideshow=\"eee01c7\" data-elementor-lightbox-title=\"Grand t\u00e9tras\" data-e-action-hash=\"#elementor-action%3Aaction%3Dlightbox%26settings%3DeyJpZCI6MTAyNywidXJsIjoiaHR0cHM6XC9cL3d3dy50ZW1wc2RlcGF1c2UuY2hcL2ZvbGlvXC93cC1jb250ZW50XC91cGxvYWRzXC8yMDE1XC8wNVwvSmVhbkRhMjAxNTA1MDMwMDM1MTcuanBnIiwic2xpZGVzaG93IjoiZWVlMDFjNyJ9\" href='https:\/\/www.tempsdepause.ch\/folio\/wp-content\/uploads\/2015\/05\/JeanDa20150503003517.jpg'><img loading=\"lazy\" decoding=\"async\" width=\"150\" height=\"150\" src=\"https:\/\/www.tempsdepause.ch\/folio\/wp-content\/uploads\/2015\/05\/JeanDa20150503003517-150x150.jpg\" class=\"attachment-thumbnail size-thumbnail\" alt=\"\" srcset=\"https:\/\/www.tempsdepause.ch\/folio\/wp-content\/uploads\/2015\/05\/JeanDa20150503003517-150x150.jpg 150w, https:\/\/www.tempsdepause.ch\/folio\/wp-content\/uploads\/2015\/05\/JeanDa20150503003517-174x174.jpg 174w, https:\/\/www.tempsdepause.ch\/folio\/wp-content\/uploads\/2015\/05\/JeanDa20150503003517-520x520.jpg 520w, https:\/\/www.tempsdepause.ch\/folio\/wp-content\/uploads\/2015\/05\/JeanDa20150503003517-109x109.jpg 109w, https:\/\/www.tempsdepause.ch\/folio\/wp-content\/uploads\/2015\/05\/JeanDa20150503003517-100x100.jpg 100w\" sizes=\"(max-width: 150px) 100vw, 150px\" \/><\/a>\n\t\t\t<\/div><\/figure><figure class='gallery-item'>\n\t\t\t<div class='gallery-icon landscape'>\n\t\t\t\t<a data-elementor-open-lightbox=\"yes\" data-elementor-lightbox-slideshow=\"eee01c7\" data-elementor-lightbox-title=\"Grand t\u00e9tras\" data-e-action-hash=\"#elementor-action%3Aaction%3Dlightbox%26settings%3DeyJpZCI6MTAyNiwidXJsIjoiaHR0cHM6XC9cL3d3dy50ZW1wc2RlcGF1c2UuY2hcL2ZvbGlvXC93cC1jb250ZW50XC91cGxvYWRzXC8yMDE1XC8wNVwvSmVhbkRhMjAxNTA1MDMwMDM1MTYuanBnIiwic2xpZGVzaG93IjoiZWVlMDFjNyJ9\" href='https:\/\/www.tempsdepause.ch\/folio\/wp-content\/uploads\/2015\/05\/JeanDa20150503003516.jpg'><img loading=\"lazy\" decoding=\"async\" width=\"150\" height=\"150\" src=\"https:\/\/www.tempsdepause.ch\/folio\/wp-content\/uploads\/2015\/05\/JeanDa20150503003516-150x150.jpg\" class=\"attachment-thumbnail size-thumbnail\" alt=\"\" srcset=\"https:\/\/www.tempsdepause.ch\/folio\/wp-content\/uploads\/2015\/05\/JeanDa20150503003516-150x150.jpg 150w, https:\/\/www.tempsdepause.ch\/folio\/wp-content\/uploads\/2015\/05\/JeanDa20150503003516-174x174.jpg 174w, https:\/\/www.tempsdepause.ch\/folio\/wp-content\/uploads\/2015\/05\/JeanDa20150503003516-520x520.jpg 520w, https:\/\/www.tempsdepause.ch\/folio\/wp-content\/uploads\/2015\/05\/JeanDa20150503003516-109x109.jpg 109w, https:\/\/www.tempsdepause.ch\/folio\/wp-content\/uploads\/2015\/05\/JeanDa20150503003516-100x100.jpg 100w\" sizes=\"(max-width: 150px) 100vw, 150px\" \/><\/a>\n\t\t\t<\/div><\/figure><figure class='gallery-item'>\n\t\t\t<div class='gallery-icon landscape'>\n\t\t\t\t<a data-elementor-open-lightbox=\"yes\" data-elementor-lightbox-slideshow=\"eee01c7\" data-elementor-lightbox-title=\"Grand T\u008etras\" data-e-action-hash=\"#elementor-action%3Aaction%3Dlightbox%26settings%3DeyJpZCI6MTAyNSwidXJsIjoiaHR0cHM6XC9cL3d3dy50ZW1wc2RlcGF1c2UuY2hcL2ZvbGlvXC93cC1jb250ZW50XC91cGxvYWRzXC8yMDE1XC8wNVwvSmVhbkRhMjAxNTA0MjkwMDE2MTkuanBnIiwic2xpZGVzaG93IjoiZWVlMDFjNyJ9\" href='https:\/\/www.tempsdepause.ch\/folio\/wp-content\/uploads\/2015\/05\/JeanDa20150429001619.jpg'><img loading=\"lazy\" decoding=\"async\" width=\"150\" height=\"150\" src=\"https:\/\/www.tempsdepause.ch\/folio\/wp-content\/uploads\/2015\/05\/JeanDa20150429001619-150x150.jpg\" class=\"attachment-thumbnail size-thumbnail\" alt=\"\" srcset=\"https:\/\/www.tempsdepause.ch\/folio\/wp-content\/uploads\/2015\/05\/JeanDa20150429001619-150x150.jpg 150w, https:\/\/www.tempsdepause.ch\/folio\/wp-content\/uploads\/2015\/05\/JeanDa20150429001619-174x174.jpg 174w, https:\/\/www.tempsdepause.ch\/folio\/wp-content\/uploads\/2015\/05\/JeanDa20150429001619-520x520.jpg 520w, https:\/\/www.tempsdepause.ch\/folio\/wp-content\/uploads\/2015\/05\/JeanDa20150429001619-109x109.jpg 109w, https:\/\/www.tempsdepause.ch\/folio\/wp-content\/uploads\/2015\/05\/JeanDa20150429001619-100x100.jpg 100w\" sizes=\"(max-width: 150px) 100vw, 150px\" \/><\/a>\n\t\t\t<\/div><\/figure><figure class='gallery-item'>\n\t\t\t<div class='gallery-icon landscape'>\n\t\t\t\t<a data-elementor-open-lightbox=\"yes\" data-elementor-lightbox-slideshow=\"eee01c7\" data-elementor-lightbox-title=\"Grand T\u008etras\" data-e-action-hash=\"#elementor-action%3Aaction%3Dlightbox%26settings%3DeyJpZCI6MTAyNCwidXJsIjoiaHR0cHM6XC9cL3d3dy50ZW1wc2RlcGF1c2UuY2hcL2ZvbGlvXC93cC1jb250ZW50XC91cGxvYWRzXC8yMDE1XC8wNVwvSmVhbkRhMjAxNTA0MjkwMDE2MTQuanBnIiwic2xpZGVzaG93IjoiZWVlMDFjNyJ9\" href='https:\/\/www.tempsdepause.ch\/folio\/wp-content\/uploads\/2015\/05\/JeanDa20150429001614.jpg'><img loading=\"lazy\" decoding=\"async\" width=\"150\" height=\"150\" src=\"https:\/\/www.tempsdepause.ch\/folio\/wp-content\/uploads\/2015\/05\/JeanDa20150429001614-150x150.jpg\" class=\"attachment-thumbnail size-thumbnail\" alt=\"\" srcset=\"https:\/\/www.tempsdepause.ch\/folio\/wp-content\/uploads\/2015\/05\/JeanDa20150429001614-150x150.jpg 150w, https:\/\/www.tempsdepause.ch\/folio\/wp-content\/uploads\/2015\/05\/JeanDa20150429001614-174x174.jpg 174w, https:\/\/www.tempsdepause.ch\/folio\/wp-content\/uploads\/2015\/05\/JeanDa20150429001614-520x520.jpg 520w, https:\/\/www.tempsdepause.ch\/folio\/wp-content\/uploads\/2015\/05\/JeanDa20150429001614-109x109.jpg 109w, https:\/\/www.tempsdepause.ch\/folio\/wp-content\/uploads\/2015\/05\/JeanDa20150429001614-100x100.jpg 100w\" sizes=\"(max-width: 150px) 100vw, 150px\" \/><\/a>\n\t\t\t<\/div><\/figure><figure class='gallery-item'>\n\t\t\t<div class='gallery-icon landscape'>\n\t\t\t\t<a data-elementor-open-lightbox=\"yes\" data-elementor-lightbox-slideshow=\"eee01c7\" data-elementor-lightbox-title=\"Grand T\u008etras\" data-e-action-hash=\"#elementor-action%3Aaction%3Dlightbox%26settings%3DeyJpZCI6MTAyMywidXJsIjoiaHR0cHM6XC9cL3d3dy50ZW1wc2RlcGF1c2UuY2hcL2ZvbGlvXC93cC1jb250ZW50XC91cGxvYWRzXC8yMDE1XC8wNVwvSmVhbkRhMjAxNTA0MjkwMDE1OTUuanBnIiwic2xpZGVzaG93IjoiZWVlMDFjNyJ9\" href='https:\/\/www.tempsdepause.ch\/folio\/wp-content\/uploads\/2015\/05\/JeanDa20150429001595.jpg'><img loading=\"lazy\" decoding=\"async\" width=\"150\" height=\"150\" src=\"https:\/\/www.tempsdepause.ch\/folio\/wp-content\/uploads\/2015\/05\/JeanDa20150429001595-150x150.jpg\" class=\"attachment-thumbnail size-thumbnail\" alt=\"\" srcset=\"https:\/\/www.tempsdepause.ch\/folio\/wp-content\/uploads\/2015\/05\/JeanDa20150429001595-150x150.jpg 150w, https:\/\/www.tempsdepause.ch\/folio\/wp-content\/uploads\/2015\/05\/JeanDa20150429001595-174x174.jpg 174w, https:\/\/www.tempsdepause.ch\/folio\/wp-content\/uploads\/2015\/05\/JeanDa20150429001595-520x520.jpg 520w, https:\/\/www.tempsdepause.ch\/folio\/wp-content\/uploads\/2015\/05\/JeanDa20150429001595-109x109.jpg 109w, https:\/\/www.tempsdepause.ch\/folio\/wp-content\/uploads\/2015\/05\/JeanDa20150429001595-100x100.jpg 100w\" sizes=\"(max-width: 150px) 100vw, 150px\" \/><\/a>\n\t\t\t<\/div><\/figure><figure class='gallery-item'>\n\t\t\t<div class='gallery-icon landscape'>\n\t\t\t\t<a data-elementor-open-lightbox=\"yes\" data-elementor-lightbox-slideshow=\"eee01c7\" data-elementor-lightbox-title=\"Grand T\u008etras\" data-e-action-hash=\"#elementor-action%3Aaction%3Dlightbox%26settings%3DeyJpZCI6MTAyMiwidXJsIjoiaHR0cHM6XC9cL3d3dy50ZW1wc2RlcGF1c2UuY2hcL2ZvbGlvXC93cC1jb250ZW50XC91cGxvYWRzXC8yMDE1XC8wNVwvSmVhbkRhMjAxNTA0MjkwMDE1ODUuanBnIiwic2xpZGVzaG93IjoiZWVlMDFjNyJ9\" href='https:\/\/www.tempsdepause.ch\/folio\/wp-content\/uploads\/2015\/05\/JeanDa20150429001585.jpg'><img loading=\"lazy\" decoding=\"async\" width=\"150\" height=\"150\" src=\"https:\/\/www.tempsdepause.ch\/folio\/wp-content\/uploads\/2015\/05\/JeanDa20150429001585-150x150.jpg\" class=\"attachment-thumbnail size-thumbnail\" alt=\"\" srcset=\"https:\/\/www.tempsdepause.ch\/folio\/wp-content\/uploads\/2015\/05\/JeanDa20150429001585-150x150.jpg 150w, https:\/\/www.tempsdepause.ch\/folio\/wp-content\/uploads\/2015\/05\/JeanDa20150429001585-174x174.jpg 174w, https:\/\/www.tempsdepause.ch\/folio\/wp-content\/uploads\/2015\/05\/JeanDa20150429001585-520x520.jpg 520w, https:\/\/www.tempsdepause.ch\/folio\/wp-content\/uploads\/2015\/05\/JeanDa20150429001585-109x109.jpg 109w, https:\/\/www.tempsdepause.ch\/folio\/wp-content\/uploads\/2015\/05\/JeanDa20150429001585-100x100.jpg 100w\" sizes=\"(max-width: 150px) 100vw, 150px\" \/><\/a>\n\t\t\t<\/div><\/figure><figure class='gallery-item'>\n\t\t\t<div class='gallery-icon landscape'>\n\t\t\t\t<a data-elementor-open-lightbox=\"yes\" data-elementor-lightbox-slideshow=\"eee01c7\" data-elementor-lightbox-title=\"Grand T\u008etras\" data-e-action-hash=\"#elementor-action%3Aaction%3Dlightbox%26settings%3DeyJpZCI6MTAyMSwidXJsIjoiaHR0cHM6XC9cL3d3dy50ZW1wc2RlcGF1c2UuY2hcL2ZvbGlvXC93cC1jb250ZW50XC91cGxvYWRzXC8yMDE1XC8wNVwvSmVhbkRhMjAxNTA0MjkwMDE1MzMuanBnIiwic2xpZGVzaG93IjoiZWVlMDFjNyJ9\" href='https:\/\/www.tempsdepause.ch\/folio\/wp-content\/uploads\/2015\/05\/JeanDa20150429001533.jpg'><img loading=\"lazy\" decoding=\"async\" width=\"150\" height=\"150\" src=\"https:\/\/www.tempsdepause.ch\/folio\/wp-content\/uploads\/2015\/05\/JeanDa20150429001533-150x150.jpg\" class=\"attachment-thumbnail size-thumbnail\" alt=\"\" srcset=\"https:\/\/www.tempsdepause.ch\/folio\/wp-content\/uploads\/2015\/05\/JeanDa20150429001533-150x150.jpg 150w, https:\/\/www.tempsdepause.ch\/folio\/wp-content\/uploads\/2015\/05\/JeanDa20150429001533-174x174.jpg 174w, https:\/\/www.tempsdepause.ch\/folio\/wp-content\/uploads\/2015\/05\/JeanDa20150429001533-520x520.jpg 520w, https:\/\/www.tempsdepause.ch\/folio\/wp-content\/uploads\/2015\/05\/JeanDa20150429001533-109x109.jpg 109w, https:\/\/www.tempsdepause.ch\/folio\/wp-content\/uploads\/2015\/05\/JeanDa20150429001533-100x100.jpg 100w\" sizes=\"(max-width: 150px) 100vw, 150px\" \/><\/a>\n\t\t\t<\/div><\/figure><figure class='gallery-item'>\n\t\t\t<div class='gallery-icon landscape'>\n\t\t\t\t<a data-elementor-open-lightbox=\"yes\" data-elementor-lightbox-slideshow=\"eee01c7\" data-elementor-lightbox-title=\"Grand T\u008etras\" data-e-action-hash=\"#elementor-action%3Aaction%3Dlightbox%26settings%3DeyJpZCI6MTAyMCwidXJsIjoiaHR0cHM6XC9cL3d3dy50ZW1wc2RlcGF1c2UuY2hcL2ZvbGlvXC93cC1jb250ZW50XC91cGxvYWRzXC8yMDE1XC8wNVwvSmVhbkRhMjAxNTA0MjkwMDE1MjQuanBnIiwic2xpZGVzaG93IjoiZWVlMDFjNyJ9\" href='https:\/\/www.tempsdepause.ch\/folio\/wp-content\/uploads\/2015\/05\/JeanDa20150429001524.jpg'><img loading=\"lazy\" decoding=\"async\" width=\"150\" height=\"150\" src=\"https:\/\/www.tempsdepause.ch\/folio\/wp-content\/uploads\/2015\/05\/JeanDa20150429001524-150x150.jpg\" class=\"attachment-thumbnail size-thumbnail\" alt=\"\" srcset=\"https:\/\/www.tempsdepause.ch\/folio\/wp-content\/uploads\/2015\/05\/JeanDa20150429001524-150x150.jpg 150w, https:\/\/www.tempsdepause.ch\/folio\/wp-content\/uploads\/2015\/05\/JeanDa20150429001524-174x174.jpg 174w, https:\/\/www.tempsdepause.ch\/folio\/wp-content\/uploads\/2015\/05\/JeanDa20150429001524-520x520.jpg 520w, https:\/\/www.tempsdepause.ch\/folio\/wp-content\/uploads\/2015\/05\/JeanDa20150429001524-109x109.jpg 109w, https:\/\/www.tempsdepause.ch\/folio\/wp-content\/uploads\/2015\/05\/JeanDa20150429001524-100x100.jpg 100w\" sizes=\"(max-width: 150px) 100vw, 150px\" \/><\/a>\n\t\t\t<\/div><\/figure><figure class='gallery-item'>\n\t\t\t<div class='gallery-icon landscape'>\n\t\t\t\t<a data-elementor-open-lightbox=\"yes\" data-elementor-lightbox-slideshow=\"eee01c7\" data-elementor-lightbox-title=\"Grand T\u008etras\" data-e-action-hash=\"#elementor-action%3Aaction%3Dlightbox%26settings%3DeyJpZCI6MTAxOSwidXJsIjoiaHR0cHM6XC9cL3d3dy50ZW1wc2RlcGF1c2UuY2hcL2ZvbGlvXC93cC1jb250ZW50XC91cGxvYWRzXC8yMDE1XC8wNVwvSmVhbkRhMjAxNTA0MjkwMDE1MTguanBnIiwic2xpZGVzaG93IjoiZWVlMDFjNyJ9\" href='https:\/\/www.tempsdepause.ch\/folio\/wp-content\/uploads\/2015\/05\/JeanDa20150429001518.jpg'><img loading=\"lazy\" decoding=\"async\" width=\"150\" height=\"150\" src=\"https:\/\/www.tempsdepause.ch\/folio\/wp-content\/uploads\/2015\/05\/JeanDa20150429001518-150x150.jpg\" class=\"attachment-thumbnail size-thumbnail\" alt=\"\" srcset=\"https:\/\/www.tempsdepause.ch\/folio\/wp-content\/uploads\/2015\/05\/JeanDa20150429001518-150x150.jpg 150w, https:\/\/www.tempsdepause.ch\/folio\/wp-content\/uploads\/2015\/05\/JeanDa20150429001518-174x174.jpg 174w, https:\/\/www.tempsdepause.ch\/folio\/wp-content\/uploads\/2015\/05\/JeanDa20150429001518-520x520.jpg 520w, https:\/\/www.tempsdepause.ch\/folio\/wp-content\/uploads\/2015\/05\/JeanDa20150429001518-109x109.jpg 109w, https:\/\/www.tempsdepause.ch\/folio\/wp-content\/uploads\/2015\/05\/JeanDa20150429001518-100x100.jpg 100w\" sizes=\"(max-width: 150px) 100vw, 150px\" \/><\/a>\n\t\t\t<\/div><\/figure>\n\t\t<\/div>\n\t\t<\/div>\n\t\t\t\t\t\t<\/div>\n\t\t\t\t<\/div>\n\t\t\t\t\t<\/div>\n\t\t<\/div>\n\t\t\t\t\t<\/div>\n\t\t<\/section>\n\t\t\t\t<\/div>\n\t\t","protected":false},"excerpt":{"rendered":"<p>Tu te rends compte ! Il faut allez au bout du monde pour rencontrer nos coqs de bruy\u00e8re. En haut pr\u00e8s de la Laponie en Car\u00e9lie, en&nbsp;Ostrobotnie et dans le&nbsp;Kainuu j&rsquo;ai vu les grands t\u00e9tras. Il y en a partout, m\u00eame en bordure des routes. Ici dans le Jura il en reste un ici l&rsquo;autre l\u00e0. Mais on ne le dit pas, c&rsquo;est interdit. Seuls les observateurs privil\u00e9gi\u00e9s peuvent sur autorisation les d\u00e9ranger. Combien en restent-ils franchement ? et que [&hellip;]<\/p>\n","protected":false},"author":1,"featured_media":1026,"parent":0,"menu_order":0,"comment_status":"closed","ping_status":"closed","template":"","meta":{"footnotes":""},"class_list":["post-969","page","type-page","status-publish","has-post-thumbnail","hentry"],"aioseo_notices":[],"_links":{"self":[{"href":"https:\/\/www.tempsdepause.ch\/folio\/wp-json\/wp\/v2\/pages\/969","targetHints":{"allow":["GET"]}}],"collection":[{"href":"https:\/\/www.tempsdepause.ch\/folio\/wp-json\/wp\/v2\/pages"}],"about":[{"href":"https:\/\/www.tempsdepause.ch\/folio\/wp-json\/wp\/v2\/types\/page"}],"author":[{"embeddable":true,"href":"https:\/\/www.tempsdepause.ch\/folio\/wp-json\/wp\/v2\/users\/1"}],"replies":[{"embeddable":true,"href":"https:\/\/www.tempsdepause.ch\/folio\/wp-json\/wp\/v2\/comments?post=969"}],"version-history":[{"count":0,"href":"https:\/\/www.tempsdepause.ch\/folio\/wp-json\/wp\/v2\/pages\/969\/revisions"}],"wp:featuredmedia":[{"embeddable":true,"href":"https:\/\/www.tempsdepause.ch\/folio\/wp-json\/wp\/v2\/media\/1026"}],"wp:attachment":[{"href":"https:\/\/www.tempsdepause.ch\/folio\/wp-json\/wp\/v2\/media?parent=969"}],"curies":[{"name":"wp","href":"https:\/\/api.w.org\/{rel}","templated":true}]}}