{"id":335,"date":"2015-01-13T17:40:40","date_gmt":"2015-01-13T17:40:40","guid":{"rendered":"http:\/\/www.tempsdepause.ch\/folio\/?page_id=335"},"modified":"2019-10-04T15:37:58","modified_gmt":"2019-10-04T15:37:58","slug":"grand-cormoran","status":"publish","type":"page","link":"https:\/\/www.tempsdepause.ch\/folio\/grand-cormoran\/","title":{"rendered":"Grand cormoran"},"content":{"rendered":"\t\t<div data-elementor-type=\"wp-page\" data-elementor-id=\"335\" class=\"elementor elementor-335\">\n\t\t\t\t\t\t<section class=\"elementor-section elementor-top-section elementor-element elementor-element-5aa88475 elementor-section-boxed elementor-section-height-default elementor-section-height-default\" data-id=\"5aa88475\" data-element_type=\"section\" data-e-type=\"section\">\n\t\t\t\t\t\t<div class=\"elementor-container elementor-column-gap-default\">\n\t\t\t\t\t<div class=\"elementor-column elementor-col-100 elementor-top-column elementor-element elementor-element-824554e\" data-id=\"824554e\" data-element_type=\"column\" data-e-type=\"column\">\n\t\t\t<div class=\"elementor-widget-wrap elementor-element-populated\">\n\t\t\t\t\t\t<div class=\"elementor-element elementor-element-5f03fea9 elementor-widget elementor-widget-text-editor\" data-id=\"5f03fea9\" data-element_type=\"widget\" data-e-type=\"widget\" data-widget_type=\"text-editor.default\">\n\t\t\t\t<div class=\"elementor-widget-container\">\n\t\t\t\t\t\t\t\t\t&nbsp;\n\nL&rsquo;impressionnant piscicole \u00e0 la robe noir et aux yeux bleus fait fureur sur le lac.\n\n\u00ab&nbsp;Avec ses airs de mafieux des ann\u00e9es 30 dans son costard trois-pi\u00e8ces anthracite hors de prix, Al Capone le Cormoran et son gang ont pris le contr\u00f4le de la p\u00eache sur le lac. Les bandes de cormorans d\u00e9collent en escadrille compacte et organisent des battues d\u00e8s le matin. Au grand dam des p\u00eacheurs professionnels qui se font trouer leurs filets. Au point que le gouvernement entend d\u00e9manteler l\u2019organisation\u2026&nbsp;\u00bb\n\nExtrait de: \u00ab&nbsp;PetitPrince.&nbsp;\u00bb iBooks.\t\t\t\t\t\t\t\t<\/div>\n\t\t\t\t<\/div>\n\t\t\t\t\t<\/div>\n\t\t<\/div>\n\t\t\t\t\t<\/div>\n\t\t<\/section>\n\t\t\t\t<section class=\"elementor-section elementor-top-section elementor-element elementor-element-994e283 elementor-section-boxed elementor-section-height-default elementor-section-height-default\" data-id=\"994e283\" data-element_type=\"section\" data-e-type=\"section\">\n\t\t\t\t\t\t<div class=\"elementor-container elementor-column-gap-default\">\n\t\t\t\t\t<div class=\"elementor-column elementor-col-100 elementor-top-column elementor-element elementor-element-439a9a7\" data-id=\"439a9a7\" data-element_type=\"column\" data-e-type=\"column\">\n\t\t\t<div class=\"elementor-widget-wrap elementor-element-populated\">\n\t\t\t\t\t\t<div class=\"elementor-element elementor-element-8b5ce56 elementor-widget elementor-widget-image-gallery\" data-id=\"8b5ce56\" data-element_type=\"widget\" data-e-type=\"widget\" data-widget_type=\"image-gallery.default\">\n\t\t\t\t<div class=\"elementor-widget-container\">\n\t\t\t\t\t\t\t<div class=\"elementor-image-gallery\">\n\t\t\t<div id='gallery-1' class='gallery galleryid-335 gallery-columns-4 gallery-size-thumbnail'><figure class='gallery-item'>\n\t\t\t<div class='gallery-icon landscape'>\n\t\t\t\t<a data-elementor-open-lightbox=\"yes\" data-elementor-lightbox-slideshow=\"8b5ce56\" data-elementor-lightbox-title=\"Cormorand\" data-elementor-lightbox-description=\"Limite sud de l&#039;interdicition de naviguer, proche du ponton &quot;les Joncs&quot; et entr\u008ee du chenal des gouilles de Champ Pittet\" data-e-action-hash=\"#elementor-action%3Aaction%3Dlightbox%26settings%3DeyJpZCI6MzczLCJ1cmwiOiJodHRwczpcL1wvd3d3LnRlbXBzZGVwYXVzZS5jaFwvZm9saW9cL3dwLWNvbnRlbnRcL3VwbG9hZHNcLzIwMTVcLzAxXC9KZWFuRGEyMDEzMDYxODAyOTM2LmpwZyIsInNsaWRlc2hvdyI6IjhiNWNlNTYifQ%3D%3D\" href='https:\/\/www.tempsdepause.ch\/folio\/wp-content\/uploads\/2015\/01\/JeanDa2013061802936.jpg'><img decoding=\"async\" width=\"150\" height=\"150\" src=\"https:\/\/www.tempsdepause.ch\/folio\/wp-content\/uploads\/2015\/01\/JeanDa2013061802936-150x150.jpg\" class=\"attachment-thumbnail size-thumbnail\" alt=\"\" srcset=\"https:\/\/www.tempsdepause.ch\/folio\/wp-content\/uploads\/2015\/01\/JeanDa2013061802936-150x150.jpg 150w, https:\/\/www.tempsdepause.ch\/folio\/wp-content\/uploads\/2015\/01\/JeanDa2013061802936-174x174.jpg 174w, https:\/\/www.tempsdepause.ch\/folio\/wp-content\/uploads\/2015\/01\/JeanDa2013061802936-520x520.jpg 520w, https:\/\/www.tempsdepause.ch\/folio\/wp-content\/uploads\/2015\/01\/JeanDa2013061802936-109x109.jpg 109w, https:\/\/www.tempsdepause.ch\/folio\/wp-content\/uploads\/2015\/01\/JeanDa2013061802936-100x100.jpg 100w\" sizes=\"(max-width: 150px) 100vw, 150px\" \/><\/a>\n\t\t\t<\/div><\/figure><figure class='gallery-item'>\n\t\t\t<div class='gallery-icon landscape'>\n\t\t\t\t<a data-elementor-open-lightbox=\"yes\" data-elementor-lightbox-slideshow=\"8b5ce56\" data-elementor-lightbox-title=\"Cormorand\" data-elementor-lightbox-description=\"Limite sud de l&#039;interdicition de naviguer, proche du ponton &quot;les Joncs&quot; et entr\u008ee du chenal des gouilles de Champ Pittet\" data-e-action-hash=\"#elementor-action%3Aaction%3Dlightbox%26settings%3DeyJpZCI6MzcyLCJ1cmwiOiJodHRwczpcL1wvd3d3LnRlbXBzZGVwYXVzZS5jaFwvZm9saW9cL3dwLWNvbnRlbnRcL3VwbG9hZHNcLzIwMTVcLzAxXC9KZWFuRGEyMDEzMDYxODAyOTM1LmpwZyIsInNsaWRlc2hvdyI6IjhiNWNlNTYifQ%3D%3D\" href='https:\/\/www.tempsdepause.ch\/folio\/wp-content\/uploads\/2015\/01\/JeanDa2013061802935.jpg'><img decoding=\"async\" width=\"150\" height=\"150\" src=\"https:\/\/www.tempsdepause.ch\/folio\/wp-content\/uploads\/2015\/01\/JeanDa2013061802935-150x150.jpg\" class=\"attachment-thumbnail size-thumbnail\" alt=\"\" srcset=\"https:\/\/www.tempsdepause.ch\/folio\/wp-content\/uploads\/2015\/01\/JeanDa2013061802935-150x150.jpg 150w, https:\/\/www.tempsdepause.ch\/folio\/wp-content\/uploads\/2015\/01\/JeanDa2013061802935-174x174.jpg 174w, https:\/\/www.tempsdepause.ch\/folio\/wp-content\/uploads\/2015\/01\/JeanDa2013061802935-520x520.jpg 520w, https:\/\/www.tempsdepause.ch\/folio\/wp-content\/uploads\/2015\/01\/JeanDa2013061802935-109x109.jpg 109w, https:\/\/www.tempsdepause.ch\/folio\/wp-content\/uploads\/2015\/01\/JeanDa2013061802935-100x100.jpg 100w\" sizes=\"(max-width: 150px) 100vw, 150px\" \/><\/a>\n\t\t\t<\/div><\/figure><figure class='gallery-item'>\n\t\t\t<div class='gallery-icon landscape'>\n\t\t\t\t<a data-elementor-open-lightbox=\"yes\" data-elementor-lightbox-slideshow=\"8b5ce56\" data-elementor-lightbox-title=\"Cormorand\" data-elementor-lightbox-description=\"Limite sud de l&#039;interdicition de naviguer, proche du ponton &quot;les Joncs&quot; et entr\u008ee du chenal des gouilles de Champ Pittet\" data-e-action-hash=\"#elementor-action%3Aaction%3Dlightbox%26settings%3DeyJpZCI6MzcxLCJ1cmwiOiJodHRwczpcL1wvd3d3LnRlbXBzZGVwYXVzZS5jaFwvZm9saW9cL3dwLWNvbnRlbnRcL3VwbG9hZHNcLzIwMTVcLzAxXC9KZWFuRGEyMDEzMDYxODAyOTM0LmpwZyIsInNsaWRlc2hvdyI6IjhiNWNlNTYifQ%3D%3D\" href='https:\/\/www.tempsdepause.ch\/folio\/wp-content\/uploads\/2015\/01\/JeanDa2013061802934.jpg'><img decoding=\"async\" width=\"150\" height=\"150\" src=\"https:\/\/www.tempsdepause.ch\/folio\/wp-content\/uploads\/2015\/01\/JeanDa2013061802934-150x150.jpg\" class=\"attachment-thumbnail size-thumbnail\" alt=\"\" srcset=\"https:\/\/www.tempsdepause.ch\/folio\/wp-content\/uploads\/2015\/01\/JeanDa2013061802934-150x150.jpg 150w, https:\/\/www.tempsdepause.ch\/folio\/wp-content\/uploads\/2015\/01\/JeanDa2013061802934-174x174.jpg 174w, https:\/\/www.tempsdepause.ch\/folio\/wp-content\/uploads\/2015\/01\/JeanDa2013061802934-520x520.jpg 520w, https:\/\/www.tempsdepause.ch\/folio\/wp-content\/uploads\/2015\/01\/JeanDa2013061802934-109x109.jpg 109w, https:\/\/www.tempsdepause.ch\/folio\/wp-content\/uploads\/2015\/01\/JeanDa2013061802934-100x100.jpg 100w\" sizes=\"(max-width: 150px) 100vw, 150px\" \/><\/a>\n\t\t\t<\/div><\/figure><figure class='gallery-item'>\n\t\t\t<div class='gallery-icon landscape'>\n\t\t\t\t<a data-elementor-open-lightbox=\"yes\" data-elementor-lightbox-slideshow=\"8b5ce56\" data-elementor-lightbox-title=\"Cormorand\" data-elementor-lightbox-description=\"Limite sud de l&#039;interdicition de naviguer, proche du ponton &quot;les Joncs&quot; et entr\u008ee du chenal des gouilles de Champ Pittet\" data-e-action-hash=\"#elementor-action%3Aaction%3Dlightbox%26settings%3DeyJpZCI6MzcwLCJ1cmwiOiJodHRwczpcL1wvd3d3LnRlbXBzZGVwYXVzZS5jaFwvZm9saW9cL3dwLWNvbnRlbnRcL3VwbG9hZHNcLzIwMTVcLzAxXC9KZWFuRGEyMDEzMDYxODAyOTMzLmpwZyIsInNsaWRlc2hvdyI6IjhiNWNlNTYifQ%3D%3D\" href='https:\/\/www.tempsdepause.ch\/folio\/wp-content\/uploads\/2015\/01\/JeanDa2013061802933.jpg'><img loading=\"lazy\" decoding=\"async\" width=\"150\" height=\"150\" src=\"https:\/\/www.tempsdepause.ch\/folio\/wp-content\/uploads\/2015\/01\/JeanDa2013061802933-150x150.jpg\" class=\"attachment-thumbnail size-thumbnail\" alt=\"\" srcset=\"https:\/\/www.tempsdepause.ch\/folio\/wp-content\/uploads\/2015\/01\/JeanDa2013061802933-150x150.jpg 150w, https:\/\/www.tempsdepause.ch\/folio\/wp-content\/uploads\/2015\/01\/JeanDa2013061802933-174x174.jpg 174w, https:\/\/www.tempsdepause.ch\/folio\/wp-content\/uploads\/2015\/01\/JeanDa2013061802933-520x520.jpg 520w, https:\/\/www.tempsdepause.ch\/folio\/wp-content\/uploads\/2015\/01\/JeanDa2013061802933-109x109.jpg 109w, https:\/\/www.tempsdepause.ch\/folio\/wp-content\/uploads\/2015\/01\/JeanDa2013061802933-100x100.jpg 100w\" sizes=\"(max-width: 150px) 100vw, 150px\" \/><\/a>\n\t\t\t<\/div><\/figure><figure class='gallery-item'>\n\t\t\t<div class='gallery-icon landscape'>\n\t\t\t\t<a data-elementor-open-lightbox=\"yes\" data-elementor-lightbox-slideshow=\"8b5ce56\" data-elementor-lightbox-title=\"Cormorand\" data-elementor-lightbox-description=\"Limite sud de l&#039;interdicition de naviguer, proche du ponton &quot;les Joncs&quot; et entr\u008ee du chenal des gouilles de Champ Pittet\" data-e-action-hash=\"#elementor-action%3Aaction%3Dlightbox%26settings%3DeyJpZCI6MzY5LCJ1cmwiOiJodHRwczpcL1wvd3d3LnRlbXBzZGVwYXVzZS5jaFwvZm9saW9cL3dwLWNvbnRlbnRcL3VwbG9hZHNcLzIwMTVcLzAxXC9KZWFuRGEyMDEzMDYxODAyOTMyLmpwZyIsInNsaWRlc2hvdyI6IjhiNWNlNTYifQ%3D%3D\" href='https:\/\/www.tempsdepause.ch\/folio\/wp-content\/uploads\/2015\/01\/JeanDa2013061802932.jpg'><img loading=\"lazy\" decoding=\"async\" width=\"150\" height=\"150\" src=\"https:\/\/www.tempsdepause.ch\/folio\/wp-content\/uploads\/2015\/01\/JeanDa2013061802932-150x150.jpg\" class=\"attachment-thumbnail size-thumbnail\" alt=\"\" srcset=\"https:\/\/www.tempsdepause.ch\/folio\/wp-content\/uploads\/2015\/01\/JeanDa2013061802932-150x150.jpg 150w, https:\/\/www.tempsdepause.ch\/folio\/wp-content\/uploads\/2015\/01\/JeanDa2013061802932-174x174.jpg 174w, https:\/\/www.tempsdepause.ch\/folio\/wp-content\/uploads\/2015\/01\/JeanDa2013061802932-520x520.jpg 520w, https:\/\/www.tempsdepause.ch\/folio\/wp-content\/uploads\/2015\/01\/JeanDa2013061802932-109x109.jpg 109w, https:\/\/www.tempsdepause.ch\/folio\/wp-content\/uploads\/2015\/01\/JeanDa2013061802932-100x100.jpg 100w\" sizes=\"(max-width: 150px) 100vw, 150px\" \/><\/a>\n\t\t\t<\/div><\/figure><figure class='gallery-item'>\n\t\t\t<div class='gallery-icon landscape'>\n\t\t\t\t<a data-elementor-open-lightbox=\"yes\" data-elementor-lightbox-slideshow=\"8b5ce56\" data-elementor-lightbox-title=\"Cormorand\" data-elementor-lightbox-description=\"Limite sud de l&#039;interdicition de naviguer, proche du ponton &quot;les Joncs&quot; et entr\u008ee du chenal des gouilles de Champ Pittet\" data-e-action-hash=\"#elementor-action%3Aaction%3Dlightbox%26settings%3DeyJpZCI6MzY4LCJ1cmwiOiJodHRwczpcL1wvd3d3LnRlbXBzZGVwYXVzZS5jaFwvZm9saW9cL3dwLWNvbnRlbnRcL3VwbG9hZHNcLzIwMTVcLzAxXC9KZWFuRGEyMDEzMDYxODAyOTMxLmpwZyIsInNsaWRlc2hvdyI6IjhiNWNlNTYifQ%3D%3D\" href='https:\/\/www.tempsdepause.ch\/folio\/wp-content\/uploads\/2015\/01\/JeanDa2013061802931.jpg'><img loading=\"lazy\" decoding=\"async\" width=\"150\" height=\"150\" src=\"https:\/\/www.tempsdepause.ch\/folio\/wp-content\/uploads\/2015\/01\/JeanDa2013061802931-150x150.jpg\" class=\"attachment-thumbnail size-thumbnail\" alt=\"\" srcset=\"https:\/\/www.tempsdepause.ch\/folio\/wp-content\/uploads\/2015\/01\/JeanDa2013061802931-150x150.jpg 150w, https:\/\/www.tempsdepause.ch\/folio\/wp-content\/uploads\/2015\/01\/JeanDa2013061802931-174x174.jpg 174w, https:\/\/www.tempsdepause.ch\/folio\/wp-content\/uploads\/2015\/01\/JeanDa2013061802931-520x520.jpg 520w, https:\/\/www.tempsdepause.ch\/folio\/wp-content\/uploads\/2015\/01\/JeanDa2013061802931-109x109.jpg 109w, https:\/\/www.tempsdepause.ch\/folio\/wp-content\/uploads\/2015\/01\/JeanDa2013061802931-100x100.jpg 100w\" sizes=\"(max-width: 150px) 100vw, 150px\" \/><\/a>\n\t\t\t<\/div><\/figure><figure class='gallery-item'>\n\t\t\t<div class='gallery-icon landscape'>\n\t\t\t\t<a data-elementor-open-lightbox=\"yes\" data-elementor-lightbox-slideshow=\"8b5ce56\" data-elementor-lightbox-title=\"Cormorand\" data-elementor-lightbox-description=\"Limite sud de l&#039;interdicition de naviguer, proche du ponton &quot;les Joncs&quot; et entr\u008ee du chenal des gouilles de Champ Pittet\" data-e-action-hash=\"#elementor-action%3Aaction%3Dlightbox%26settings%3DeyJpZCI6MzY3LCJ1cmwiOiJodHRwczpcL1wvd3d3LnRlbXBzZGVwYXVzZS5jaFwvZm9saW9cL3dwLWNvbnRlbnRcL3VwbG9hZHNcLzIwMTVcLzAxXC9KZWFuRGEyMDEzMDYxODAyOTI0LmpwZyIsInNsaWRlc2hvdyI6IjhiNWNlNTYifQ%3D%3D\" href='https:\/\/www.tempsdepause.ch\/folio\/wp-content\/uploads\/2015\/01\/JeanDa2013061802924.jpg'><img loading=\"lazy\" decoding=\"async\" width=\"150\" height=\"150\" src=\"https:\/\/www.tempsdepause.ch\/folio\/wp-content\/uploads\/2015\/01\/JeanDa2013061802924-150x150.jpg\" class=\"attachment-thumbnail size-thumbnail\" alt=\"\" srcset=\"https:\/\/www.tempsdepause.ch\/folio\/wp-content\/uploads\/2015\/01\/JeanDa2013061802924-150x150.jpg 150w, https:\/\/www.tempsdepause.ch\/folio\/wp-content\/uploads\/2015\/01\/JeanDa2013061802924-174x174.jpg 174w, https:\/\/www.tempsdepause.ch\/folio\/wp-content\/uploads\/2015\/01\/JeanDa2013061802924-520x520.jpg 520w, https:\/\/www.tempsdepause.ch\/folio\/wp-content\/uploads\/2015\/01\/JeanDa2013061802924-109x109.jpg 109w, https:\/\/www.tempsdepause.ch\/folio\/wp-content\/uploads\/2015\/01\/JeanDa2013061802924-100x100.jpg 100w\" sizes=\"(max-width: 150px) 100vw, 150px\" \/><\/a>\n\t\t\t<\/div><\/figure><figure class='gallery-item'>\n\t\t\t<div class='gallery-icon landscape'>\n\t\t\t\t<a data-elementor-open-lightbox=\"yes\" data-elementor-lightbox-slideshow=\"8b5ce56\" data-elementor-lightbox-title=\"JeanDa2013042301224\" data-elementor-lightbox-description=\"Limite sud de l&#039;interdicition de naviguer, proche du ponton &quot;les Joncs&quot; et entr\u008ee du chenal des gouilles de Champ Pittet\" data-e-action-hash=\"#elementor-action%3Aaction%3Dlightbox%26settings%3DeyJpZCI6MzY2LCJ1cmwiOiJodHRwczpcL1wvd3d3LnRlbXBzZGVwYXVzZS5jaFwvZm9saW9cL3dwLWNvbnRlbnRcL3VwbG9hZHNcLzIwMTVcLzAxXC9KZWFuRGEyMDEzMDQyMzAxMjI0LmpwZyIsInNsaWRlc2hvdyI6IjhiNWNlNTYifQ%3D%3D\" href='https:\/\/www.tempsdepause.ch\/folio\/wp-content\/uploads\/2015\/01\/JeanDa2013042301224.jpg'><img loading=\"lazy\" decoding=\"async\" width=\"150\" height=\"150\" src=\"https:\/\/www.tempsdepause.ch\/folio\/wp-content\/uploads\/2015\/01\/JeanDa2013042301224-150x150.jpg\" class=\"attachment-thumbnail size-thumbnail\" alt=\"\" srcset=\"https:\/\/www.tempsdepause.ch\/folio\/wp-content\/uploads\/2015\/01\/JeanDa2013042301224-150x150.jpg 150w, https:\/\/www.tempsdepause.ch\/folio\/wp-content\/uploads\/2015\/01\/JeanDa2013042301224-174x174.jpg 174w, https:\/\/www.tempsdepause.ch\/folio\/wp-content\/uploads\/2015\/01\/JeanDa2013042301224-520x520.jpg 520w, https:\/\/www.tempsdepause.ch\/folio\/wp-content\/uploads\/2015\/01\/JeanDa2013042301224-109x109.jpg 109w, https:\/\/www.tempsdepause.ch\/folio\/wp-content\/uploads\/2015\/01\/JeanDa2013042301224-100x100.jpg 100w\" sizes=\"(max-width: 150px) 100vw, 150px\" \/><\/a>\n\t\t\t<\/div><\/figure><figure class='gallery-item'>\n\t\t\t<div class='gallery-icon landscape'>\n\t\t\t\t<a data-elementor-open-lightbox=\"yes\" data-elementor-lightbox-slideshow=\"8b5ce56\" data-elementor-lightbox-title=\"Cormoran sur les iles au Fanel\" data-elementor-lightbox-description=\"Ile Neuch\u0089tloise du Fanel\nBagage des cormorans \nAvec Michel Antonazia,...\" data-e-action-hash=\"#elementor-action%3Aaction%3Dlightbox%26settings%3DeyJpZCI6MzY1LCJ1cmwiOiJodHRwczpcL1wvd3d3LnRlbXBzZGVwYXVzZS5jaFwvZm9saW9cL3dwLWNvbnRlbnRcL3VwbG9hZHNcLzIwMTVcLzAxXC9KZWFuRGEyMDExMDYxNTAzOTEyLmpwZyIsInNsaWRlc2hvdyI6IjhiNWNlNTYifQ%3D%3D\" href='https:\/\/www.tempsdepause.ch\/folio\/wp-content\/uploads\/2015\/01\/JeanDa2011061503912.jpg'><img loading=\"lazy\" decoding=\"async\" width=\"150\" height=\"150\" src=\"https:\/\/www.tempsdepause.ch\/folio\/wp-content\/uploads\/2015\/01\/JeanDa2011061503912-150x150.jpg\" class=\"attachment-thumbnail size-thumbnail\" alt=\"\" srcset=\"https:\/\/www.tempsdepause.ch\/folio\/wp-content\/uploads\/2015\/01\/JeanDa2011061503912-150x150.jpg 150w, https:\/\/www.tempsdepause.ch\/folio\/wp-content\/uploads\/2015\/01\/JeanDa2011061503912-174x174.jpg 174w, https:\/\/www.tempsdepause.ch\/folio\/wp-content\/uploads\/2015\/01\/JeanDa2011061503912-520x520.jpg 520w, https:\/\/www.tempsdepause.ch\/folio\/wp-content\/uploads\/2015\/01\/JeanDa2011061503912-109x109.jpg 109w, https:\/\/www.tempsdepause.ch\/folio\/wp-content\/uploads\/2015\/01\/JeanDa2011061503912-100x100.jpg 100w\" sizes=\"(max-width: 150px) 100vw, 150px\" \/><\/a>\n\t\t\t<\/div><\/figure><figure class='gallery-item'>\n\t\t\t<div class='gallery-icon landscape'>\n\t\t\t\t<a data-elementor-open-lightbox=\"yes\" data-elementor-lightbox-slideshow=\"8b5ce56\" data-elementor-lightbox-title=\"Cormoran sur les iles au Fanel\" data-elementor-lightbox-description=\"Ile Neuch\u0089tloise du Fanel\nBagage des cormorans \nAvec Michel Antonazia,...\" data-e-action-hash=\"#elementor-action%3Aaction%3Dlightbox%26settings%3DeyJpZCI6MzY0LCJ1cmwiOiJodHRwczpcL1wvd3d3LnRlbXBzZGVwYXVzZS5jaFwvZm9saW9cL3dwLWNvbnRlbnRcL3VwbG9hZHNcLzIwMTVcLzAxXC9KZWFuRGEyMDExMDYxNTAzODM3LmpwZyIsInNsaWRlc2hvdyI6IjhiNWNlNTYifQ%3D%3D\" href='https:\/\/www.tempsdepause.ch\/folio\/wp-content\/uploads\/2015\/01\/JeanDa2011061503837.jpg'><img loading=\"lazy\" decoding=\"async\" width=\"150\" height=\"150\" src=\"https:\/\/www.tempsdepause.ch\/folio\/wp-content\/uploads\/2015\/01\/JeanDa2011061503837-150x150.jpg\" class=\"attachment-thumbnail size-thumbnail\" alt=\"\" srcset=\"https:\/\/www.tempsdepause.ch\/folio\/wp-content\/uploads\/2015\/01\/JeanDa2011061503837-150x150.jpg 150w, https:\/\/www.tempsdepause.ch\/folio\/wp-content\/uploads\/2015\/01\/JeanDa2011061503837-174x174.jpg 174w, https:\/\/www.tempsdepause.ch\/folio\/wp-content\/uploads\/2015\/01\/JeanDa2011061503837-520x520.jpg 520w, https:\/\/www.tempsdepause.ch\/folio\/wp-content\/uploads\/2015\/01\/JeanDa2011061503837-109x109.jpg 109w, https:\/\/www.tempsdepause.ch\/folio\/wp-content\/uploads\/2015\/01\/JeanDa2011061503837-100x100.jpg 100w\" sizes=\"(max-width: 150px) 100vw, 150px\" \/><\/a>\n\t\t\t<\/div><\/figure><figure class='gallery-item'>\n\t\t\t<div class='gallery-icon landscape'>\n\t\t\t\t<a data-elementor-open-lightbox=\"yes\" data-elementor-lightbox-slideshow=\"8b5ce56\" data-elementor-lightbox-title=\"Cormoran sur les iles au Fanel\" data-elementor-lightbox-description=\"Ile Neuch\u0089tloise du Fanel\nBagage des cormorans \nAvec Michel Antonazia,...\" data-e-action-hash=\"#elementor-action%3Aaction%3Dlightbox%26settings%3DeyJpZCI6MzYzLCJ1cmwiOiJodHRwczpcL1wvd3d3LnRlbXBzZGVwYXVzZS5jaFwvZm9saW9cL3dwLWNvbnRlbnRcL3VwbG9hZHNcLzIwMTVcLzAxXC9KZWFuRGEyMDExMDYxNTAzODMyLmpwZyIsInNsaWRlc2hvdyI6IjhiNWNlNTYifQ%3D%3D\" href='https:\/\/www.tempsdepause.ch\/folio\/wp-content\/uploads\/2015\/01\/JeanDa2011061503832.jpg'><img loading=\"lazy\" decoding=\"async\" width=\"150\" height=\"150\" src=\"https:\/\/www.tempsdepause.ch\/folio\/wp-content\/uploads\/2015\/01\/JeanDa2011061503832-150x150.jpg\" class=\"attachment-thumbnail size-thumbnail\" alt=\"\" srcset=\"https:\/\/www.tempsdepause.ch\/folio\/wp-content\/uploads\/2015\/01\/JeanDa2011061503832-150x150.jpg 150w, https:\/\/www.tempsdepause.ch\/folio\/wp-content\/uploads\/2015\/01\/JeanDa2011061503832-174x174.jpg 174w, https:\/\/www.tempsdepause.ch\/folio\/wp-content\/uploads\/2015\/01\/JeanDa2011061503832-520x520.jpg 520w, https:\/\/www.tempsdepause.ch\/folio\/wp-content\/uploads\/2015\/01\/JeanDa2011061503832-109x109.jpg 109w, https:\/\/www.tempsdepause.ch\/folio\/wp-content\/uploads\/2015\/01\/JeanDa2011061503832-100x100.jpg 100w\" sizes=\"(max-width: 150px) 100vw, 150px\" \/><\/a>\n\t\t\t<\/div><\/figure><figure class='gallery-item'>\n\t\t\t<div class='gallery-icon landscape'>\n\t\t\t\t<a data-elementor-open-lightbox=\"yes\" data-elementor-lightbox-slideshow=\"8b5ce56\" data-elementor-lightbox-title=\"Gr\u00e8be hupp\u00e8\" data-elementor-lightbox-description=\"Ile Neuch\u0089tloise du Fanel\nBagage des cormorans \nAvec Michel Antonazia,...\" data-e-action-hash=\"#elementor-action%3Aaction%3Dlightbox%26settings%3DeyJpZCI6MzYyLCJ1cmwiOiJodHRwczpcL1wvd3d3LnRlbXBzZGVwYXVzZS5jaFwvZm9saW9cL3dwLWNvbnRlbnRcL3VwbG9hZHNcLzIwMTVcLzAxXC9KZWFuRGEyMDEwMDUxNzA0MjQwLmpwZyIsInNsaWRlc2hvdyI6IjhiNWNlNTYifQ%3D%3D\" href='https:\/\/www.tempsdepause.ch\/folio\/wp-content\/uploads\/2015\/01\/JeanDa2010051704240.jpg'><img loading=\"lazy\" decoding=\"async\" width=\"150\" height=\"150\" src=\"https:\/\/www.tempsdepause.ch\/folio\/wp-content\/uploads\/2015\/01\/JeanDa2010051704240-150x150.jpg\" class=\"attachment-thumbnail size-thumbnail\" alt=\"\" srcset=\"https:\/\/www.tempsdepause.ch\/folio\/wp-content\/uploads\/2015\/01\/JeanDa2010051704240-150x150.jpg 150w, https:\/\/www.tempsdepause.ch\/folio\/wp-content\/uploads\/2015\/01\/JeanDa2010051704240-174x174.jpg 174w, https:\/\/www.tempsdepause.ch\/folio\/wp-content\/uploads\/2015\/01\/JeanDa2010051704240-520x520.jpg 520w, https:\/\/www.tempsdepause.ch\/folio\/wp-content\/uploads\/2015\/01\/JeanDa2010051704240-109x109.jpg 109w, https:\/\/www.tempsdepause.ch\/folio\/wp-content\/uploads\/2015\/01\/JeanDa2010051704240-100x100.jpg 100w\" sizes=\"(max-width: 150px) 100vw, 150px\" \/><\/a>\n\t\t\t<\/div><\/figure>\n\t\t<\/div>\n\t\t<\/div>\n\t\t\t\t\t\t<\/div>\n\t\t\t\t<\/div>\n\t\t\t\t\t<\/div>\n\t\t<\/div>\n\t\t\t\t\t<\/div>\n\t\t<\/section>\n\t\t\t\t<\/div>\n\t\t","protected":false},"excerpt":{"rendered":"<p>&nbsp; L&rsquo;impressionnant piscicole \u00e0 la robe noir et aux yeux bleus fait fureur sur le lac. \u00ab&nbsp;Avec ses airs de mafieux des ann\u00e9es 30 dans son costard trois-pi\u00e8ces anthracite hors de prix, Al Capone le Cormoran et son gang ont pris le contr\u00f4le de la p\u00eache sur le lac. Les bandes de cormorans d\u00e9collent en escadrille compacte et organisent des battues d\u00e8s le matin. Au grand dam des p\u00eacheurs professionnels qui se font trouer leurs filets. Au point que le [&hellip;]<\/p>\n","protected":false},"author":1,"featured_media":362,"parent":0,"menu_order":0,"comment_status":"closed","ping_status":"closed","template":"","meta":{"footnotes":""},"class_list":["post-335","page","type-page","status-publish","has-post-thumbnail","hentry"],"aioseo_notices":[],"_links":{"self":[{"href":"https:\/\/www.tempsdepause.ch\/folio\/wp-json\/wp\/v2\/pages\/335","targetHints":{"allow":["GET"]}}],"collection":[{"href":"https:\/\/www.tempsdepause.ch\/folio\/wp-json\/wp\/v2\/pages"}],"about":[{"href":"https:\/\/www.tempsdepause.ch\/folio\/wp-json\/wp\/v2\/types\/page"}],"author":[{"embeddable":true,"href":"https:\/\/www.tempsdepause.ch\/folio\/wp-json\/wp\/v2\/users\/1"}],"replies":[{"embeddable":true,"href":"https:\/\/www.tempsdepause.ch\/folio\/wp-json\/wp\/v2\/comments?post=335"}],"version-history":[{"count":0,"href":"https:\/\/www.tempsdepause.ch\/folio\/wp-json\/wp\/v2\/pages\/335\/revisions"}],"wp:featuredmedia":[{"embeddable":true,"href":"https:\/\/www.tempsdepause.ch\/folio\/wp-json\/wp\/v2\/media\/362"}],"wp:attachment":[{"href":"https:\/\/www.tempsdepause.ch\/folio\/wp-json\/wp\/v2\/media?parent=335"}],"curies":[{"name":"wp","href":"https:\/\/api.w.org\/{rel}","templated":true}]}}