{"id":1285,"date":"2015-07-26T15:11:45","date_gmt":"2015-05-28T19:27:07","guid":{"rendered":"http:\/\/www.tempsdepause.ch\/folio\/?page_id=1285"},"modified":"2015-07-26T15:09:21","modified_gmt":"2015-07-26T15:09:21","slug":"mammifere","status":"publish","type":"page","link":"https:\/\/www.tempsdepause.ch\/folio\/mammifere\/","title":{"rendered":"Mammif\u00e8res"},"content":{"rendered":"<h2>Mammals Mammif\u00e8res S\u00e4ugetiere Mammiferi <\/h2>\n<div class=\"one_third gallery3 \">\n<img decoding=\"async\" src=\"http:\/\/www.tempsdepause.ch\/folio\/wp-content\/uploads\/2015\/05\/JeanDa2014060102299-293x219.jpg\" alt=\"\"  class=\"one_third_img\"\/><\/p>\n<div class=\"mask\">\n<a href=\"http:\/\/www.tempsdepause.ch\/folio\/boeuf-musque\/\"><\/p>\n<h5>Boeuf musqu\u00e9<\/h5>\n<p><span class=\"button\">Les images<\/span><br \/>\n<\/a>\n<\/div>\n<\/div>\n<div class=\"one_third gallery3 \">\n<img decoding=\"async\" src=\"http:\/\/www.tempsdepause.ch\/folio\/wp-content\/uploads\/2015\/05\/JeanDa2014120905762-293x219.jpg\" alt=\"\" class=\"one_third_img\"\/><\/p>\n<div class=\"mask\">\n<a href=\"http:\/\/www.tempsdepause.ch\/folio\/bouquetin\/\"><\/p>\n<h5>Bouquetin<\/h5>\n<p><span class=\"button\">Les images<\/span><br \/>\n<\/a>\n<\/div>\n<\/div>\n<div class=\"one_third gallery3 \">\n<img decoding=\"async\" src=\"http:\/\/www.tempsdepause.ch\/folio\/wp-content\/uploads\/2015\/05\/JeanDa2012011200081-293x219.jpg\" alt=\"\" class=\"one_third_img\"\/><\/p>\n<div class=\"mask\">\n<a href=\"http:\/\/www.tempsdepause.ch\/folio\/loups\/\"><\/p>\n<h5>Loups<\/h5>\n<p><span class=\"button\">Les images<\/span><br \/>\n<\/a>\n<\/div>\n<\/div>\n<div class=\"one_third gallery3 \">\n<img decoding=\"async\" src=\"http:\/\/\/www.tempsdepause.ch\/folio\/wp-content\/uploads\/2015\/05\/JeanDa2005032100643-293x219.jpg\" alt=\"\" class=\"one_third_img\"\/><\/p>\n<div class=\"mask\">\n<a href=\"http:\/\/www.tempsdepause.ch\/folio\/ours\/\"><\/p>\n<h5>Ours brun<\/h5>\n<p><span class=\"button\">Les images<\/span><br \/>\n<\/a>\n<\/div>\n<\/div>\n<div class=\"one_third gallery3 \">\n<img decoding=\"async\" src=\"http:\/\/www.tempsdepause.ch\/folio\/wp-content\/uploads\/2015\/05\/JeanDa20150624005493.jpg\" alt=\"\" class=\"one_third_img\"\/><\/p>\n<div class=\"mask\">\n<a href=\"http:\/\/www.tempsdepause.ch\/folio\/marmottes\/\"><\/p>\n<h5>Marmottes<\/h5>\n<p><span class=\"button\">Les images<\/span><br \/>\n<\/a>\n<\/div>\n<\/div>\n","protected":false},"excerpt":{"rendered":"<p>Mammals Mammif\u00e8res S\u00e4ugetiere Mammiferi Boeuf musqu\u00e9 Les images Bouquetin Les images Loups Les images Ours brun Les images Marmottes Les images<\/p>\n","protected":false},"author":1,"featured_media":1084,"parent":0,"menu_order":0,"comment_status":"closed","ping_status":"closed","template":"page_f.php","meta":{"footnotes":""},"class_list":["post-1285","page","type-page","status-publish","has-post-thumbnail","hentry"],"aioseo_notices":[],"_links":{"self":[{"href":"https:\/\/www.tempsdepause.ch\/folio\/wp-json\/wp\/v2\/pages\/1285","targetHints":{"allow":["GET"]}}],"collection":[{"href":"https:\/\/www.tempsdepause.ch\/folio\/wp-json\/wp\/v2\/pages"}],"about":[{"href":"https:\/\/www.tempsdepause.ch\/folio\/wp-json\/wp\/v2\/types\/page"}],"author":[{"embeddable":true,"href":"https:\/\/www.tempsdepause.ch\/folio\/wp-json\/wp\/v2\/users\/1"}],"replies":[{"embeddable":true,"href":"https:\/\/www.tempsdepause.ch\/folio\/wp-json\/wp\/v2\/comments?post=1285"}],"version-history":[{"count":0,"href":"https:\/\/www.tempsdepause.ch\/folio\/wp-json\/wp\/v2\/pages\/1285\/revisions"}],"wp:featuredmedia":[{"embeddable":true,"href":"https:\/\/www.tempsdepause.ch\/folio\/wp-json\/wp\/v2\/media\/1084"}],"wp:attachment":[{"href":"https:\/\/www.tempsdepause.ch\/folio\/wp-json\/wp\/v2\/media?parent=1285"}],"curies":[{"name":"wp","href":"https:\/\/api.w.org\/{rel}","templated":true}]}}