{"id":1216,"date":"2015-05-27T19:23:16","date_gmt":"2015-05-27T19:23:16","guid":{"rendered":"http:\/\/www.tempsdepause.ch\/folio\/?page_id=1216"},"modified":"2019-10-04T15:25:54","modified_gmt":"2019-10-04T15:25:54","slug":"chouette-de-tangmalm","status":"publish","type":"page","link":"https:\/\/www.tempsdepause.ch\/folio\/chouette-de-tangmalm\/","title":{"rendered":"Chouette de Tangmalm"},"content":{"rendered":"\t\t<div data-elementor-type=\"wp-page\" data-elementor-id=\"1216\" class=\"elementor elementor-1216\">\n\t\t\t\t\t\t<section class=\"elementor-section elementor-top-section elementor-element elementor-element-30e71f76 elementor-section-boxed elementor-section-height-default elementor-section-height-default\" data-id=\"30e71f76\" data-element_type=\"section\" data-e-type=\"section\">\n\t\t\t\t\t\t<div class=\"elementor-container elementor-column-gap-default\">\n\t\t\t\t\t<div class=\"elementor-column elementor-col-100 elementor-top-column elementor-element elementor-element-647f42d6\" data-id=\"647f42d6\" data-element_type=\"column\" data-e-type=\"column\">\n\t\t\t<div class=\"elementor-widget-wrap elementor-element-populated\">\n\t\t\t\t\t\t<div class=\"elementor-element elementor-element-4849bafe elementor-widget elementor-widget-text-editor\" data-id=\"4849bafe\" data-element_type=\"widget\" data-e-type=\"widget\" data-widget_type=\"text-editor.default\">\n\t\t\t\t<div class=\"elementor-widget-container\">\n\t\t\t\t\t\t\t\t\t<h2>Chouette de Tangmalm &#8211;&nbsp;<i>Aegolius funereus<\/i>&nbsp;&#8211; Boreal Owl<\/h2>\nIndiff\u00e9rente au froid polaire des nuits d&rsquo;hiver, la Chouette de Tengmalm semble \u00eatre la seule \u00e2me qui vive au coeur de la for\u00eat engourdie, d&rsquo;o\u00f9 elle \u00e9gr\u00e8ne des s\u00e9ries de notes monotones de fl\u00fbte douce, \u00e9voquant \u00e0 distance la chute de gouttes d&rsquo;eau. Relique de l&rsquo;\u00e9poque glaciaire, elle est chez nous une montagnarde, adepte des climats aust\u00e8res aux hivers rudes et prolong\u00e9s.\n\n<a href=\"http:\/\/www.vogelwarte.ch\/fr\/oiseaux\/les-oiseaux-de-suisse\/chouette-de-tengmalm.html\" target=\"_blank\" rel=\"noopener noreferrer\">www.vogelwarte.ch<\/a>\t\t\t\t\t\t\t\t<\/div>\n\t\t\t\t<\/div>\n\t\t\t\t\t<\/div>\n\t\t<\/div>\n\t\t\t\t\t<\/div>\n\t\t<\/section>\n\t\t\t\t<section class=\"elementor-section elementor-top-section elementor-element elementor-element-13ae189 elementor-section-boxed elementor-section-height-default elementor-section-height-default\" data-id=\"13ae189\" data-element_type=\"section\" data-e-type=\"section\">\n\t\t\t\t\t\t<div class=\"elementor-container elementor-column-gap-default\">\n\t\t\t\t\t<div class=\"elementor-column elementor-col-100 elementor-top-column elementor-element elementor-element-39f5d94\" data-id=\"39f5d94\" data-element_type=\"column\" data-e-type=\"column\">\n\t\t\t<div class=\"elementor-widget-wrap elementor-element-populated\">\n\t\t\t\t\t\t<div class=\"elementor-element elementor-element-db564bc elementor-widget elementor-widget-image-gallery\" data-id=\"db564bc\" data-element_type=\"widget\" data-e-type=\"widget\" data-widget_type=\"image-gallery.default\">\n\t\t\t\t<div class=\"elementor-widget-container\">\n\t\t\t\t\t\t\t<div class=\"elementor-image-gallery\">\n\t\t\t<div id='gallery-1' class='gallery galleryid-1216 gallery-columns-4 gallery-size-thumbnail'><figure class='gallery-item'>\n\t\t\t<div class='gallery-icon landscape'>\n\t\t\t\t<a data-elementor-open-lightbox=\"yes\" data-elementor-lightbox-slideshow=\"db564bc\" data-elementor-lightbox-title=\"Chouette de Tangmalm\" data-e-action-hash=\"#elementor-action%3Aaction%3Dlightbox%26settings%3DeyJpZCI6MTIxNSwidXJsIjoiaHR0cHM6XC9cL3d3dy50ZW1wc2RlcGF1c2UuY2hcL2ZvbGlvXC93cC1jb250ZW50XC91cGxvYWRzXC8yMDE1XC8wNVwvSmVhbkRhMjAxNTA1MDYwMDM2NzIxLmpwZyIsInNsaWRlc2hvdyI6ImRiNTY0YmMifQ%3D%3D\" href='https:\/\/www.tempsdepause.ch\/folio\/wp-content\/uploads\/2015\/05\/JeanDa201505060036721.jpg'><img decoding=\"async\" width=\"150\" height=\"150\" src=\"https:\/\/www.tempsdepause.ch\/folio\/wp-content\/uploads\/2015\/05\/JeanDa201505060036721-150x150.jpg\" class=\"attachment-thumbnail size-thumbnail\" alt=\"\" srcset=\"https:\/\/www.tempsdepause.ch\/folio\/wp-content\/uploads\/2015\/05\/JeanDa201505060036721-150x150.jpg 150w, https:\/\/www.tempsdepause.ch\/folio\/wp-content\/uploads\/2015\/05\/JeanDa201505060036721-174x174.jpg 174w, https:\/\/www.tempsdepause.ch\/folio\/wp-content\/uploads\/2015\/05\/JeanDa201505060036721-520x520.jpg 520w, https:\/\/www.tempsdepause.ch\/folio\/wp-content\/uploads\/2015\/05\/JeanDa201505060036721-109x109.jpg 109w, https:\/\/www.tempsdepause.ch\/folio\/wp-content\/uploads\/2015\/05\/JeanDa201505060036721-100x100.jpg 100w\" sizes=\"(max-width: 150px) 100vw, 150px\" \/><\/a>\n\t\t\t<\/div><\/figure><figure class='gallery-item'>\n\t\t\t<div class='gallery-icon landscape'>\n\t\t\t\t<a data-elementor-open-lightbox=\"yes\" data-elementor-lightbox-slideshow=\"db564bc\" data-elementor-lightbox-title=\"--Est de Kuusamo sur la fronti\u008fre Russe\" data-e-action-hash=\"#elementor-action%3Aaction%3Dlightbox%26settings%3DeyJpZCI6MTIxNCwidXJsIjoiaHR0cHM6XC9cL3d3dy50ZW1wc2RlcGF1c2UuY2hcL2ZvbGlvXC93cC1jb250ZW50XC91cGxvYWRzXC8yMDE1XC8wNVwvSmVhbkRhMjAxNTA1MDYwMDM2NjYuanBnIiwic2xpZGVzaG93IjoiZGI1NjRiYyJ9\" href='https:\/\/www.tempsdepause.ch\/folio\/wp-content\/uploads\/2015\/05\/JeanDa20150506003666.jpg'><img decoding=\"async\" width=\"150\" height=\"150\" src=\"https:\/\/www.tempsdepause.ch\/folio\/wp-content\/uploads\/2015\/05\/JeanDa20150506003666-150x150.jpg\" class=\"attachment-thumbnail size-thumbnail\" alt=\"\" aria-describedby=\"gallery-1-1214\" srcset=\"https:\/\/www.tempsdepause.ch\/folio\/wp-content\/uploads\/2015\/05\/JeanDa20150506003666-150x150.jpg 150w, https:\/\/www.tempsdepause.ch\/folio\/wp-content\/uploads\/2015\/05\/JeanDa20150506003666-174x174.jpg 174w, https:\/\/www.tempsdepause.ch\/folio\/wp-content\/uploads\/2015\/05\/JeanDa20150506003666-520x520.jpg 520w, https:\/\/www.tempsdepause.ch\/folio\/wp-content\/uploads\/2015\/05\/JeanDa20150506003666-109x109.jpg 109w, https:\/\/www.tempsdepause.ch\/folio\/wp-content\/uploads\/2015\/05\/JeanDa20150506003666-100x100.jpg 100w\" sizes=\"(max-width: 150px) 100vw, 150px\" \/><\/a>\n\t\t\t<\/div>\n\t\t\t\t<figcaption class='wp-caption-text gallery-caption' id='gallery-1-1214'>\n\t\t\t\t&#8212;\nEst de Kuusamo sur la fronti\u008fre Russe\n\t\t\t\t<\/figcaption><\/figure><figure class='gallery-item'>\n\t\t\t<div class='gallery-icon landscape'>\n\t\t\t\t<a data-elementor-open-lightbox=\"yes\" data-elementor-lightbox-slideshow=\"db564bc\" data-elementor-lightbox-title=\"--Est de Kuusamo sur la fronti\u008fre Russe\" data-e-action-hash=\"#elementor-action%3Aaction%3Dlightbox%26settings%3DeyJpZCI6MTIxMywidXJsIjoiaHR0cHM6XC9cL3d3dy50ZW1wc2RlcGF1c2UuY2hcL2ZvbGlvXC93cC1jb250ZW50XC91cGxvYWRzXC8yMDE1XC8wNVwvSmVhbkRhMjAxNTA1MDYwMDM2NTguanBnIiwic2xpZGVzaG93IjoiZGI1NjRiYyJ9\" href='https:\/\/www.tempsdepause.ch\/folio\/wp-content\/uploads\/2015\/05\/JeanDa20150506003658.jpg'><img decoding=\"async\" width=\"150\" height=\"150\" src=\"https:\/\/www.tempsdepause.ch\/folio\/wp-content\/uploads\/2015\/05\/JeanDa20150506003658-150x150.jpg\" class=\"attachment-thumbnail size-thumbnail\" alt=\"\" aria-describedby=\"gallery-1-1213\" srcset=\"https:\/\/www.tempsdepause.ch\/folio\/wp-content\/uploads\/2015\/05\/JeanDa20150506003658-150x150.jpg 150w, https:\/\/www.tempsdepause.ch\/folio\/wp-content\/uploads\/2015\/05\/JeanDa20150506003658-174x174.jpg 174w, https:\/\/www.tempsdepause.ch\/folio\/wp-content\/uploads\/2015\/05\/JeanDa20150506003658-520x520.jpg 520w, https:\/\/www.tempsdepause.ch\/folio\/wp-content\/uploads\/2015\/05\/JeanDa20150506003658-109x109.jpg 109w, https:\/\/www.tempsdepause.ch\/folio\/wp-content\/uploads\/2015\/05\/JeanDa20150506003658-100x100.jpg 100w\" sizes=\"(max-width: 150px) 100vw, 150px\" \/><\/a>\n\t\t\t<\/div>\n\t\t\t\t<figcaption class='wp-caption-text gallery-caption' id='gallery-1-1213'>\n\t\t\t\t&#8212;\nEst de Kuusamo sur la fronti\u008fre Russe\n\t\t\t\t<\/figcaption><\/figure><figure class='gallery-item'>\n\t\t\t<div class='gallery-icon landscape'>\n\t\t\t\t<a data-elementor-open-lightbox=\"yes\" data-elementor-lightbox-slideshow=\"db564bc\" data-elementor-lightbox-title=\"--Est de Kuusamo sur la fronti\u008fre Russe\" data-e-action-hash=\"#elementor-action%3Aaction%3Dlightbox%26settings%3DeyJpZCI6MTIxMiwidXJsIjoiaHR0cHM6XC9cL3d3dy50ZW1wc2RlcGF1c2UuY2hcL2ZvbGlvXC93cC1jb250ZW50XC91cGxvYWRzXC8yMDE1XC8wNVwvSmVhbkRhMjAxNTA1MDYwMDM2NTQuanBnIiwic2xpZGVzaG93IjoiZGI1NjRiYyJ9\" href='https:\/\/www.tempsdepause.ch\/folio\/wp-content\/uploads\/2015\/05\/JeanDa20150506003654.jpg'><img loading=\"lazy\" decoding=\"async\" width=\"150\" height=\"150\" src=\"https:\/\/www.tempsdepause.ch\/folio\/wp-content\/uploads\/2015\/05\/JeanDa20150506003654-150x150.jpg\" class=\"attachment-thumbnail size-thumbnail\" alt=\"\" aria-describedby=\"gallery-1-1212\" srcset=\"https:\/\/www.tempsdepause.ch\/folio\/wp-content\/uploads\/2015\/05\/JeanDa20150506003654-150x150.jpg 150w, https:\/\/www.tempsdepause.ch\/folio\/wp-content\/uploads\/2015\/05\/JeanDa20150506003654-174x174.jpg 174w, https:\/\/www.tempsdepause.ch\/folio\/wp-content\/uploads\/2015\/05\/JeanDa20150506003654-520x520.jpg 520w, https:\/\/www.tempsdepause.ch\/folio\/wp-content\/uploads\/2015\/05\/JeanDa20150506003654-109x109.jpg 109w, https:\/\/www.tempsdepause.ch\/folio\/wp-content\/uploads\/2015\/05\/JeanDa20150506003654-100x100.jpg 100w\" sizes=\"(max-width: 150px) 100vw, 150px\" \/><\/a>\n\t\t\t<\/div>\n\t\t\t\t<figcaption class='wp-caption-text gallery-caption' id='gallery-1-1212'>\n\t\t\t\t&#8212;\nEst de Kuusamo sur la fronti\u008fre Russe\n\t\t\t\t<\/figcaption><\/figure><figure class='gallery-item'>\n\t\t\t<div class='gallery-icon landscape'>\n\t\t\t\t<a data-elementor-open-lightbox=\"yes\" data-elementor-lightbox-slideshow=\"db564bc\" data-elementor-lightbox-title=\"--Est de Kuusamo sur la fronti\u008fre Russe\" data-e-action-hash=\"#elementor-action%3Aaction%3Dlightbox%26settings%3DeyJpZCI6MTIxMSwidXJsIjoiaHR0cHM6XC9cL3d3dy50ZW1wc2RlcGF1c2UuY2hcL2ZvbGlvXC93cC1jb250ZW50XC91cGxvYWRzXC8yMDE1XC8wNVwvSmVhbkRhMjAxNTA1MDYwMDM2NDQuanBnIiwic2xpZGVzaG93IjoiZGI1NjRiYyJ9\" href='https:\/\/www.tempsdepause.ch\/folio\/wp-content\/uploads\/2015\/05\/JeanDa20150506003644.jpg'><img loading=\"lazy\" decoding=\"async\" width=\"150\" height=\"150\" src=\"https:\/\/www.tempsdepause.ch\/folio\/wp-content\/uploads\/2015\/05\/JeanDa20150506003644-150x150.jpg\" class=\"attachment-thumbnail size-thumbnail\" alt=\"\" aria-describedby=\"gallery-1-1211\" srcset=\"https:\/\/www.tempsdepause.ch\/folio\/wp-content\/uploads\/2015\/05\/JeanDa20150506003644-150x150.jpg 150w, https:\/\/www.tempsdepause.ch\/folio\/wp-content\/uploads\/2015\/05\/JeanDa20150506003644-174x174.jpg 174w, https:\/\/www.tempsdepause.ch\/folio\/wp-content\/uploads\/2015\/05\/JeanDa20150506003644-520x520.jpg 520w, https:\/\/www.tempsdepause.ch\/folio\/wp-content\/uploads\/2015\/05\/JeanDa20150506003644-109x109.jpg 109w, https:\/\/www.tempsdepause.ch\/folio\/wp-content\/uploads\/2015\/05\/JeanDa20150506003644-100x100.jpg 100w\" sizes=\"(max-width: 150px) 100vw, 150px\" \/><\/a>\n\t\t\t<\/div>\n\t\t\t\t<figcaption class='wp-caption-text gallery-caption' id='gallery-1-1211'>\n\t\t\t\t&#8212;\nEst de Kuusamo sur la fronti\u008fre Russe\n\t\t\t\t<\/figcaption><\/figure><figure class='gallery-item'>\n\t\t\t<div class='gallery-icon landscape'>\n\t\t\t\t<a data-elementor-open-lightbox=\"yes\" data-elementor-lightbox-slideshow=\"db564bc\" data-elementor-lightbox-title=\"--Est de Kuusamo sur la fronti\u008fre Russe\" data-e-action-hash=\"#elementor-action%3Aaction%3Dlightbox%26settings%3DeyJpZCI6MTIxMCwidXJsIjoiaHR0cHM6XC9cL3d3dy50ZW1wc2RlcGF1c2UuY2hcL2ZvbGlvXC93cC1jb250ZW50XC91cGxvYWRzXC8yMDE1XC8wNVwvSmVhbkRhMjAxNTA1MDYwMDM2MzYuanBnIiwic2xpZGVzaG93IjoiZGI1NjRiYyJ9\" href='https:\/\/www.tempsdepause.ch\/folio\/wp-content\/uploads\/2015\/05\/JeanDa20150506003636.jpg'><img loading=\"lazy\" decoding=\"async\" width=\"150\" height=\"150\" src=\"https:\/\/www.tempsdepause.ch\/folio\/wp-content\/uploads\/2015\/05\/JeanDa20150506003636-150x150.jpg\" class=\"attachment-thumbnail size-thumbnail\" alt=\"\" aria-describedby=\"gallery-1-1210\" srcset=\"https:\/\/www.tempsdepause.ch\/folio\/wp-content\/uploads\/2015\/05\/JeanDa20150506003636-150x150.jpg 150w, https:\/\/www.tempsdepause.ch\/folio\/wp-content\/uploads\/2015\/05\/JeanDa20150506003636-174x174.jpg 174w, https:\/\/www.tempsdepause.ch\/folio\/wp-content\/uploads\/2015\/05\/JeanDa20150506003636-520x520.jpg 520w, https:\/\/www.tempsdepause.ch\/folio\/wp-content\/uploads\/2015\/05\/JeanDa20150506003636-109x109.jpg 109w, https:\/\/www.tempsdepause.ch\/folio\/wp-content\/uploads\/2015\/05\/JeanDa20150506003636-100x100.jpg 100w\" sizes=\"(max-width: 150px) 100vw, 150px\" \/><\/a>\n\t\t\t<\/div>\n\t\t\t\t<figcaption class='wp-caption-text gallery-caption' id='gallery-1-1210'>\n\t\t\t\t&#8212;\nEst de Kuusamo sur la fronti\u008fre Russe\n\t\t\t\t<\/figcaption><\/figure>\n\t\t<\/div>\n\t\t<\/div>\n\t\t\t\t\t\t<\/div>\n\t\t\t\t<\/div>\n\t\t\t\t\t<\/div>\n\t\t<\/div>\n\t\t\t\t\t<\/div>\n\t\t<\/section>\n\t\t\t\t<\/div>\n\t\t","protected":false},"excerpt":{"rendered":"<p>Chouette de Tangmalm &#8211;&nbsp;Aegolius funereus&nbsp;&#8211; Boreal Owl Indiff\u00e9rente au froid polaire des nuits d&rsquo;hiver, la Chouette de Tengmalm semble \u00eatre la seule \u00e2me qui vive au coeur de la for\u00eat engourdie, d&rsquo;o\u00f9 elle \u00e9gr\u00e8ne des s\u00e9ries de notes monotones de fl\u00fbte douce, \u00e9voquant \u00e0 distance la chute de gouttes d&rsquo;eau. Relique de l&rsquo;\u00e9poque glaciaire, elle est chez nous une montagnarde, adepte des climats aust\u00e8res aux hivers rudes et prolong\u00e9s. www.vogelwarte.ch &#8212; Est de Kuusamo sur la fronti\u008fre Russe &#8212; Est [&hellip;]<\/p>\n","protected":false},"author":1,"featured_media":1217,"parent":0,"menu_order":0,"comment_status":"closed","ping_status":"closed","template":"","meta":{"footnotes":""},"class_list":["post-1216","page","type-page","status-publish","has-post-thumbnail","hentry"],"aioseo_notices":[],"_links":{"self":[{"href":"https:\/\/www.tempsdepause.ch\/folio\/wp-json\/wp\/v2\/pages\/1216","targetHints":{"allow":["GET"]}}],"collection":[{"href":"https:\/\/www.tempsdepause.ch\/folio\/wp-json\/wp\/v2\/pages"}],"about":[{"href":"https:\/\/www.tempsdepause.ch\/folio\/wp-json\/wp\/v2\/types\/page"}],"author":[{"embeddable":true,"href":"https:\/\/www.tempsdepause.ch\/folio\/wp-json\/wp\/v2\/users\/1"}],"replies":[{"embeddable":true,"href":"https:\/\/www.tempsdepause.ch\/folio\/wp-json\/wp\/v2\/comments?post=1216"}],"version-history":[{"count":0,"href":"https:\/\/www.tempsdepause.ch\/folio\/wp-json\/wp\/v2\/pages\/1216\/revisions"}],"wp:featuredmedia":[{"embeddable":true,"href":"https:\/\/www.tempsdepause.ch\/folio\/wp-json\/wp\/v2\/media\/1217"}],"wp:attachment":[{"href":"https:\/\/www.tempsdepause.ch\/folio\/wp-json\/wp\/v2\/media?parent=1216"}],"curies":[{"name":"wp","href":"https:\/\/api.w.org\/{rel}","templated":true}]}}